{"id":23356,"date":"2025-04-10T12:05:10","date_gmt":"2025-04-10T10:05:10","guid":{"rendered":"https:\/\/myspainfood.com\/producto\/dressing-czosnkowy-chicon-900-gr\/"},"modified":"2025-04-10T12:05:10","modified_gmt":"2025-04-10T10:05:10","slug":"dressing-czosnkowy-chicon-900-gr","status":"publish","type":"product","link":"https:\/\/myspainfood.com\/pl\/producto\/dressing-czosnkowy-chicon-900-gr\/","title":{"rendered":"Dressing czosnkowy Chic\u00f3n 900 gr"},"content":{"rendered":"<p><strong>Czosnek<\/strong>, obrany, przetworzony i peklowany w celu z\u0142agodzenia jego naturalnego smaku przy jednoczesnym zachowaniu jego pocz\u0105tkowych w\u0142a\u015bciwo\u015bci.<\/p>\n<p>Przyprawiony czosnek to przysmak dla podniebienia, zar\u00f3wno jako przystawka, jak i dodatek do Pa\u0144stwa najlepszych da\u0144.<\/p>\n<h3><strong>Zalety <a href=\"https:\/\/aceitunaschiconlebron.com\/catalogo\/ajos-en-aceite\/\" target=\"_blank\" rel=\"noopener noreferrer nofollow\">sosu<\/a> czosnkowego<\/strong><\/h3>\n<p>Czy wiedz\u0105 Pa\u0144stwo, jakie s\u0105 g\u0142\u00f3wne zalety czosnku w oleju jako marynaty? C\u00f3\u017c, opr\u00f3cz wielu innych w\u0142a\u015bciwo\u015bci, s\u0105 one bogate w probiotyki, wzmacniaj\u0105 uk\u0142ad odporno\u015bciowy, a nawet wspomagaj\u0105 trawienie. <\/p>\n<p>Pikle przesz\u0142y od staro\u017cytnej techniki konserwowania \u017cywno\u015bci na ca\u0142ym \u015bwiecie do jednej z najbardziej cenionych tapas lub przek\u0105sek w hiszpa\u0144skiej gastronomii. Opr\u00f3cz naszego pysznego <strong>czosnku w oleju<\/strong>, w naszym katalogu online znajd\u0105 Pa\u0144stwo inne rodzaje pikli, takie jak kapary, s\u0142odkie banderille lub pikantne banderille. <\/p>\n<h3><strong>W\u0142a\u015bciwo\u015bci Marynowany czosnek<\/strong><\/h3>\n<p>Ma <strong>w\u0142a\u015bciwo\u015bci antybiotyczne<\/strong>. Olejek czosnkowy zabija szerok\u0105 gam\u0119 drobnoustroj\u00f3w, takich jak wirusy, bakterie, grzyby i paso\u017cyty. <\/p>\n<p>Zapewnia <strong>dzia\u0142anie zmniejszaj\u0105ce przekrwienie<\/strong>, jest \u017ar\u00f3d\u0142em witaminy C, enzym\u00f3w i minera\u0142\u00f3w, kt\u00f3re pomagaj\u0105 wzmocni\u0107 obron\u0119 i odporno\u015b\u0107 organizmu.<\/p>\n<p><strong>Czosnek w oleju chroni nasze serce<\/strong> przed problemami sercowo-naczyniowymi, takimi jak zawa\u0142 serca i mia\u017cd\u017cyca.<\/p>\n<p>Inn\u0105 <strong>w\u0142a\u015bciwo\u015bci\u0105 marynowanego czosnku<\/strong> jest to, \u017ce obni\u017ca on poziom cholesterolu, poniewa\u017c ma zdolno\u015b\u0107 do umiarkowanego obni\u017cania poziomu tr\u00f3jgliceryd\u00f3w i cholesterolu ca\u0142kowitego we krwi, co mo\u017ce zmniejszy\u0107 blaszk\u0119 mia\u017cd\u017cycow\u0105.<\/p>\n<p>Kr\u00f3tko m\u00f3wi\u0105c, czosnek w oleju lub czosnek <a href=\"https:\/\/latiendadesami.com\/categoria-producto\/encurtidos\/\" target=\"_blank\" rel=\"noopener noreferrer nofollow\">marynowany<\/a> ma wiele w\u0142a\u015bciwo\u015bci i korzy\u015bci dla ludzkiego zdrowia.<\/p>\n","protected":false},"excerpt":{"rendered":"<p>Czosnek, obrany, przetworzony i peklowany w celu z\u0142agodzenia jego naturalnego smaku przy jednoczesnym zachowaniu jego pocz\u0105tkowych w\u0142a\u015bciwo\u015bci. Przyprawiony czosnek to przysmak dla podniebienia, zar\u00f3wno jako przystawka, jak i dodatek do Pa\u0144stwa najlepszych da\u0144. Zalety sosu czosnkowego Czy wiedz\u0105 Pa\u0144stwo, jakie s\u0105 g\u0142\u00f3wne zalety czosnku w oleju jako marynaty? C\u00f3\u017c, opr\u00f3cz wielu innych w\u0142a\u015bciwo\u015bci, s\u0105 one [&hellip;]<\/p>\n","protected":false},"featured_media":7267,"template":"","meta":{"_et_pb_use_builder":"","_et_pb_old_content":"","_et_gb_content_width":""},"product_brand":[1036],"product_cat":[4174,1566],"product_tag":[4175,4199],"class_list":{"0":"post-23356","1":"product","2":"type-product","3":"status-publish","4":"has-post-thumbnail","6":"product_brand-chicon","7":"product_cat-czosnek","8":"product_cat-pikle","9":"product_tag-czosnek","10":"product_tag-doprawiony","12":"first","13":"instock","14":"taxable","15":"shipping-taxable","16":"purchasable","17":"product-type-variable"},"_links":{"self":[{"href":"https:\/\/myspainfood.com\/pl\/wp-json\/wp\/v2\/product\/23356","targetHints":{"allow":["GET"]}}],"collection":[{"href":"https:\/\/myspainfood.com\/pl\/wp-json\/wp\/v2\/product"}],"about":[{"href":"https:\/\/myspainfood.com\/pl\/wp-json\/wp\/v2\/types\/product"}],"wp:featuredmedia":[{"embeddable":true,"href":"https:\/\/myspainfood.com\/pl\/wp-json\/wp\/v2\/media\/7267"}],"wp:attachment":[{"href":"https:\/\/myspainfood.com\/pl\/wp-json\/wp\/v2\/media?parent=23356"}],"wp:term":[{"taxonomy":"product_brand","embeddable":true,"href":"https:\/\/myspainfood.com\/pl\/wp-json\/wp\/v2\/product_brand?post=23356"},{"taxonomy":"product_cat","embeddable":true,"href":"https:\/\/myspainfood.com\/pl\/wp-json\/wp\/v2\/product_cat?post=23356"},{"taxonomy":"product_tag","embeddable":true,"href":"https:\/\/myspainfood.com\/pl\/wp-json\/wp\/v2\/product_tag?post=23356"}],"curies":[{"name":"wp","href":"https:\/\/api.w.org\/{rel}","templated":true}]}}