{"id":25127,"date":"2025-04-10T12:05:46","date_gmt":"2025-04-10T10:05:46","guid":{"rendered":"https:\/\/myspainfood.com\/producto\/korniszony-nadziewane-anchois-2-kg-nie\/"},"modified":"2025-08-28T12:24:53","modified_gmt":"2025-08-28T10:24:53","slug":"korniszony-nadziewane-anchois-2-kg-nie","status":"publish","type":"product","link":"https:\/\/myspainfood.com\/pl\/producto\/korniszony-nadziewane-anchois-2-kg-nie\/","title":{"rendered":"Korniszony nadziewane anchois 2 kg nie"},"content":{"rendered":"<p>Korniszon nadziewany anchois 2kg - Og\u00f3rek, anchois, cebula, oliwki, pieprz, s\u00f3l. Do spo\u017cycia jako <a href=\"https:\/\/www.google.com\/search?q=pepinillos+rellenos+de+anchoa&amp;sxsrf=APq-WBt_i-Tka1Uv3POveVZqwLAkAbPIVg:1644316240904&amp;source=lnms&amp;tbm=isch&amp;sa=X&amp;ved=2ahUKEwj7or-r8-_1AhXO57sIHTYYAU0Q_AUoAXoECAEQAw&amp;biw=1577&amp;bih=780&amp;dpr=1\" target=\"_blank\" rel=\"noopener noreferrer nofollow\">przystawka<\/a>. <\/p>\n<p>Mieszanka smak\u00f3w dostarczanych przez sk\u0142adniki wraz z odrobin\u0105 octu nadaje mu wyj\u0105tkowy smak, kt\u00f3ry jest bardzo przyjemny dla podniebienia.<\/p>\n<p>Pikle s\u0105 przek\u0105sk\u0105, kt\u00f3ra wzmacnia uk\u0142ad odporno\u015bciowy, co oznacza, \u017ce wspieraj\u0105 one obron\u0119 organizmu i og\u00f3lny stan zdrowia.<\/p>\n<h3><strong>Zalety korniszon\u00f3w nadziewanych sardel\u0105 2 kg<\/strong><\/h3>\n<p>Czy znaj\u0105 Pa\u0144stwo og\u00f3lne zalety pikli? Oto lista najwa\u017cniejszych z nich: <\/p>\n<ul>\n<li>Bogaty w probiotyki.<\/li>\n<li>Wspomagaj\u0105 trawienie.<\/li>\n<li>Wzmacniaj\u0105 uk\u0142ad odporno\u015bciowy.<\/li>\n<li>Zmniejszaj\u0105 apetyt na cukier.<\/li>\n<li>Korzystny dla p\u0119cherzyka \u017c\u00f3\u0142ciowego.<\/li>\n<\/ul>\n<p>Je\u015bli chc\u0105 Pa\u0144stwo kupi\u0107 oliwki lub inny rodzaj <a href=\"https:\/\/latiendadesami.com\/categoria-producto\/encurtidos\/\" rel=\"noopener noreferrer nofollow\" target=\"_blank\">pikli<\/a>, zapraszamy do zapoznania si\u0119 z naszym katalogiem online, aby zobaczy\u0107 szerok\u0105 gam\u0119 oferowanych przez nas <a href=\"https:\/\/latiendadesami.com\/categoria-producto\/encurtidos\/pepinillos\/\" target=\"_blank\" rel=\"noopener noreferrer nofollow\">pikli<\/a>.<\/p>\n","protected":false},"excerpt":{"rendered":"<p>Korniszon nadziewany anchois 2kg - Og\u00f3rek, anchois, cebula, oliwki, pieprz, s\u00f3l. Do spo\u017cycia jako przystawka. Mieszanka smak\u00f3w dostarczanych przez sk\u0142adniki wraz z odrobin\u0105 octu nadaje mu wyj\u0105tkowy smak, kt\u00f3ry jest bardzo przyjemny dla podniebienia. Pikle s\u0105 przek\u0105sk\u0105, kt\u00f3ra wzmacnia uk\u0142ad odporno\u015bciowy, co oznacza, \u017ce wspieraj\u0105 one obron\u0119 organizmu i og\u00f3lny stan zdrowia. Zalety korniszon\u00f3w nadziewanych [&hellip;]<\/p>\n","protected":false},"featured_media":7798,"template":"","meta":{"_et_pb_use_builder":"","_et_pb_old_content":"","_et_gb_content_width":""},"product_brand":[1069],"product_cat":[2003,1566,1836],"product_tag":[2031,4955],"class_list":{"0":"post-25127","1":"product","2":"type-product","3":"status-publish","4":"has-post-thumbnail","6":"product_brand-sangar","7":"product_cat-korniszony","8":"product_cat-pikle","9":"product_cat-zimno","10":"product_tag-korniszon","11":"product_tag-sardela","12":"product_shipping_class-wysylka-na-zimno","14":"first","15":"instock","16":"taxable","17":"shipping-taxable","18":"purchasable","19":"product-type-simple"},"_links":{"self":[{"href":"https:\/\/myspainfood.com\/pl\/wp-json\/wp\/v2\/product\/25127","targetHints":{"allow":["GET"]}}],"collection":[{"href":"https:\/\/myspainfood.com\/pl\/wp-json\/wp\/v2\/product"}],"about":[{"href":"https:\/\/myspainfood.com\/pl\/wp-json\/wp\/v2\/types\/product"}],"wp:featuredmedia":[{"embeddable":true,"href":"https:\/\/myspainfood.com\/pl\/wp-json\/wp\/v2\/media\/7798"}],"wp:attachment":[{"href":"https:\/\/myspainfood.com\/pl\/wp-json\/wp\/v2\/media?parent=25127"}],"wp:term":[{"taxonomy":"product_brand","embeddable":true,"href":"https:\/\/myspainfood.com\/pl\/wp-json\/wp\/v2\/product_brand?post=25127"},{"taxonomy":"product_cat","embeddable":true,"href":"https:\/\/myspainfood.com\/pl\/wp-json\/wp\/v2\/product_cat?post=25127"},{"taxonomy":"product_tag","embeddable":true,"href":"https:\/\/myspainfood.com\/pl\/wp-json\/wp\/v2\/product_tag?post=25127"}],"curies":[{"name":"wp","href":"https:\/\/api.w.org\/{rel}","templated":true}]}}