{"id":25248,"date":"2025-04-10T12:05:46","date_gmt":"2025-04-10T10:05:46","guid":{"rendered":"https:\/\/myspainfood.com\/producto\/bez-kosci-45-kg\/"},"modified":"2025-05-08T20:40:29","modified_gmt":"2025-05-08T18:40:29","slug":"bez-kosci-45-kg","status":"publish","type":"product","link":"https:\/\/myspainfood.com\/pl\/producto\/bez-kosci-45-kg\/","title":{"rendered":"Bez ko\u015bci 4,5 kg"},"content":{"rendered":"<p>Oliwka bez pestek 4,5 kg ma zielony kolor i jest <a href=\"https:\/\/www.google.com\/search?q=aceitunas+deshuesadas&amp;sxsrf=APq-WBvbn4FM7rlwj2SbPE3GYq4nrKA1Ug:1644314369924&amp;source=lnms&amp;tbm=isch&amp;sa=X&amp;ved=2ahUKEwjE56uv7O_1AhWrgf0HHWvsDTUQ_AUoAXoECAEQAw&amp;biw=1577&amp;bih=780&amp;dpr=1\" target=\"_blank\" rel=\"noopener noreferrer nofollow\">bez pestek<\/a>. Zachowuje sw\u00f3j oryginalny kszta\u0142t. <\/p>\n<p>Jest to bardzo zdrowe uzupe\u0142nienie naszej tradycyjnej, po\u017cywnej diety \u015br\u00f3dziemnomorskiej.<\/p>\n<p>W Hiszpanii znajdziemy oliwki, korniszony, bak\u0142a\u017cany almagro, marchew, cebul\u0119, bardzo tradycyjne kapary, czosnek, a nawet ich mieszank\u0119.<\/p>\n<p>Cz\u0119sto podaje si\u0119 je jako tapas do piwa (nie do wina ze wzgl\u0119du na zawarto\u015b\u0107 octu).<\/p>\n<p>Pikle sta\u0142y si\u0119 jedn\u0105 z najbardziej popularnych przek\u0105sek w hiszpa\u0144skiej gastronomii, a nie tylko odwieczn\u0105 technik\u0105 konserwowania \u017cywno\u015bci na ca\u0142ym \u015bwiecie.<\/p>\n<h3>Korzy\u015bci z oliwek bez pestek 4,5 kg<\/h3>\n<p>Czy wiedzieli Pa\u0144stwo o licznych zaletach tych oliwek? S\u0105 one bardzo skuteczne w zapobieganiu chorobom serca i uk\u0142adu kr\u0105\u017cenia. <\/p>\n<p>Wynika to z wysokiej zawarto\u015bci t\u0142uszcz\u00f3w nienasyconych. Ponadto jest to \u017cywno\u015b\u0107, kt\u00f3ra zawiera du\u017co \u017celaza i b\u0142onnika i jest bardzo syc\u0105ca, co czyni j\u0105 idealn\u0105 przek\u0105sk\u0105. <\/p>\n<p>Je\u015bli chcesz kupi\u0107 oliwki lub inny rodzaj <a href=\"https:\/\/latiendadesami.com\/categoria-producto\/encurtidos\/\" rel=\"noopener noreferrer nofollow\" target=\"_blank\">marynowanej<\/a> \u017cywno\u015bci, nie wahaj si\u0119 zajrze\u0107 do naszego katalogu online, aby zobaczy\u0107 szerok\u0105 gam\u0119 <a href=\"https:\/\/latiendadesami.com\/categoria-producto\/encurtidos\/aceitunas\/\" target=\"_blank\" rel=\"noopener noreferrer nofollow\">oliwek<\/a>, kt\u00f3re mamy.<\/p>\n<p>Mog\u0105 Pa\u0144stwo do nas napisa\u0107, aby uzyska\u0107 wi\u0119cej informacji na temat ca\u0142ej naszej oferty.<\/p>\n","protected":false},"excerpt":{"rendered":"<p>Oliwka bez pestek 4,5 kg ma zielony kolor i jest bez pestek. Zachowuje sw\u00f3j oryginalny kszta\u0142t. Jest to bardzo zdrowe uzupe\u0142nienie naszej tradycyjnej, po\u017cywnej diety \u015br\u00f3dziemnomorskiej. W Hiszpanii znajdziemy oliwki, korniszony, bak\u0142a\u017cany almagro, marchew, cebul\u0119, bardzo tradycyjne kapary, czosnek, a nawet ich mieszank\u0119. Cz\u0119sto podaje si\u0119 je jako tapas do piwa (nie do wina ze [&hellip;]<\/p>\n","protected":false},"featured_media":7780,"template":"","meta":{"_et_pb_use_builder":"","_et_pb_old_content":"","_et_gb_content_width":""},"product_brand":[1069],"product_cat":[1567,1566],"product_tag":[5139],"class_list":{"0":"post-25248","1":"product","2":"type-product","3":"status-publish","4":"has-post-thumbnail","6":"product_brand-sangar","7":"product_cat-oliwki","8":"product_cat-pikle","9":"product_tag-bez-kosci","11":"first","12":"outofstock","13":"taxable","14":"shipping-taxable","15":"product-type-variable"},"_links":{"self":[{"href":"https:\/\/myspainfood.com\/pl\/wp-json\/wp\/v2\/product\/25248","targetHints":{"allow":["GET"]}}],"collection":[{"href":"https:\/\/myspainfood.com\/pl\/wp-json\/wp\/v2\/product"}],"about":[{"href":"https:\/\/myspainfood.com\/pl\/wp-json\/wp\/v2\/types\/product"}],"wp:featuredmedia":[{"embeddable":true,"href":"https:\/\/myspainfood.com\/pl\/wp-json\/wp\/v2\/media\/7780"}],"wp:attachment":[{"href":"https:\/\/myspainfood.com\/pl\/wp-json\/wp\/v2\/media?parent=25248"}],"wp:term":[{"taxonomy":"product_brand","embeddable":true,"href":"https:\/\/myspainfood.com\/pl\/wp-json\/wp\/v2\/product_brand?post=25248"},{"taxonomy":"product_cat","embeddable":true,"href":"https:\/\/myspainfood.com\/pl\/wp-json\/wp\/v2\/product_cat?post=25248"},{"taxonomy":"product_tag","embeddable":true,"href":"https:\/\/myspainfood.com\/pl\/wp-json\/wp\/v2\/product_tag?post=25248"}],"curies":[{"name":"wp","href":"https:\/\/api.w.org\/{rel}","templated":true}]}}