{"id":25476,"date":"2025-04-10T12:06:29","date_gmt":"2025-04-10T10:06:29","guid":{"rendered":"https:\/\/myspainfood.com\/producto\/senorio-de-las-ventas-wino-rioja-crianza-butelkowane-przez-antonio-escribano-pascuala\/"},"modified":"2025-07-31T16:51:30","modified_gmt":"2025-07-31T14:51:30","slug":"senorio-de-las-ventas-wino-rioja-crianza-butelkowane-przez-antonio-escribano-pascuala","status":"publish","type":"product","link":"https:\/\/myspainfood.com\/pl\/producto\/senorio-de-las-ventas-wino-rioja-crianza-butelkowane-przez-antonio-escribano-pascuala\/","title":{"rendered":"Se\u00f1orio de las Ventas, wino Rioja Crianza butelkowane przez Antonio Escribano Pascuala"},"content":{"rendered":"<p>Wychowanie<\/p>\n<p>Odpowiada winom w co najmniej trzecim roku, kt\u00f3re sp\u0119dzi\u0142y co najmniej rok w d\u0119bowych beczkach.<\/p>\n<p>Rubinowy kolor, intensywny aromat dojrza\u0142ych owoc\u00f3w, dobrze po\u0142\u0105czony z tostowymi akcentami i nutami wanilii. W ustach pe\u0142ne i zr\u00f3wnowa\u017cone, z doskona\u0142\u0105 harmoni\u0105 mi\u0119dzy subtelnymi taninami. Smaczne i pe\u0142ne, zachowuj\u0105c jednocze\u015bnie finezj\u0119 i elegancj\u0119.  <\/p>\n","protected":false},"excerpt":{"rendered":"<p>Wychowanie Odpowiada winom w co najmniej trzecim roku, kt\u00f3re sp\u0119dzi\u0142y co najmniej rok w d\u0119bowych beczkach. Rubinowy kolor, intensywny aromat dojrza\u0142ych owoc\u00f3w, dobrze po\u0142\u0105czony z tostowymi akcentami i nutami wanilii. W ustach pe\u0142ne i zr\u00f3wnowa\u017cone, z doskona\u0142\u0105 harmoni\u0105 mi\u0119dzy subtelnymi taninami. Smaczne i pe\u0142ne, zachowuj\u0105c jednocze\u015bnie finezj\u0119 i elegancj\u0119.<\/p>\n","protected":false},"featured_media":8599,"template":"","meta":{"_et_pb_use_builder":"","_et_pb_old_content":"","_et_gb_content_width":""},"product_brand":[1139],"product_cat":[4877,4879],"product_tag":[4881,5255],"class_list":{"0":"post-25476","1":"product","2":"type-product","3":"status-publish","4":"has-post-thumbnail","6":"product_brand-antonio-escribano","7":"product_cat-napoje-pl","8":"product_cat-wino","9":"product_tag-antonio-escribano-pl","10":"product_tag-wychowanie","12":"first","13":"outofstock","14":"taxable","15":"shipping-taxable","16":"product-type-variable"},"_links":{"self":[{"href":"https:\/\/myspainfood.com\/pl\/wp-json\/wp\/v2\/product\/25476","targetHints":{"allow":["GET"]}}],"collection":[{"href":"https:\/\/myspainfood.com\/pl\/wp-json\/wp\/v2\/product"}],"about":[{"href":"https:\/\/myspainfood.com\/pl\/wp-json\/wp\/v2\/types\/product"}],"wp:featuredmedia":[{"embeddable":true,"href":"https:\/\/myspainfood.com\/pl\/wp-json\/wp\/v2\/media\/8599"}],"wp:attachment":[{"href":"https:\/\/myspainfood.com\/pl\/wp-json\/wp\/v2\/media?parent=25476"}],"wp:term":[{"taxonomy":"product_brand","embeddable":true,"href":"https:\/\/myspainfood.com\/pl\/wp-json\/wp\/v2\/product_brand?post=25476"},{"taxonomy":"product_cat","embeddable":true,"href":"https:\/\/myspainfood.com\/pl\/wp-json\/wp\/v2\/product_cat?post=25476"},{"taxonomy":"product_tag","embeddable":true,"href":"https:\/\/myspainfood.com\/pl\/wp-json\/wp\/v2\/product_tag?post=25476"}],"curies":[{"name":"wp","href":"https:\/\/api.w.org\/{rel}","templated":true}]}}