{"id":26563,"date":"2025-04-10T12:07:09","date_gmt":"2025-04-10T10:07:09","guid":{"rendered":"https:\/\/myspainfood.com\/producto\/kurki-z-serii-oro-20-30-sztuk\/"},"modified":"2025-04-10T12:07:09","modified_gmt":"2025-04-10T10:07:09","slug":"kurki-z-serii-oro-20-30-sztuk","status":"publish","type":"product","link":"https:\/\/myspainfood.com\/pl\/producto\/kurki-z-serii-oro-20-30-sztuk\/","title":{"rendered":"Kurki z serii ORO 20\/30 sztuk"},"content":{"rendered":"<p><a href=\"https:\/\/conservasarlequin.com\/serie-oro\/\" target=\"_blank\" rel=\"noopener noreferrer nofollow\">Arlequ\u00edn<\/a> Golden Cockles z serii 00 to produkt w puszce wytwarzany w tradycyjny spos\u00f3b.<\/p>\n<p><strong>Waga netto\/ Escu:<\/strong> 113g\/63g<\/p>\n<p><strong>Okres trwa\u0142o\u015bci:<\/strong> 4 lata<\/p>\n<p><strong>Ochrona:<\/strong> \u015arodowisko<\/p>\n<p><strong>Liczba filet\u00f3w\/liczba sztuk:<\/strong> 20\/30<\/p>\n<p>W Conservas <a href=\"https:\/\/latiendadesami.com\/marca\/arlequin\/\" target=\"_blank\" rel=\"noopener noreferrer nofollow\">Arlequ\u00edn ich misj\u0105 jest oferowanie doskona\u0142ych produkt\u00f3w, najlepszej obs\u0142ugi i szerokiej gamy konserw rybnych w najlepszej cenie. W Conservas Arlequ\u00edn<\/a> ich misj\u0105 jest oferowanie doskona\u0142ych produkt\u00f3w, najlepszej obs\u0142ugi i szerokiej gamy konserw rybnych w najlepszej cenie.<\/p>\n<p>Specjalizuj\u0105 si\u0119 r\u00f3wnie\u017c w sardelach, serpentynach 00 gold, sardelach, bonito, tu\u0144czykach \u017c\u00f3\u0142top\u0142etwych, ma\u0142\u017cach, makrelach i sardynkach.<\/p>\n<p>Na przyk\u0142ad Comidista w gazecie El Pa\u00eds powiedzia\u0142 o ventresca: &#8222;Jest tak delikatny, prawie kremowy, \u017ce sprawia, \u017ce chcesz go po\u015blubi\u0107 i \u017cy\u0107 szcz\u0119\u015bliwie, dop\u00f3ki Pan ci\u0119 nie zabierze&#8221;.<\/p>\n<h4>G\u0142\u00f3wne zalety \u017cywno\u015bci w puszkach<\/h4>\n<ol>\n<li>Zachowuj\u0105 one wszystkie w\u0142a\u015bciwo\u015bci od\u017cywcze samej \u017cywno\u015bci. \u017bywno\u015b\u0107 zachowuje swoj\u0105 \u015bwie\u017co\u015b\u0107. <\/li>\n<li>Stosowana \u017cywno\u015b\u0107 jest zdrowa i dlatego nadaje si\u0119 do optymalnej diety ze wzgl\u0119du na wysok\u0105 zawarto\u015b\u0107 witamin i bia\u0142ka.<\/li>\n<li>Produkty te maj\u0105 d\u0142u\u017csz\u0105 \u017cywotno\u015b\u0107 (typowo 2-5 lat).<\/li>\n<li>Przetwory s\u0105 bardzo \u0142atwe w przechowywaniu, poniewa\u017c ich opakowanie jest \u0142atwe do na\u0142o\u017cenia.<\/li>\n<\/ol>\n<p>Je\u015bli chc\u0105 Pa\u0144stwo kupi\u0107 tu\u0144czyka lub jakikolwiek inny rodzaj <a href=\"https:\/\/latiendadesami.com\/categoria-producto\/conservas\/\" rel=\"noopener noreferrer nofollow\" target=\"_blank\">\u017cywno\u015bci w puszkach<\/a>, prosz\u0119 nie waha\u0107 si\u0119 i zajrze\u0107 do naszego katalogu online, aby zapozna\u0107 si\u0119 z szerok\u0105 gam\u0105 oferowanych przez nas <a href=\"https:\/\/latiendadesami.com\/categoria-producto\/conservas\/atun-y-bonito\/\" target=\"_blank\" rel=\"noopener noreferrer nofollow\">tu\u0144czyk\u00f3w<\/a>.<\/p>\n<p>Prosz\u0119 napisa\u0107 do nas, aby uzyska\u0107 wi\u0119cej informacji.<\/p>\n","protected":false},"excerpt":{"rendered":"<p><strong>Z R\u00eda de Noia<\/p>\n<p>Wybrana jako\u015b\u0107<\/strong><\/p>\n<p><strong>Liczba sztuk:<\/strong> 15\/25 sztuk<\/p>\n<p><strong>Waga netto:<\/strong> 113 g<\/p>\n<p><strong>Waga po ods\u0105czeniu: <\/strong>63 g<\/p>\n<p><strong>Sk\u0142adniki: <\/strong><em>Chrab\u0105szcze,<\/em> woda, s\u00f3l, \u015brodek zakwaszaj\u0105cy (E330, E331) i przeciwutleniacz (E385).<\/p>\n<p><strong>Alergeny:<\/strong> <em>Zawiera mi\u0119czaka, chrab\u0105szcza.<\/em><\/p>\n<p>Przechowywa\u0107 w temperaturze pokojowej.<\/p>\n<p>Po otwarciu zaleca si\u0119 spo\u017cycie w ca\u0142o\u015bci.<\/p>\n","protected":false},"featured_media":9355,"template":"","meta":{"_et_pb_use_builder":"","_et_pb_old_content":"","_et_gb_content_width":""},"product_brand":[1162],"product_cat":[5661,1969],"product_tag":[5626],"class_list":{"0":"post-26563","1":"product","2":"type-product","3":"status-publish","4":"has-post-thumbnail","6":"product_brand-arlequin","7":"product_cat-chrabaszcze","8":"product_cat-konserwy","9":"product_tag-serieoro-pl","11":"first","12":"outofstock","13":"sale","14":"taxable","15":"shipping-taxable","16":"purchasable","17":"product-type-simple"},"_links":{"self":[{"href":"https:\/\/myspainfood.com\/pl\/wp-json\/wp\/v2\/product\/26563","targetHints":{"allow":["GET"]}}],"collection":[{"href":"https:\/\/myspainfood.com\/pl\/wp-json\/wp\/v2\/product"}],"about":[{"href":"https:\/\/myspainfood.com\/pl\/wp-json\/wp\/v2\/types\/product"}],"wp:featuredmedia":[{"embeddable":true,"href":"https:\/\/myspainfood.com\/pl\/wp-json\/wp\/v2\/media\/9355"}],"wp:attachment":[{"href":"https:\/\/myspainfood.com\/pl\/wp-json\/wp\/v2\/media?parent=26563"}],"wp:term":[{"taxonomy":"product_brand","embeddable":true,"href":"https:\/\/myspainfood.com\/pl\/wp-json\/wp\/v2\/product_brand?post=26563"},{"taxonomy":"product_cat","embeddable":true,"href":"https:\/\/myspainfood.com\/pl\/wp-json\/wp\/v2\/product_cat?post=26563"},{"taxonomy":"product_tag","embeddable":true,"href":"https:\/\/myspainfood.com\/pl\/wp-json\/wp\/v2\/product_tag?post=26563"}],"curies":[{"name":"wp","href":"https:\/\/api.w.org\/{rel}","templated":true}]}}