{"id":26735,"date":"2025-04-10T12:07:40","date_gmt":"2025-04-10T10:07:40","guid":{"rendered":"https:\/\/myspainfood.com\/producto\/duze-korniszony-o-wadze-225-kg-n\/"},"modified":"2025-04-10T12:07:40","modified_gmt":"2025-04-10T10:07:40","slug":"duze-korniszony-o-wadze-225-kg-n","status":"publish","type":"product","link":"https:\/\/myspainfood.com\/pl\/producto\/duze-korniszony-o-wadze-225-kg-n\/","title":{"rendered":"Du\u017ce korniszony o wadze 2,25 kg n"},"content":{"rendered":"<p>Korniszony o wadze netto 2,25 kg - Dzi\u0119ki zastosowaniu wy\u0142\u0105cznie wody i soli otrzymuj\u0105 Pa\u0144stwo jedn\u0105 z najsmaczniejszych <a href=\"https:\/\/www.google.com\/search?q=pepinillos+gordos&amp;tbm=isch&amp;ved=2ahUKEwj6xNCv8-_1AhWXiP0HHcNGC0QQ2-cCegQIABAA&amp;oq=pepinillos+gordos&amp;gs_lcp=CgNpbWcQA1DZFVjlJ2DcK2gAcAB4AIABYYgB4wqSAQIxOJgBAKABAaoBC2d3cy13aXotaW1nwAEB&amp;sclient=img&amp;ei=WUYCYrq0IpeR9u8Pw42toAQ&amp;bih=780&amp;biw=1577\" target=\"_blank\" rel=\"noopener noreferrer nofollow\">przek\u0105sek<\/a> w historii.<\/p>\n<p>Mieszanka smak\u00f3w dostarczanych przez sk\u0142adniki wraz z odrobin\u0105 octu nadaje mu wyj\u0105tkowy smak, kt\u00f3ry jest bardzo przyjemny dla podniebienia.<\/p>\n<p>Pikle s\u0105 przek\u0105sk\u0105, kt\u00f3ra wzmacnia uk\u0142ad odporno\u015bciowy, co oznacza, \u017ce wspieraj\u0105 one obron\u0119 organizmu i og\u00f3lny stan zdrowia.<\/p>\n<h3><strong>Korzy\u015bci z t\u0142ustych korniszon\u00f3w<\/strong><\/h3>\n<p>Czy znaj\u0105 Pa\u0144stwo og\u00f3lne zalety pikli? Oto lista najwa\u017cniejszych z nich: <\/p>\n<ul>\n<li>Bogaty w probiotyki.<\/li>\n<li>Wspomagaj\u0105 trawienie.<\/li>\n<li>Wzmacniaj\u0105 uk\u0142ad odporno\u015bciowy.<\/li>\n<li>Zmniejszaj\u0105 apetyt na cukier.<\/li>\n<li>Korzystny dla p\u0119cherzyka \u017c\u00f3\u0142ciowego.<\/li>\n<\/ul>\n<p>Je\u015bli chc\u0105 Pa\u0144stwo kupi\u0107 oliwki lub inny rodzaj <a href=\"https:\/\/latiendadesami.com\/categoria-producto\/encurtidos\/\" rel=\"noopener noreferrer nofollow\" target=\"_blank\">pikli<\/a>, zapraszamy do zapoznania si\u0119 z naszym katalogiem online, aby zobaczy\u0107 szerok\u0105 gam\u0119 oferowanych przez nas <a href=\"https:\/\/latiendadesami.com\/categoria-producto\/encurtidos\/pepinillos\/\" target=\"_blank\" rel=\"noopener noreferrer nofollow\">pikli<\/a>.<\/p>\n","protected":false},"excerpt":{"rendered":"<p>Korniszony o wadze netto 2,25 kg - Dzi\u0119ki zastosowaniu wy\u0142\u0105cznie wody i soli otrzymuj\u0105 Pa\u0144stwo jedn\u0105 z najsmaczniejszych przek\u0105sek w historii. Mieszanka smak\u00f3w dostarczanych przez sk\u0142adniki wraz z odrobin\u0105 octu nadaje mu wyj\u0105tkowy smak, kt\u00f3ry jest bardzo przyjemny dla podniebienia. Pikle s\u0105 przek\u0105sk\u0105, kt\u00f3ra wzmacnia uk\u0142ad odporno\u015bciowy, co oznacza, \u017ce wspieraj\u0105 one obron\u0119 organizmu i [&hellip;]<\/p>\n","protected":false},"featured_media":9994,"template":"","meta":{"_et_pb_use_builder":"","_et_pb_old_content":"","_et_gb_content_width":""},"product_brand":[],"product_cat":[2003,1566],"product_tag":[2031],"class_list":{"0":"post-26735","1":"product","2":"type-product","3":"status-publish","4":"has-post-thumbnail","6":"product_cat-korniszony","7":"product_cat-pikle","8":"product_tag-korniszon","10":"first","11":"instock","12":"taxable","13":"shipping-taxable","14":"purchasable","15":"product-type-simple"},"_links":{"self":[{"href":"https:\/\/myspainfood.com\/pl\/wp-json\/wp\/v2\/product\/26735","targetHints":{"allow":["GET"]}}],"collection":[{"href":"https:\/\/myspainfood.com\/pl\/wp-json\/wp\/v2\/product"}],"about":[{"href":"https:\/\/myspainfood.com\/pl\/wp-json\/wp\/v2\/types\/product"}],"wp:featuredmedia":[{"embeddable":true,"href":"https:\/\/myspainfood.com\/pl\/wp-json\/wp\/v2\/media\/9994"}],"wp:attachment":[{"href":"https:\/\/myspainfood.com\/pl\/wp-json\/wp\/v2\/media?parent=26735"}],"wp:term":[{"taxonomy":"product_brand","embeddable":true,"href":"https:\/\/myspainfood.com\/pl\/wp-json\/wp\/v2\/product_brand?post=26735"},{"taxonomy":"product_cat","embeddable":true,"href":"https:\/\/myspainfood.com\/pl\/wp-json\/wp\/v2\/product_cat?post=26735"},{"taxonomy":"product_tag","embeddable":true,"href":"https:\/\/myspainfood.com\/pl\/wp-json\/wp\/v2\/product_tag?post=26735"}],"curies":[{"name":"wp","href":"https:\/\/api.w.org\/{rel}","templated":true}]}}