{"id":26807,"date":"2025-04-10T12:07:39","date_gmt":"2025-04-10T10:07:39","guid":{"rendered":"https:\/\/myspainfood.com\/producto\/dojrzaly-ser-kozi-z-papryka-ok-320gr\/"},"modified":"2025-06-24T14:08:56","modified_gmt":"2025-06-24T12:08:56","slug":"dojrzaly-ser-kozi-z-papryka-ok-320gr","status":"publish","type":"product","link":"https:\/\/myspainfood.com\/pl\/producto\/dojrzaly-ser-kozi-z-papryka-ok-320gr\/","title":{"rendered":"Dojrza\u0142y ser kozi z papryk\u0105 ok. 320gr"},"content":{"rendered":"<p>Dojrzewaj\u0105cy ser kozi z papryk\u0105 ok. 320gr jest produkowany przez Queser\u00eda El <a href=\"https:\/\/www.facebook.com\/Queser%C3%ADa-El-Manjar-1564604537177140\/\" target=\"_blank\" rel=\"noopener noreferrer nofollow\">Manjar<\/a>.<\/p>\n<p>Ta fabryka sera znajduje si\u0119 w Velada, Toledo, w pobli\u017cu Talavera de la Reina.<\/p>\n<p>Jest produkowany z pasteryzowanego mleka i pokryty warstw\u0105 papryki na sk\u00f3rce, kt\u00f3ra nadaje mu wyj\u0105tkowy i niepowtarzalny smak.<\/p>\n<p>Opr\u00f3cz produkcji sera koziego dojrzewaj\u0105cego w papryce, katalog produkt\u00f3w firmy obejmuje r\u00f3wnie\u017c wiele innych ser\u00f3w, takich jak sery \u015bwie\u017ce.<\/p>\n<p>Wszystkie produkty s\u0105 wytwarzane r\u0119cznie w tradycyjny spos\u00f3b. Przybli\u017cona waga ka\u017cdej porcji wynosi 320 gram\u00f3w. <\/p>\n<p>Produkt nale\u017cy przechowywa\u0107 w lod\u00f3wce w temperaturze od 0\u00ba do 8\u00ba.<\/p>\n<p>Ser kozi, a w\u0142a\u015bciwie ser z mleka koziego, znany jest jako ch\u00e8vre (co po francusku oznacza koz\u0119) i jest nazw\u0105 nadawan\u0105 ka\u017cdemu serowi wytwarzanemu z mleka koziego.<\/p>\n<p>Ser kozi jest wytwarzany od tysi\u0119cy lat i by\u0142 prawdopodobnie jednym z najwcze\u015bniej przygotowanych produkt\u00f3w mlecznych. W swojej najprostszej formie ser kozi jest przygotowywany poprzez naturalne \u015bcinanie surowego mleka, a nast\u0119pnie ods\u0105czanie i wyciskanie skrzepu. <\/p>\n<p>Je\u015bli chc\u0105 Pa\u0144stwo kupi\u0107 inne sery lub jakikolwiek inny rodzaj <a href=\"https:\/\/latiendadesami.com\/\" rel=\"noopener noreferrer nofollow\" target=\"_blank\">\u017cywno\u015bci<\/a>, zapraszamy do zapoznania si\u0119 z naszym katalogiem online, aby zobaczy\u0107 szerok\u0105 gam\u0119 oferowanych przez nas produkt\u00f3w.<\/p>\n<p>Prosz\u0119 napisa\u0107 do nas, aby uzyska\u0107 wi\u0119cej informacji.<\/p>\n","protected":false},"excerpt":{"rendered":"<p>Dojrzewaj\u0105cy ser kozi z papryk\u0105 ok. 320gr jest produkowany przez Queser\u00eda El Manjar. Ta fabryka sera znajduje si\u0119 w Velada, Toledo, w pobli\u017cu Talavera de la Reina. Jest produkowany z pasteryzowanego mleka i pokryty warstw\u0105 papryki na sk\u00f3rce, kt\u00f3ra nadaje mu wyj\u0105tkowy i niepowtarzalny smak. Opr\u00f3cz produkcji sera koziego dojrzewaj\u0105cego w papryce, katalog produkt\u00f3w firmy [&hellip;]<\/p>\n","protected":false},"featured_media":9958,"template":"","meta":{"_et_pb_use_builder":"","_et_pb_old_content":"","_et_gb_content_width":""},"product_brand":[1246],"product_cat":[2245,5728,1836],"product_tag":[],"class_list":{"0":"post-26807","1":"product","2":"type-product","3":"status-publish","4":"has-post-thumbnail","6":"product_brand-el-manjar","7":"product_cat-ser-i-kielbasa","8":"product_cat-utwardzanie-pl","9":"product_cat-zimno","10":"product_shipping_class-wysylka-na-zimno","12":"first","13":"instock","14":"taxable","15":"shipping-taxable","16":"purchasable","17":"product-type-simple"},"_links":{"self":[{"href":"https:\/\/myspainfood.com\/pl\/wp-json\/wp\/v2\/product\/26807","targetHints":{"allow":["GET"]}}],"collection":[{"href":"https:\/\/myspainfood.com\/pl\/wp-json\/wp\/v2\/product"}],"about":[{"href":"https:\/\/myspainfood.com\/pl\/wp-json\/wp\/v2\/types\/product"}],"wp:featuredmedia":[{"embeddable":true,"href":"https:\/\/myspainfood.com\/pl\/wp-json\/wp\/v2\/media\/9958"}],"wp:attachment":[{"href":"https:\/\/myspainfood.com\/pl\/wp-json\/wp\/v2\/media?parent=26807"}],"wp:term":[{"taxonomy":"product_brand","embeddable":true,"href":"https:\/\/myspainfood.com\/pl\/wp-json\/wp\/v2\/product_brand?post=26807"},{"taxonomy":"product_cat","embeddable":true,"href":"https:\/\/myspainfood.com\/pl\/wp-json\/wp\/v2\/product_cat?post=26807"},{"taxonomy":"product_tag","embeddable":true,"href":"https:\/\/myspainfood.com\/pl\/wp-json\/wp\/v2\/product_tag?post=26807"}],"curies":[{"name":"wp","href":"https:\/\/api.w.org\/{rel}","templated":true}]}}