{"id":26870,"date":"2025-04-10T12:07:32","date_gmt":"2025-04-10T10:07:32","guid":{"rendered":"https:\/\/myspainfood.com\/producto\/ser-peklowany-cztery-paluszki-25-kg-ok\/"},"modified":"2025-06-24T16:24:18","modified_gmt":"2025-06-24T14:24:18","slug":"ser-peklowany-cztery-paluszki-25-kg-ok","status":"publish","type":"product","link":"https:\/\/myspainfood.com\/pl\/producto\/ser-peklowany-cztery-paluszki-25-kg-ok\/","title":{"rendered":"Ser peklowany cztery paluszki 2,5 kg ok."},"content":{"rendered":"<p>Ser peklowany Cuatro barras jest wytwarzany z <a href=\"https:\/\/es.wikipedia.org\/wiki\/Queso_de_leche_de_oveja\" target=\"_blank\" rel=\"noopener noreferrer nofollow\">mleka owczego<\/a> i dojrzewa przez oko\u0142o 12 miesi\u0119cy.<\/p>\n<p>Ca\u0142o\u015b\u0107 wa\u017cy oko\u0142o 2,5 kilograma.<\/p>\n<p>Ser wytwarzany z pasteryzowanego mleka owczego (min. 65%) i krowiego, o wy\u015bmienitym smaku, kt\u00f3rego j\u0119drna konsystencja podkre\u015bla jego intensywny smak. Doskona\u0142y ser, kt\u00f3ry nie pozostawi Pa\u0144stwa oboj\u0119tnymi. <\/p>\n<p>Zalecamy przechowywanie w suchym i ch\u0142odnym miejscu, w temperaturze mi\u0119dzy 4-8\u00baC, aby poprawi\u0107 jego konserwacj\u0119.<\/p>\n<p>Owce maj\u0105 tylko dwa strzyki i produkuj\u0105 znacznie mniej mleka ni\u017c krowy.<\/p>\n<p>Jednak\u017ce, poniewa\u017c mleko owcze zawiera znacznie wi\u0119cej t\u0142uszczu, substancji sta\u0142ych i minera\u0142\u00f3w ni\u017c mleko krowie, jest idealne do procesu produkcji sera.<\/p>\n<p>Jest r\u00f3wnie\u017c bardziej odporny na zanieczyszczenia podczas ch\u0142odzenia ze wzgl\u0119du na znacznie wy\u017csz\u0105 zawarto\u015b\u0107 wapnia.<\/p>\n<p>Chocia\u017c mleko owcze mo\u017cna pi\u0107 \u015bwie\u017ce, obecnie jest ono wykorzystywane g\u0142\u00f3wnie do produkcji sera i jogurtu.<\/p>\n<p>Je\u015bli chc\u0105 Pa\u0144stwo kupi\u0107 Queso Curado Cuatro barras lub jakikolwiek inny rodzaj <a href=\"https:\/\/latiendadesami.com\/categoria-producto\/queso-embutido\/\" rel=\"noopener noreferrer nofollow\" target=\"_blank\">sera lub w\u0119dliny<\/a>, zapraszamy do zapoznania si\u0119 z naszym katalogiem online. Mamy najwy\u017csz\u0105 jako\u015b\u0107 w najlepszej cenie.<\/p>\n<p>Prosz\u0119 napisa\u0107 do nas, aby uzyska\u0107 wi\u0119cej informacji lub je\u015bli maj\u0105 Pa\u0144stwo jakiekolwiek pytania dotycz\u0105ce tego lub innego produktu.<\/p>\n","protected":false},"excerpt":{"rendered":"<p>Ser peklowany Cuatro barras jest wytwarzany z mleka owczego i dojrzewa przez oko\u0142o 12 miesi\u0119cy. Ca\u0142o\u015b\u0107 wa\u017cy oko\u0142o 2,5 kilograma. Ser wytwarzany z pasteryzowanego mleka owczego (min. 65%) i krowiego, o wy\u015bmienitym smaku, kt\u00f3rego j\u0119drna konsystencja podkre\u015bla jego intensywny smak. Doskona\u0142y ser, kt\u00f3ry nie pozostawi Pa\u0144stwa oboj\u0119tnymi. Zalecamy przechowywanie w suchym i ch\u0142odnym miejscu, w [&hellip;]<\/p>\n","protected":false},"featured_media":9805,"template":"","meta":{"_et_pb_use_builder":"","_et_pb_old_content":"","_et_gb_content_width":""},"product_brand":[1234],"product_cat":[2245,5728,1836],"product_tag":[],"class_list":{"0":"post-26870","1":"product","2":"type-product","3":"status-publish","4":"has-post-thumbnail","6":"product_brand-cuatro-barras","7":"product_cat-ser-i-kielbasa","8":"product_cat-utwardzanie-pl","9":"product_cat-zimno","10":"product_shipping_class-wysylka-na-zimno","12":"first","13":"outofstock","14":"taxable","15":"shipping-taxable","16":"product-type-variable"},"_links":{"self":[{"href":"https:\/\/myspainfood.com\/pl\/wp-json\/wp\/v2\/product\/26870","targetHints":{"allow":["GET"]}}],"collection":[{"href":"https:\/\/myspainfood.com\/pl\/wp-json\/wp\/v2\/product"}],"about":[{"href":"https:\/\/myspainfood.com\/pl\/wp-json\/wp\/v2\/types\/product"}],"wp:featuredmedia":[{"embeddable":true,"href":"https:\/\/myspainfood.com\/pl\/wp-json\/wp\/v2\/media\/9805"}],"wp:attachment":[{"href":"https:\/\/myspainfood.com\/pl\/wp-json\/wp\/v2\/media?parent=26870"}],"wp:term":[{"taxonomy":"product_brand","embeddable":true,"href":"https:\/\/myspainfood.com\/pl\/wp-json\/wp\/v2\/product_brand?post=26870"},{"taxonomy":"product_cat","embeddable":true,"href":"https:\/\/myspainfood.com\/pl\/wp-json\/wp\/v2\/product_cat?post=26870"},{"taxonomy":"product_tag","embeddable":true,"href":"https:\/\/myspainfood.com\/pl\/wp-json\/wp\/v2\/product_tag?post=26870"}],"curies":[{"name":"wp","href":"https:\/\/api.w.org\/{rel}","templated":true}]}}