{"id":27211,"date":"2025-04-10T12:07:30","date_gmt":"2025-04-10T10:07:30","guid":{"rendered":"https:\/\/myspainfood.com\/producto\/wermut-los-cantabros-075l\/"},"modified":"2025-04-10T12:07:30","modified_gmt":"2025-04-10T10:07:30","slug":"wermut-los-cantabros-075l","status":"publish","type":"product","link":"https:\/\/myspainfood.com\/pl\/producto\/wermut-los-cantabros-075l\/","title":{"rendered":"Wermut Los C\u00e1ntabros 0,75l"},"content":{"rendered":"<p>Verm\u00fa los C\u00e1ntabros to ho\u0142d dla wszystkich tych m\u0119\u017cczyzn i kobiet, kt\u00f3rzy wiedzieli, jak zachowa\u0107 i rozpowszechnia\u0107 nasz\u0105 kultur\u0119.<\/p>\n<p>R\u00f3wnie\u017c nasze korzenie i tradycje, kt\u00f3rym towarzysz\u0105 targi, festiwale, gry i gastronomia, od morza po g\u00f3ry naszej ukochanej Kantabrii.<\/p>\n<p>Ten produkt jest butelkowany przez <a href=\"https:\/\/bodegasigarmi.es\/mayoristas-de-bebidas-en-cantabria\/\" target=\"_blank\" rel=\"noopener noreferrer nofollow\">Bodegas Igarmi. <\/a> <\/p>\n<p>Bodegas Igarmi to tera\u017aniejszo\u015b\u0107 tradycji, kt\u00f3ra od 1890 roku charakteryzuje si\u0119 jako\u015bci\u0105 i obs\u0142ug\u0105 klienta.<\/p>\n<p>Rodzinna firma, kt\u00f3rej pasja i oddanie winu pozwoli\u0142y butelkowa\u0107 i sprzedawa\u0107 wina o bezkonkurencyjnym stosunku jako\u015bci do ceny, kt\u00f3re s\u0105 wysoko cenione na rynku i przez konsument\u00f3w.<\/p>\n<p>Bodegas Igarmi posiada obiekty o powierzchni 3000 m\u00b2 w mie\u015bcie Heras o pojemno\u015bci magazynowej oko\u0142o miliona litr\u00f3w.<\/p>\n<p>Jest to r\u00f3wnie\u017c najwi\u0119ksza winiarnia w Kantabrii.<\/p>\n<p>Jest to wspania\u0142y zesp\u00f3\u0142 ponad 30 os\u00f3b zaanga\u017cowanych w dostarczanie klientom najlepszych produkt\u00f3w i us\u0142ug, za kt\u00f3re si\u0119 wyr\u00f3\u017cniamy.<\/p>\n<p>&nbsp;<\/p>\n","protected":false},"excerpt":{"rendered":"<p>Verm\u00fa los C\u00e1ntabros to ho\u0142d dla wszystkich tych m\u0119\u017cczyzn i kobiet, kt\u00f3rzy wiedzieli, jak zachowa\u0107 i rozpowszechnia\u0107 nasz\u0105 kultur\u0119. R\u00f3wnie\u017c nasze korzenie i tradycje, kt\u00f3rym towarzysz\u0105 targi, festiwale, gry i gastronomia, od morza po g\u00f3ry naszej ukochanej Kantabrii. Ten produkt jest butelkowany przez Bodegas Igarmi. Bodegas Igarmi to tera\u017aniejszo\u015b\u0107 tradycji, kt\u00f3ra od 1890 roku charakteryzuje [&hellip;]<\/p>\n","protected":false},"featured_media":9931,"template":"","meta":{"_et_pb_use_builder":"","_et_pb_old_content":"","_et_gb_content_width":""},"product_brand":[1244,1245],"product_cat":[4877,5769],"product_tag":[5770],"class_list":{"0":"post-27211","1":"product","2":"type-product","3":"status-publish","4":"has-post-thumbnail","6":"product_brand-igarmi","7":"product_brand-los-cantabros","8":"product_cat-napoje-pl","9":"product_cat-wermut","10":"product_tag-igarmi-pl","12":"first","13":"instock","14":"taxable","15":"shipping-taxable","16":"purchasable","17":"product-type-variable"},"_links":{"self":[{"href":"https:\/\/myspainfood.com\/pl\/wp-json\/wp\/v2\/product\/27211","targetHints":{"allow":["GET"]}}],"collection":[{"href":"https:\/\/myspainfood.com\/pl\/wp-json\/wp\/v2\/product"}],"about":[{"href":"https:\/\/myspainfood.com\/pl\/wp-json\/wp\/v2\/types\/product"}],"wp:featuredmedia":[{"embeddable":true,"href":"https:\/\/myspainfood.com\/pl\/wp-json\/wp\/v2\/media\/9931"}],"wp:attachment":[{"href":"https:\/\/myspainfood.com\/pl\/wp-json\/wp\/v2\/media?parent=27211"}],"wp:term":[{"taxonomy":"product_brand","embeddable":true,"href":"https:\/\/myspainfood.com\/pl\/wp-json\/wp\/v2\/product_brand?post=27211"},{"taxonomy":"product_cat","embeddable":true,"href":"https:\/\/myspainfood.com\/pl\/wp-json\/wp\/v2\/product_cat?post=27211"},{"taxonomy":"product_tag","embeddable":true,"href":"https:\/\/myspainfood.com\/pl\/wp-json\/wp\/v2\/product_tag?post=27211"}],"curies":[{"name":"wp","href":"https:\/\/api.w.org\/{rel}","templated":true}]}}