{"id":27552,"date":"2025-04-10T12:07:31","date_gmt":"2025-04-10T10:07:31","guid":{"rendered":"https:\/\/myspainfood.com\/producto\/oliwki-campo-real-45-kg\/"},"modified":"2025-04-10T12:07:31","modified_gmt":"2025-04-10T10:07:31","slug":"oliwki-campo-real-45-kg","status":"publish","type":"product","link":"https:\/\/myspainfood.com\/pl\/producto\/oliwki-campo-real-45-kg\/","title":{"rendered":"Oliwki Campo Real 4,5 kg"},"content":{"rendered":"<p>Je\u015bli gmina Campo Real jest z czego\u015b znana, to ze s\u0142ynnych oliwek Campo Real o wadze 4,5 kg.<\/p>\n<p>Nale\u017c\u0105ce do odmian manzanilla de Campo Real i cacere\u00f1a, sekret oliwek tkwi w stuletnich drzewach oliwnych, z kt\u00f3rych pochodz\u0105, do\u015bwiadczeniu plantator\u00f3w oliwek i przyprawianiu oliwek.<\/p>\n<p>To <a href=\"https:\/\/www.google.com\/search?q=revuelto+aceitunas+s%C3%A1ngar&amp;sxsrf=APq-WBt1wkTZta0IAEDoueZPBxEuaY8Dtw:1644308614563&amp;source=lnms&amp;tbm=isch&amp;sa=X&amp;ved=2ahUKEwjouvz21u_1AhVV_rsIHacjBd0Q_AUoAXoECAEQAw&amp;biw=1577&amp;bih=780&amp;dpr=1\" target=\"_blank\" rel=\"noopener noreferrer nofollow\">po\u0142\u0105czenie<\/a> oliwek i pikli pozwala cieszy\u0107 si\u0119 niezr\u00f3wnanym smakiem Pa\u0144stwa tapas lub przystawek.<\/p>\n<p>Jest to bardzo zdrowe uzupe\u0142nienie naszej tradycyjnej, po\u017cywnej diety \u015br\u00f3dziemnomorskiej.<\/p>\n<p>W Hiszpanii znajdziemy oliwki, korniszony, bak\u0142a\u017cany almagro, marchew, cebul\u0119, bardzo tradycyjne kapary, czosnek, a nawet ich mieszank\u0119.<\/p>\n<p>Cz\u0119sto podaje si\u0119 je jako tapas do piwa (nie do wina ze wzgl\u0119du na zawarto\u015b\u0107 octu).<\/p>\n<p>Pikle sta\u0142y si\u0119 jedn\u0105 z najbardziej popularnych przek\u0105sek w hiszpa\u0144skiej gastronomii, a nie tylko odwieczn\u0105 technik\u0105 konserwowania \u017cywno\u015bci na ca\u0142ym \u015bwiecie.<\/p>\n<h3><strong>Zalety oliwki Campo Real Olive 4,5 kg<\/strong><\/h3>\n<p>Czy znaj\u0105 Pa\u0144stwo zalety oliwek Campo Real Olives 4,5 kg i marynat w og\u00f3le? Oto lista najwa\u017cniejszych z nich: <\/p>\n<ul>\n<li>Bogaty w probiotyki.<\/li>\n<li>Wspomagaj\u0105 trawienie.<\/li>\n<li>Wzmacniaj\u0105 uk\u0142ad odporno\u015bciowy.<\/li>\n<li>Zmniejszaj\u0105 apetyt na cukier.<\/li>\n<li>Korzystny dla p\u0119cherzyka \u017c\u00f3\u0142ciowego.<\/li>\n<\/ul>\n<p>Je\u015bli chcesz kupi\u0107 oliwki lub inny rodzaj <a href=\"https:\/\/latiendadesami.com\/categoria-producto\/encurtidos\/\" rel=\"noopener noreferrer nofollow\" target=\"_blank\">marynowanej<\/a> \u017cywno\u015bci, nie wahaj si\u0119 zajrze\u0107 do naszego katalogu online, aby zobaczy\u0107 szerok\u0105 gam\u0119 <a href=\"https:\/\/latiendadesami.com\/categoria-producto\/encurtidos\/aceitunas\/\" target=\"_blank\" rel=\"noopener noreferrer nofollow\">oliwek<\/a>, kt\u00f3re mamy.<\/p>\n<p>Prosz\u0119 napisa\u0107 do nas, aby uzyska\u0107 wi\u0119cej informacji.<\/p>\n","protected":false},"excerpt":{"rendered":"<p>Je\u015bli gmina Campo Real jest z czego\u015b znana, to ze s\u0142ynnych oliwek Campo Real o wadze 4,5 kg. Nale\u017c\u0105ce do odmian manzanilla de Campo Real i cacere\u00f1a, sekret oliwek tkwi w stuletnich drzewach oliwnych, z kt\u00f3rych pochodz\u0105, do\u015bwiadczeniu plantator\u00f3w oliwek i przyprawianiu oliwek. To po\u0142\u0105czenie oliwek i pikli pozwala cieszy\u0107 si\u0119 niezr\u00f3wnanym smakiem Pa\u0144stwa tapas [&hellip;]<\/p>\n","protected":false},"featured_media":9787,"template":"","meta":{"_et_pb_use_builder":"","_et_pb_old_content":"","_et_gb_content_width":""},"product_brand":[],"product_cat":[1567,1566],"product_tag":[3111],"class_list":{"0":"post-27552","1":"product","2":"type-product","3":"status-publish","4":"has-post-thumbnail","6":"product_cat-oliwki","7":"product_cat-pikle","8":"product_tag-campo-real-pl","10":"first","11":"outofstock","12":"taxable","13":"shipping-taxable","14":"purchasable","15":"product-type-simple"},"_links":{"self":[{"href":"https:\/\/myspainfood.com\/pl\/wp-json\/wp\/v2\/product\/27552","targetHints":{"allow":["GET"]}}],"collection":[{"href":"https:\/\/myspainfood.com\/pl\/wp-json\/wp\/v2\/product"}],"about":[{"href":"https:\/\/myspainfood.com\/pl\/wp-json\/wp\/v2\/types\/product"}],"wp:featuredmedia":[{"embeddable":true,"href":"https:\/\/myspainfood.com\/pl\/wp-json\/wp\/v2\/media\/9787"}],"wp:attachment":[{"href":"https:\/\/myspainfood.com\/pl\/wp-json\/wp\/v2\/media?parent=27552"}],"wp:term":[{"taxonomy":"product_brand","embeddable":true,"href":"https:\/\/myspainfood.com\/pl\/wp-json\/wp\/v2\/product_brand?post=27552"},{"taxonomy":"product_cat","embeddable":true,"href":"https:\/\/myspainfood.com\/pl\/wp-json\/wp\/v2\/product_cat?post=27552"},{"taxonomy":"product_tag","embeddable":true,"href":"https:\/\/myspainfood.com\/pl\/wp-json\/wp\/v2\/product_tag?post=27552"}],"curies":[{"name":"wp","href":"https:\/\/api.w.org\/{rel}","templated":true}]}}