{"id":27679,"date":"2025-04-10T12:07:50","date_gmt":"2025-04-10T10:07:50","guid":{"rendered":"https:\/\/myspainfood.com\/producto\/kaszanka-carzorlas-gourmet-320-gr\/"},"modified":"2025-09-02T10:40:07","modified_gmt":"2025-09-02T08:40:07","slug":"kaszanka-carzorlas-gourmet-320-gr","status":"publish","type":"product","link":"https:\/\/myspainfood.com\/pl\/producto\/kaszanka-carzorlas-gourmet-320-gr\/","title":{"rendered":"Kaszanka Carzorla&#8217;s Gourmet 320 gr"},"content":{"rendered":"<pre>Morcilla de caldera Gourmet de Carzorla<\/pre>\n<p>Jest to nic innego jak nienadziewane ciasto kaszankowe gotowane w kocio\u0142ku. Mo\u017cna go u\u017cywa\u0107 jako nadzienia do pasztecik\u00f3w, pierog\u00f3w, tost\u00f3w lub jako danie, w kt\u00f3rym mo\u017cna &#8222;macza\u0107&#8221; chleb. <\/p>\n","protected":false},"excerpt":{"rendered":"<p>Morcilla de caldera Gourmet de Carzorla Jest to nic innego jak nienadziewane ciasto kaszankowe gotowane w kocio\u0142ku. Mo\u017cna go u\u017cywa\u0107 jako nadzienia do pasztecik\u00f3w, pierog\u00f3w, tost\u00f3w lub jako danie, w kt\u00f3rym mo\u017cna &#8222;macza\u0107&#8221; chleb.<\/p>\n","protected":false},"featured_media":10264,"template":"","meta":{"_et_pb_use_builder":"","_et_pb_old_content":"","_et_gb_content_width":""},"product_brand":[1252],"product_cat":[1969,3707],"product_tag":[],"class_list":{"0":"post-27679","1":"product","2":"type-product","3":"status-publish","4":"has-post-thumbnail","6":"product_brand-gourmet-de-cazorla","7":"product_cat-konserwy","8":"product_cat-warzywa","10":"first","11":"instock","12":"taxable","13":"shipping-taxable","14":"purchasable","15":"product-type-variable"},"_links":{"self":[{"href":"https:\/\/myspainfood.com\/pl\/wp-json\/wp\/v2\/product\/27679","targetHints":{"allow":["GET"]}}],"collection":[{"href":"https:\/\/myspainfood.com\/pl\/wp-json\/wp\/v2\/product"}],"about":[{"href":"https:\/\/myspainfood.com\/pl\/wp-json\/wp\/v2\/types\/product"}],"wp:featuredmedia":[{"embeddable":true,"href":"https:\/\/myspainfood.com\/pl\/wp-json\/wp\/v2\/media\/10264"}],"wp:attachment":[{"href":"https:\/\/myspainfood.com\/pl\/wp-json\/wp\/v2\/media?parent=27679"}],"wp:term":[{"taxonomy":"product_brand","embeddable":true,"href":"https:\/\/myspainfood.com\/pl\/wp-json\/wp\/v2\/product_brand?post=27679"},{"taxonomy":"product_cat","embeddable":true,"href":"https:\/\/myspainfood.com\/pl\/wp-json\/wp\/v2\/product_cat?post=27679"},{"taxonomy":"product_tag","embeddable":true,"href":"https:\/\/myspainfood.com\/pl\/wp-json\/wp\/v2\/product_tag?post=27679"}],"curies":[{"name":"wp","href":"https:\/\/api.w.org\/{rel}","templated":true}]}}