{"id":27787,"date":"2025-04-10T12:07:50","date_gmt":"2025-04-10T10:07:50","guid":{"rendered":"https:\/\/myspainfood.com\/producto\/cala-papryka-piquillo-extra\/"},"modified":"2025-04-10T12:07:50","modified_gmt":"2025-04-10T10:07:50","slug":"cala-papryka-piquillo-extra","status":"publish","type":"product","link":"https:\/\/myspainfood.com\/pl\/producto\/cala-papryka-piquillo-extra\/","title":{"rendered":"Ca\u0142a papryka Piquillo extra"},"content":{"rendered":"<p>Ca\u0142e papryczki Piquillo extra to <a href=\"https:\/\/twitter.com\/mca_spain\" target=\"_blank\" rel=\"noopener noreferrer nofollow\">produkt firmy MCA Spain<\/a>.<\/p>\n<p>Sk\u0142adniki: Papryka Piquillo i zakwaszacz: kwas cytrynowy.<\/p>\n<p>Po otwarciu przechowywa\u0107 w lod\u00f3wce i spo\u017cy\u0107 najlepiej w ci\u0105gu 5 dni.<\/p>\n<p>La Viuda de Mateo jest jedn\u0105 z marek handlowych, pod kt\u00f3rymi grupa MCA Spain wchodzi na rynek.<\/p>\n<p>Pocz\u0105tki MCA Spain le\u017c\u0105 w do\u015bwiadczeniu Carlosa Ripy, obecnego dyrektora generalnego, po dekadzie pracy w rodzinnej firmie zwi\u0105zanej z sektorem handlu detalicznego \u017cywno\u015bci\u0105.<\/p>\n<p>Jednak w po\u0142owie lat 80-tych Ripa uruchomi\u0142 sw\u00f3j w\u0142asny projekt w swoim rodzinnym mie\u015bcie (Mendavia, Navarra): firm\u0119 produkuj\u0105c\u0105 puszki, MCA Spain.<\/p>\n<p>Firma ta pozycjonuje si\u0119 w pierwszej lidze hiszpa\u0144skiego sektora rolno-spo\u017cywczego, bazuj\u0105c na przetworach warzywnych i rybnych.<\/p>\n<p>Spektakularny rozw\u00f3j, kt\u00f3ry nie by\u0142by mo\u017cliwy bez pierwszorz\u0119dnego zespo\u0142u i powo\u0142ania do obs\u0142ugi klienta.<\/p>\n<p>Je\u015bli chc\u0105 Pa\u0144stwo kupi\u0107 Extra Whole Piquillo Peppers lub jakikolwiek inny rodzaj <a href=\"https:\/\/latiendadesami.com\/categoria-producto\/conservas\/\" rel=\"noopener noreferrer nofollow\" target=\"_blank\">\u017cywno\u015bci w puszkach<\/a>, zapraszamy do zapoznania si\u0119 z naszym katalogiem online.<\/p>\n<p>Mamy najwy\u017csz\u0105 jako\u015b\u0107 w najlepszej cenie.<\/p>\n<p>Prosimy napisa\u0107 do nas, aby uzyska\u0107 wi\u0119cej informacji lub je\u015bli maj\u0105 Pa\u0144stwo pytania dotycz\u0105ce tego lub innego produktu z naszego katalogu.<\/p>\n","protected":false},"excerpt":{"rendered":"<p>Ca\u0142e papryczki Piquillo extra to produkt firmy MCA Spain. Sk\u0142adniki: Papryka Piquillo i zakwaszacz: kwas cytrynowy. Po otwarciu przechowywa\u0107 w lod\u00f3wce i spo\u017cy\u0107 najlepiej w ci\u0105gu 5 dni. La Viuda de Mateo jest jedn\u0105 z marek handlowych, pod kt\u00f3rymi grupa MCA Spain wchodzi na rynek. Pocz\u0105tki MCA Spain le\u017c\u0105 w do\u015bwiadczeniu Carlosa Ripy, obecnego dyrektora [&hellip;]<\/p>\n","protected":false},"featured_media":10210,"template":"","meta":{"_et_pb_use_builder":"","_et_pb_old_content":"","_et_gb_content_width":""},"product_brand":[1129],"product_cat":[1969,2311],"product_tag":[5936,2313],"class_list":{"0":"post-27787","1":"product","2":"type-product","3":"status-publish","4":"has-post-thumbnail","6":"product_brand-mateo","7":"product_cat-konserwy","8":"product_cat-papryka","9":"product_tag-hiszpania","10":"product_tag-pieprz","12":"first","13":"outofstock","14":"taxable","15":"shipping-taxable","16":"product-type-variable"},"_links":{"self":[{"href":"https:\/\/myspainfood.com\/pl\/wp-json\/wp\/v2\/product\/27787","targetHints":{"allow":["GET"]}}],"collection":[{"href":"https:\/\/myspainfood.com\/pl\/wp-json\/wp\/v2\/product"}],"about":[{"href":"https:\/\/myspainfood.com\/pl\/wp-json\/wp\/v2\/types\/product"}],"wp:featuredmedia":[{"embeddable":true,"href":"https:\/\/myspainfood.com\/pl\/wp-json\/wp\/v2\/media\/10210"}],"wp:attachment":[{"href":"https:\/\/myspainfood.com\/pl\/wp-json\/wp\/v2\/media?parent=27787"}],"wp:term":[{"taxonomy":"product_brand","embeddable":true,"href":"https:\/\/myspainfood.com\/pl\/wp-json\/wp\/v2\/product_brand?post=27787"},{"taxonomy":"product_cat","embeddable":true,"href":"https:\/\/myspainfood.com\/pl\/wp-json\/wp\/v2\/product_cat?post=27787"},{"taxonomy":"product_tag","embeddable":true,"href":"https:\/\/myspainfood.com\/pl\/wp-json\/wp\/v2\/product_tag?post=27787"}],"curies":[{"name":"wp","href":"https:\/\/api.w.org\/{rel}","templated":true}]}}