{"id":27888,"date":"2025-04-10T12:07:50","date_gmt":"2025-04-10T10:07:50","guid":{"rendered":"https:\/\/myspainfood.com\/producto\/oti-marynowane-malze-40-50-sztuk\/"},"modified":"2025-04-10T12:07:50","modified_gmt":"2025-04-10T10:07:50","slug":"oti-marynowane-malze-40-50-sztuk","status":"publish","type":"product","link":"https:\/\/myspainfood.com\/pl\/producto\/oti-marynowane-malze-40-50-sztuk\/","title":{"rendered":"Oti marynowane ma\u0142\u017ce 40\/50 sztuk"},"content":{"rendered":"<p>Najlepszej jako\u015bci i najwi\u0119ksze okazy s\u0105 wydobywane w optymalnym momencie z najlepszych patelni. Dzi\u0119ki doskona\u0142emu wygl\u0105dowi, jednolitemu kolorowi, pozbawionemu zarostu i bardzo apetycznemu wygl\u0105dowi, s\u0105 one wynikiem starannej selekcji i przetwarzania. Najwy\u017cszej jako\u015bci sk\u0142adniki s\u0105 u\u017cywane do przygotowania pysznego sosu marynowanego, kt\u00f3ry jest idealnym dodatkiem do tego mi\u0119czaka.  <\/p>\n","protected":false},"excerpt":{"rendered":"<p>Najlepszej jako\u015bci i najwi\u0119ksze okazy s\u0105 wydobywane w optymalnym momencie z najlepszych patelni. Dzi\u0119ki doskona\u0142emu wygl\u0105dowi, jednolitemu kolorowi, pozbawionemu zarostu i bardzo apetycznemu wygl\u0105dowi, s\u0105 one wynikiem starannej selekcji i przetwarzania. Najwy\u017cszej jako\u015bci sk\u0142adniki s\u0105 u\u017cywane do przygotowania pysznego sosu marynowanego, kt\u00f3ry jest idealnym dodatkiem do tego mi\u0119czaka.<\/p>\n","protected":false},"featured_media":10183,"template":"","meta":{"_et_pb_use_builder":"","_et_pb_old_content":"","_et_gb_content_width":""},"product_brand":[1075],"product_cat":[1969,4063],"product_tag":[],"class_list":{"0":"post-27888","1":"product","2":"type-product","3":"status-publish","4":"has-post-thumbnail","6":"product_brand-oti","7":"product_cat-konserwy","8":"product_cat-malze-pl-2","10":"first","11":"outofstock","12":"taxable","13":"shipping-taxable","14":"product-type-variable"},"_links":{"self":[{"href":"https:\/\/myspainfood.com\/pl\/wp-json\/wp\/v2\/product\/27888","targetHints":{"allow":["GET"]}}],"collection":[{"href":"https:\/\/myspainfood.com\/pl\/wp-json\/wp\/v2\/product"}],"about":[{"href":"https:\/\/myspainfood.com\/pl\/wp-json\/wp\/v2\/types\/product"}],"wp:featuredmedia":[{"embeddable":true,"href":"https:\/\/myspainfood.com\/pl\/wp-json\/wp\/v2\/media\/10183"}],"wp:attachment":[{"href":"https:\/\/myspainfood.com\/pl\/wp-json\/wp\/v2\/media?parent=27888"}],"wp:term":[{"taxonomy":"product_brand","embeddable":true,"href":"https:\/\/myspainfood.com\/pl\/wp-json\/wp\/v2\/product_brand?post=27888"},{"taxonomy":"product_cat","embeddable":true,"href":"https:\/\/myspainfood.com\/pl\/wp-json\/wp\/v2\/product_cat?post=27888"},{"taxonomy":"product_tag","embeddable":true,"href":"https:\/\/myspainfood.com\/pl\/wp-json\/wp\/v2\/product_tag?post=27888"}],"curies":[{"name":"wp","href":"https:\/\/api.w.org\/{rel}","templated":true}]}}