{"id":28840,"date":"2025-04-10T12:07:50","date_gmt":"2025-04-10T10:07:50","guid":{"rendered":"https:\/\/myspainfood.com\/producto\/oliwki-almagro-variant-760-g\/"},"modified":"2025-04-10T12:07:50","modified_gmt":"2025-04-10T10:07:50","slug":"oliwki-almagro-variant-760-g","status":"publish","type":"product","link":"https:\/\/myspainfood.com\/pl\/producto\/oliwki-almagro-variant-760-g\/","title":{"rendered":"Oliwki Almagro Variant 760 g"},"content":{"rendered":"<p>Oliwka Almagro Variety 760 gr - La Tienda de Sami<\/p>\n<p>Oliwka o smaku bak\u0142a\u017canaOliwka o smaku bak\u0142a\u017canaOliwka o \u0142agodnym smaku. Odwa\u017cna przystawka, kt\u00f3ra jest zawsze apetyczna i stanowi idealne uzupe\u0142nienie da\u0144 z \u0142y\u017cki. Mo\u017ce by\u0107 podawana z kieliszkiem wina.  <\/p>\n","protected":false},"excerpt":{"rendered":"<p>Oliwka Almagro Variety 760 gr - La Tienda de Sami Oliwka o smaku bak\u0142a\u017canaOliwka o smaku bak\u0142a\u017canaOliwka o \u0142agodnym smaku. Odwa\u017cna przystawka, kt\u00f3ra jest zawsze apetyczna i stanowi idealne uzupe\u0142nienie da\u0144 z \u0142y\u017cki. Mo\u017ce by\u0107 podawana z kieliszkiem wina.<\/p>\n","protected":false},"featured_media":10282,"template":"","meta":{"_et_pb_use_builder":"","_et_pb_old_content":"","_et_gb_content_width":""},"product_brand":[1057],"product_cat":[1567,1566],"product_tag":[3950],"class_list":{"0":"post-28840","1":"product","2":"type-product","3":"status-publish","4":"has-post-thumbnail","6":"product_brand-la-encajera","7":"product_cat-oliwki","8":"product_cat-pikle","9":"product_tag-almagro-pl","11":"first","12":"outofstock","13":"taxable","14":"shipping-taxable","15":"product-type-variable"},"_links":{"self":[{"href":"https:\/\/myspainfood.com\/pl\/wp-json\/wp\/v2\/product\/28840","targetHints":{"allow":["GET"]}}],"collection":[{"href":"https:\/\/myspainfood.com\/pl\/wp-json\/wp\/v2\/product"}],"about":[{"href":"https:\/\/myspainfood.com\/pl\/wp-json\/wp\/v2\/types\/product"}],"wp:featuredmedia":[{"embeddable":true,"href":"https:\/\/myspainfood.com\/pl\/wp-json\/wp\/v2\/media\/10282"}],"wp:attachment":[{"href":"https:\/\/myspainfood.com\/pl\/wp-json\/wp\/v2\/media?parent=28840"}],"wp:term":[{"taxonomy":"product_brand","embeddable":true,"href":"https:\/\/myspainfood.com\/pl\/wp-json\/wp\/v2\/product_brand?post=28840"},{"taxonomy":"product_cat","embeddable":true,"href":"https:\/\/myspainfood.com\/pl\/wp-json\/wp\/v2\/product_cat?post=28840"},{"taxonomy":"product_tag","embeddable":true,"href":"https:\/\/myspainfood.com\/pl\/wp-json\/wp\/v2\/product_tag?post=28840"}],"curies":[{"name":"wp","href":"https:\/\/api.w.org\/{rel}","templated":true}]}}