{"id":29433,"date":"2025-04-10T12:08:21","date_gmt":"2025-04-10T10:08:21","guid":{"rendered":"https:\/\/myspainfood.com\/producto\/losos-kusi-170-gr\/"},"modified":"2025-04-10T12:08:21","modified_gmt":"2025-04-10T10:08:21","slug":"losos-kusi-170-gr","status":"publish","type":"product","link":"https:\/\/myspainfood.com\/pl\/producto\/losos-kusi-170-gr\/","title":{"rendered":"\u0141oso\u015b kusi 170 gr"},"content":{"rendered":"<p>Olej (100% s\u0142onecznikowy), papryka czere\u015bniowa, serek \u015bmietankowy i pokruszony <strong>\u0142oso\u015b<\/strong>.<\/p>\n","protected":false},"excerpt":{"rendered":"<p>Olej (100% s\u0142onecznikowy), papryka czere\u015bniowa, serek \u015bmietankowy i pokruszony \u0142oso\u015b.<\/p>\n","protected":false},"featured_media":10813,"template":"","meta":{"_et_pb_use_builder":"","_et_pb_old_content":"","_et_gb_content_width":""},"product_brand":[1277],"product_cat":[1969,2311,2245],"product_tag":[],"class_list":{"0":"post-29433","1":"product","2":"type-product","3":"status-publish","4":"has-post-thumbnail","6":"product_brand-bokeo","7":"product_cat-konserwy","8":"product_cat-papryka","9":"product_cat-ser-i-kielbasa","10":"product_shipping_class-wysylka-na-zimno","12":"first","13":"outofstock","14":"taxable","15":"shipping-taxable","16":"product-type-variable"},"_links":{"self":[{"href":"https:\/\/myspainfood.com\/pl\/wp-json\/wp\/v2\/product\/29433","targetHints":{"allow":["GET"]}}],"collection":[{"href":"https:\/\/myspainfood.com\/pl\/wp-json\/wp\/v2\/product"}],"about":[{"href":"https:\/\/myspainfood.com\/pl\/wp-json\/wp\/v2\/types\/product"}],"wp:featuredmedia":[{"embeddable":true,"href":"https:\/\/myspainfood.com\/pl\/wp-json\/wp\/v2\/media\/10813"}],"wp:attachment":[{"href":"https:\/\/myspainfood.com\/pl\/wp-json\/wp\/v2\/media?parent=29433"}],"wp:term":[{"taxonomy":"product_brand","embeddable":true,"href":"https:\/\/myspainfood.com\/pl\/wp-json\/wp\/v2\/product_brand?post=29433"},{"taxonomy":"product_cat","embeddable":true,"href":"https:\/\/myspainfood.com\/pl\/wp-json\/wp\/v2\/product_cat?post=29433"},{"taxonomy":"product_tag","embeddable":true,"href":"https:\/\/myspainfood.com\/pl\/wp-json\/wp\/v2\/product_tag?post=29433"}],"curies":[{"name":"wp","href":"https:\/\/api.w.org\/{rel}","templated":true}]}}