{"id":29497,"date":"2025-04-10T12:08:22","date_gmt":"2025-04-10T10:08:22","guid":{"rendered":"https:\/\/myspainfood.com\/producto\/drobna-kruszonka-z-plamiaka-5-kg\/"},"modified":"2025-07-28T13:01:21","modified_gmt":"2025-07-28T11:01:21","slug":"drobna-kruszonka-z-plamiaka-5-kg","status":"publish","type":"product","link":"https:\/\/myspainfood.com\/pl\/producto\/drobna-kruszonka-z-plamiaka-5-kg\/","title":{"rendered":"Drobna kruszonka z plamiaka 5 kg"},"content":{"rendered":"<p>Desmigado Fino Abadejo 5 kg marki <a href=\"https:\/\/labarajilla.es\/bacalao\/\" target=\"_blank\" rel=\"noopener noreferrer nofollow\">La Barajilla<\/a> to najwy\u017cszej jako\u015bci kawa\u0142ki bez sk\u00f3ry i ko\u015bci, idealne do omlet\u00f3w, krokiet\u00f3w i ajoarriero.<\/p>\n<p>Ten produkt wymaga temperatury przechowywania od 0\u00baC do 5\u00baC, aby zachowa\u0107 swoje w\u0142a\u015bciwo\u015bci.<\/p>\n<p>Z \u017cywieniowego punktu widzenia dorsz jest pokarmem bogatym w bia\u0142ko o wysokiej warto\u015bci biologicznej i strawno\u015bci, o niskiej zawarto\u015bci t\u0142uszczu i kalorii.<\/p>\n<p>Zawarto\u015b\u0107 wody wynosi oko\u0142o 80% (w \u015bwie\u017cym dorszu).<\/p>\n<p>Dorsz ten jest dobrym \u017ar\u00f3d\u0142em witamin (g\u0142\u00f3wnie z grupy B) i soli mineralnych niezb\u0119dnych dla organizmu.<\/p>\n<p>\u015awie\u017cy lub odsolony dorsz mo\u017ce by\u0107 spo\u017cywany przez osoby z wysokim ci\u015bnieniem krwi, poniewa\u017c ma nisk\u0105 zawarto\u015b\u0107 sodu i jest bogaty w potas.<\/p>\n<p>&#8222;Dorsz&#8221; to potoczna nazwa kilku gatunk\u00f3w ryb z rodzaju Gadus, chocia\u017c niekt\u00f3re z tego samego rodzaju mog\u0105 mie\u0107 inne nazwy.<\/p>\n<p>Najpopularniejszym gatunkiem jest dorsz atlantycki (Gadus morhua lub dorsz pospolity).<\/p>\n<p>Je\u015bli chc\u0105 Pa\u0144stwo kupi\u0107 Desmigado Fino Abadejo 5 kg lub jakikolwiek inny produkt <a href=\"https:\/\/latiendadesami.com\/categoria-producto\/frio\/\" rel=\"noopener noreferrer nofollow\" target=\"_blank\">na zimno<\/a>, prosimy o zapoznanie si\u0119 z ca\u0142ym naszym katalogiem online, aby zobaczy\u0107 szerok\u0105 gam\u0119 oferowanych przez nas dorszy.<\/p>\n<p>Prosz\u0119 napisa\u0107 do nas, aby uzyska\u0107 wi\u0119cej informacji.<\/p>\n","protected":false},"excerpt":{"rendered":"<p>Desmigado Fino Abadejo 5 kg marki La Barajilla to najwy\u017cszej jako\u015bci kawa\u0142ki bez sk\u00f3ry i ko\u015bci, idealne do omlet\u00f3w, krokiet\u00f3w i ajoarriero. Ten produkt wymaga temperatury przechowywania od 0\u00baC do 5\u00baC, aby zachowa\u0107 swoje w\u0142a\u015bciwo\u015bci. Z \u017cywieniowego punktu widzenia dorsz jest pokarmem bogatym w bia\u0142ko o wysokiej warto\u015bci biologicznej i strawno\u015bci, o niskiej zawarto\u015bci t\u0142uszczu [&hellip;]<\/p>\n","protected":false},"featured_media":11038,"template":"","meta":{"_et_pb_use_builder":"","_et_pb_old_content":"","_et_gb_content_width":""},"product_brand":[1290],"product_cat":[3558,1836],"product_tag":[],"class_list":{"0":"post-29497","1":"product","2":"type-product","3":"status-publish","4":"has-post-thumbnail","6":"product_brand-la-barajilla","7":"product_cat-dorsz","8":"product_cat-zimno","9":"product_shipping_class-wysylka-na-zimno","11":"first","12":"outofstock","13":"taxable","14":"shipping-taxable","15":"purchasable","16":"product-type-simple"},"_links":{"self":[{"href":"https:\/\/myspainfood.com\/pl\/wp-json\/wp\/v2\/product\/29497","targetHints":{"allow":["GET"]}}],"collection":[{"href":"https:\/\/myspainfood.com\/pl\/wp-json\/wp\/v2\/product"}],"about":[{"href":"https:\/\/myspainfood.com\/pl\/wp-json\/wp\/v2\/types\/product"}],"wp:featuredmedia":[{"embeddable":true,"href":"https:\/\/myspainfood.com\/pl\/wp-json\/wp\/v2\/media\/11038"}],"wp:attachment":[{"href":"https:\/\/myspainfood.com\/pl\/wp-json\/wp\/v2\/media?parent=29497"}],"wp:term":[{"taxonomy":"product_brand","embeddable":true,"href":"https:\/\/myspainfood.com\/pl\/wp-json\/wp\/v2\/product_brand?post=29497"},{"taxonomy":"product_cat","embeddable":true,"href":"https:\/\/myspainfood.com\/pl\/wp-json\/wp\/v2\/product_cat?post=29497"},{"taxonomy":"product_tag","embeddable":true,"href":"https:\/\/myspainfood.com\/pl\/wp-json\/wp\/v2\/product_tag?post=29497"}],"curies":[{"name":"wp","href":"https:\/\/api.w.org\/{rel}","templated":true}]}}