{"id":29541,"date":"2025-04-10T12:08:11","date_gmt":"2025-04-10T10:08:11","guid":{"rendered":"https:\/\/myspainfood.com\/producto\/serowe-przysmaki-z-anchois-75-sztuk\/"},"modified":"2025-08-06T12:56:43","modified_gmt":"2025-08-06T10:56:43","slug":"serowe-przysmaki-z-anchois-75-sztuk","status":"publish","type":"product","link":"https:\/\/myspainfood.com\/pl\/producto\/serowe-przysmaki-z-anchois-75-sztuk\/","title":{"rendered":"Serowe przysmaki z anchois 75 sztuk"},"content":{"rendered":"<p>Oliwa (85% s\u0142onecznikowa, 15% oliwkowa), oliwki nadziewane <strong>sardel\u0105<\/strong>, filet z<strong> sardeli<\/strong>, p\u00f3\u0142twardy ser, piparra i czerwona papryka.<\/p>\n","protected":false},"excerpt":{"rendered":"<p>Oliwa (85% s\u0142onecznikowa, 15% oliwkowa), oliwki nadziewane sardel\u0105, filet z sardeli, p\u00f3\u0142twardy ser, piparra i czerwona papryka.<\/p>\n","protected":false},"featured_media":10606,"template":"","meta":{"_et_pb_use_builder":"","_et_pb_old_content":"","_et_gb_content_width":""},"product_brand":[1277],"product_cat":[1567,1566,1840,1838,1836],"product_tag":[],"class_list":{"0":"post-29541","1":"product","2":"type-product","3":"status-publish","4":"has-post-thumbnail","6":"product_brand-bokeo","7":"product_cat-oliwki","8":"product_cat-pikle","9":"product_cat-pintxos-pl","10":"product_cat-sardele-pl","11":"product_cat-zimno","12":"product_shipping_class-wysylka-na-zimno","14":"first","15":"instock","16":"taxable","17":"shipping-taxable","18":"purchasable","19":"product-type-simple"},"_links":{"self":[{"href":"https:\/\/myspainfood.com\/pl\/wp-json\/wp\/v2\/product\/29541","targetHints":{"allow":["GET"]}}],"collection":[{"href":"https:\/\/myspainfood.com\/pl\/wp-json\/wp\/v2\/product"}],"about":[{"href":"https:\/\/myspainfood.com\/pl\/wp-json\/wp\/v2\/types\/product"}],"wp:featuredmedia":[{"embeddable":true,"href":"https:\/\/myspainfood.com\/pl\/wp-json\/wp\/v2\/media\/10606"}],"wp:attachment":[{"href":"https:\/\/myspainfood.com\/pl\/wp-json\/wp\/v2\/media?parent=29541"}],"wp:term":[{"taxonomy":"product_brand","embeddable":true,"href":"https:\/\/myspainfood.com\/pl\/wp-json\/wp\/v2\/product_brand?post=29541"},{"taxonomy":"product_cat","embeddable":true,"href":"https:\/\/myspainfood.com\/pl\/wp-json\/wp\/v2\/product_cat?post=29541"},{"taxonomy":"product_tag","embeddable":true,"href":"https:\/\/myspainfood.com\/pl\/wp-json\/wp\/v2\/product_tag?post=29541"}],"curies":[{"name":"wp","href":"https:\/\/api.w.org\/{rel}","templated":true}]}}