{"id":29886,"date":"2025-04-10T12:08:04","date_gmt":"2025-04-10T10:08:04","guid":{"rendered":"https:\/\/myspainfood.com\/producto\/blok-pasztetu-z-foie-gras-90-canard-picarpicar-150-g\/"},"modified":"2025-07-28T12:58:37","modified_gmt":"2025-07-28T10:58:37","slug":"blok-pasztetu-z-foie-gras-90-canard-picarpicar-150-g","status":"publish","type":"product","link":"https:\/\/myspainfood.com\/pl\/producto\/blok-pasztetu-z-foie-gras-90-canard-picarpicar-150-g\/","title":{"rendered":"Blok pasztetu z Foie Gras 90% Canard Picar&amp;picar 150 g"},"content":{"rendered":"<p>PICAR&amp;PICAR oferuje <strong>Foie Gra<\/strong> s Bloc pierwszej jako\u015bci, w opakowaniach po 150 gr<\/p>\n<p><strong>Foie gras de canard<\/strong> ma bardziej intensywny smak, idealny do towarzyszenia naszym posi\u0142kom w dowolnym momencie lub do wykorzystania jako sk\u0142adnik w kuchni.<\/p>\n","protected":false},"excerpt":{"rendered":"<p>PICAR&amp;PICAR oferuje Foie Gra s Bloc pierwszej jako\u015bci, w opakowaniach po 150 gr Foie gras de canard ma bardziej intensywny smak, idealny do towarzyszenia naszym posi\u0142kom w dowolnym momencie lub do wykorzystania jako sk\u0142adnik w kuchni.<\/p>\n","protected":false},"featured_media":10444,"template":"","meta":{"_et_pb_use_builder":"","_et_pb_old_content":"","_et_gb_content_width":""},"product_brand":[1127],"product_cat":[6594,1836],"product_tag":[],"class_list":{"0":"post-29886","1":"product","2":"type-product","3":"status-publish","4":"has-post-thumbnail","6":"product_brand-picarpicar","7":"product_cat-foie-pl","8":"product_cat-zimno","9":"product_shipping_class-wysylka-na-zimno","11":"first","12":"outofstock","13":"sale","14":"featured","15":"taxable","16":"shipping-taxable","17":"purchasable","18":"product-type-simple"},"_links":{"self":[{"href":"https:\/\/myspainfood.com\/pl\/wp-json\/wp\/v2\/product\/29886","targetHints":{"allow":["GET"]}}],"collection":[{"href":"https:\/\/myspainfood.com\/pl\/wp-json\/wp\/v2\/product"}],"about":[{"href":"https:\/\/myspainfood.com\/pl\/wp-json\/wp\/v2\/types\/product"}],"wp:featuredmedia":[{"embeddable":true,"href":"https:\/\/myspainfood.com\/pl\/wp-json\/wp\/v2\/media\/10444"}],"wp:attachment":[{"href":"https:\/\/myspainfood.com\/pl\/wp-json\/wp\/v2\/media?parent=29886"}],"wp:term":[{"taxonomy":"product_brand","embeddable":true,"href":"https:\/\/myspainfood.com\/pl\/wp-json\/wp\/v2\/product_brand?post=29886"},{"taxonomy":"product_cat","embeddable":true,"href":"https:\/\/myspainfood.com\/pl\/wp-json\/wp\/v2\/product_cat?post=29886"},{"taxonomy":"product_tag","embeddable":true,"href":"https:\/\/myspainfood.com\/pl\/wp-json\/wp\/v2\/product_tag?post=29886"}],"curies":[{"name":"wp","href":"https:\/\/api.w.org\/{rel}","templated":true}]}}