{"id":29912,"date":"2025-04-10T12:08:05","date_gmt":"2025-04-10T10:08:05","guid":{"rendered":"https:\/\/myspainfood.com\/producto\/sushi-cecina-i-ser-80-sztuk\/"},"modified":"2025-07-28T12:59:10","modified_gmt":"2025-07-28T10:59:10","slug":"sushi-cecina-i-ser-80-sztuk","status":"publish","type":"product","link":"https:\/\/myspainfood.com\/pl\/producto\/sushi-cecina-i-ser-80-sztuk\/","title":{"rendered":"Sushi Cecina i ser 80 sztuk"},"content":{"rendered":"<p>Olej (85% s\u0142onecznikowy, 15% oliwkowy), oliwka nadziewana<strong> anchois<\/strong>, <strong>jajko<\/strong> przepi\u00f3rcze, ser mieszany i suszona wo\u0142owina.<\/p>\n","protected":false},"excerpt":{"rendered":"<p>Olej (85% s\u0142onecznikowy, 15% oliwkowy), oliwka nadziewana anchois, jajko przepi\u00f3rcze, ser mieszany i suszona wo\u0142owina.<\/p>\n","protected":false},"featured_media":10462,"template":"","meta":{"_et_pb_use_builder":"","_et_pb_old_content":"","_et_gb_content_width":""},"product_brand":[1277],"product_cat":[1567,1566,1840,2245,1836],"product_tag":[],"class_list":{"0":"post-29912","1":"product","2":"type-product","3":"status-publish","4":"has-post-thumbnail","6":"product_brand-bokeo","7":"product_cat-oliwki","8":"product_cat-pikle","9":"product_cat-pintxos-pl","10":"product_cat-ser-i-kielbasa","11":"product_cat-zimno","12":"product_shipping_class-wysylka-na-zimno","14":"first","15":"outofstock","16":"taxable","17":"shipping-taxable","18":"purchasable","19":"product-type-simple"},"_links":{"self":[{"href":"https:\/\/myspainfood.com\/pl\/wp-json\/wp\/v2\/product\/29912","targetHints":{"allow":["GET"]}}],"collection":[{"href":"https:\/\/myspainfood.com\/pl\/wp-json\/wp\/v2\/product"}],"about":[{"href":"https:\/\/myspainfood.com\/pl\/wp-json\/wp\/v2\/types\/product"}],"wp:featuredmedia":[{"embeddable":true,"href":"https:\/\/myspainfood.com\/pl\/wp-json\/wp\/v2\/media\/10462"}],"wp:attachment":[{"href":"https:\/\/myspainfood.com\/pl\/wp-json\/wp\/v2\/media?parent=29912"}],"wp:term":[{"taxonomy":"product_brand","embeddable":true,"href":"https:\/\/myspainfood.com\/pl\/wp-json\/wp\/v2\/product_brand?post=29912"},{"taxonomy":"product_cat","embeddable":true,"href":"https:\/\/myspainfood.com\/pl\/wp-json\/wp\/v2\/product_cat?post=29912"},{"taxonomy":"product_tag","embeddable":true,"href":"https:\/\/myspainfood.com\/pl\/wp-json\/wp\/v2\/product_tag?post=29912"}],"curies":[{"name":"wp","href":"https:\/\/api.w.org\/{rel}","templated":true}]}}