{"id":30075,"date":"2025-04-10T12:08:03","date_gmt":"2025-04-10T10:08:03","guid":{"rendered":"https:\/\/myspainfood.com\/producto\/ser-kantabryjski-i-anchois-gildas-5-sztuk\/"},"modified":"2025-06-24T16:13:22","modified_gmt":"2025-06-24T14:13:22","slug":"ser-kantabryjski-i-anchois-gildas-5-sztuk","status":"publish","type":"product","link":"https:\/\/myspainfood.com\/pl\/producto\/ser-kantabryjski-i-anchois-gildas-5-sztuk\/","title":{"rendered":"Ser kantabryjski i anchois Gildas 5 sztuk"},"content":{"rendered":"<p>Oliwa (85% s\u0142onecznikowa, 15% oliwkowa), oliwki nadziewane <strong>sardel\u0105<\/strong>, filet z<strong> sardeli kantabryjskiej<\/strong>, p\u00f3\u0142twardy ser, czerwona papryka i czerwony pieprz.<\/p>\n","protected":false},"excerpt":{"rendered":"<p>Oliwa (85% s\u0142onecznikowa, 15% oliwkowa), oliwki nadziewane sardel\u0105, filet z sardeli kantabryjskiej, p\u00f3\u0142twardy ser, czerwona papryka i czerwony pieprz.<\/p>\n","protected":false},"featured_media":10723,"template":"","meta":{"_et_pb_use_builder":"","_et_pb_old_content":"","_et_gb_content_width":""},"product_brand":[1277],"product_cat":[1969,1567,4000,2311,1566,1840,1838,2245,1836],"product_tag":[],"class_list":{"0":"post-30075","1":"product","2":"type-product","3":"status-publish","4":"has-post-thumbnail","6":"product_brand-bokeo","7":"product_cat-konserwy","8":"product_cat-oliwki","9":"product_cat-papryczki-chili","10":"product_cat-papryka","11":"product_cat-pikle","12":"product_cat-pintxos-pl","13":"product_cat-sardele-pl","14":"product_cat-ser-i-kielbasa","15":"product_cat-zimno","16":"product_shipping_class-wysylka-na-zimno","18":"first","19":"instock","20":"taxable","21":"shipping-taxable","22":"product-type-variable"},"_links":{"self":[{"href":"https:\/\/myspainfood.com\/pl\/wp-json\/wp\/v2\/product\/30075","targetHints":{"allow":["GET"]}}],"collection":[{"href":"https:\/\/myspainfood.com\/pl\/wp-json\/wp\/v2\/product"}],"about":[{"href":"https:\/\/myspainfood.com\/pl\/wp-json\/wp\/v2\/types\/product"}],"wp:featuredmedia":[{"embeddable":true,"href":"https:\/\/myspainfood.com\/pl\/wp-json\/wp\/v2\/media\/10723"}],"wp:attachment":[{"href":"https:\/\/myspainfood.com\/pl\/wp-json\/wp\/v2\/media?parent=30075"}],"wp:term":[{"taxonomy":"product_brand","embeddable":true,"href":"https:\/\/myspainfood.com\/pl\/wp-json\/wp\/v2\/product_brand?post=30075"},{"taxonomy":"product_cat","embeddable":true,"href":"https:\/\/myspainfood.com\/pl\/wp-json\/wp\/v2\/product_cat?post=30075"},{"taxonomy":"product_tag","embeddable":true,"href":"https:\/\/myspainfood.com\/pl\/wp-json\/wp\/v2\/product_tag?post=30075"}],"curies":[{"name":"wp","href":"https:\/\/api.w.org\/{rel}","templated":true}]}}