{"id":30584,"date":"2025-04-10T12:08:03","date_gmt":"2025-04-10T10:08:03","guid":{"rendered":"https:\/\/myspainfood.com\/producto\/cecina-i-ser-gildas-4-sztuki\/"},"modified":"2025-06-24T14:13:47","modified_gmt":"2025-06-24T12:13:47","slug":"cecina-i-ser-gildas-4-sztuki","status":"publish","type":"product","link":"https:\/\/myspainfood.com\/pl\/producto\/cecina-i-ser-gildas-4-sztuki\/","title":{"rendered":"Cecina i ser Gildas 4 sztuki"},"content":{"rendered":"<p>Olej (85% s\u0142onecznikowy, 15% oliwkowy), p\u00f3\u0142surowy ser i suszona wo\u0142owina.<\/p>\n","protected":false},"excerpt":{"rendered":"<p>Olej (85% s\u0142onecznikowy, 15% oliwkowy), p\u00f3\u0142surowy ser i suszona wo\u0142owina.<\/p>\n","protected":false},"featured_media":10777,"template":"","meta":{"_et_pb_use_builder":"","_et_pb_old_content":"","_et_gb_content_width":""},"product_brand":[1277],"product_cat":[2086,2246,1566,1840,2245,2722,1836],"product_tag":[],"class_list":{"0":"post-30584","1":"product","2":"type-product","3":"status-publish","4":"has-post-thumbnail","6":"product_brand-bokeo","7":"product_cat-banderillas-pl","8":"product_cat-kielbasa","9":"product_cat-pikle","10":"product_cat-pintxos-pl","11":"product_cat-ser-i-kielbasa","12":"product_cat-utwardzanie","13":"product_cat-zimno","14":"product_shipping_class-wysylka-na-zimno","16":"first","17":"outofstock","18":"taxable","19":"shipping-taxable","20":"product-type-variable"},"_links":{"self":[{"href":"https:\/\/myspainfood.com\/pl\/wp-json\/wp\/v2\/product\/30584","targetHints":{"allow":["GET"]}}],"collection":[{"href":"https:\/\/myspainfood.com\/pl\/wp-json\/wp\/v2\/product"}],"about":[{"href":"https:\/\/myspainfood.com\/pl\/wp-json\/wp\/v2\/types\/product"}],"wp:featuredmedia":[{"embeddable":true,"href":"https:\/\/myspainfood.com\/pl\/wp-json\/wp\/v2\/media\/10777"}],"wp:attachment":[{"href":"https:\/\/myspainfood.com\/pl\/wp-json\/wp\/v2\/media?parent=30584"}],"wp:term":[{"taxonomy":"product_brand","embeddable":true,"href":"https:\/\/myspainfood.com\/pl\/wp-json\/wp\/v2\/product_brand?post=30584"},{"taxonomy":"product_cat","embeddable":true,"href":"https:\/\/myspainfood.com\/pl\/wp-json\/wp\/v2\/product_cat?post=30584"},{"taxonomy":"product_tag","embeddable":true,"href":"https:\/\/myspainfood.com\/pl\/wp-json\/wp\/v2\/product_tag?post=30584"}],"curies":[{"name":"wp","href":"https:\/\/api.w.org\/{rel}","templated":true}]}}