{"id":30788,"date":"2025-04-10T12:08:34","date_gmt":"2025-04-10T10:08:34","guid":{"rendered":"https:\/\/myspainfood.com\/producto\/dorsz-pokrojony-w-kostke-5kg\/"},"modified":"2025-06-24T13:33:31","modified_gmt":"2025-06-24T11:33:31","slug":"dorsz-pokrojony-w-kostke-5kg","status":"publish","type":"product","link":"https:\/\/myspainfood.com\/pl\/producto\/dorsz-pokrojony-w-kostke-5kg\/","title":{"rendered":"Dorsz pokrojony w kostk\u0119 5kg"},"content":{"rendered":"<p><a href=\"https:\/\/labarajilla.es\/bacalao\/\" target=\"_blank\" rel=\"noopener noreferrer nofollow\">La Barajilla<\/a> Dorsz 5 kg opiera si\u0119 na otwartym kawa\u0142ku solonego dorsza, wybieraj\u0105c najbardziej soczyst\u0105 cz\u0119\u015b\u0107 i unikaj\u0105c o\u015bci.<\/p>\n<ul>\n<li><strong>GATUNKI<\/strong>: Dorsz ( Gadus Morhua )<u><\/u><u><\/u><\/li>\n<li><strong>STREFA PO\u0141OW\u00d3W<\/strong>: P\u00f3\u0142nocno-zachodni Atlantyk ( FAO 27 )<u><\/u><u><\/u><\/li>\n<li><strong>PRZECHOWYWANIE<\/strong>: mi\u0119dzy 0\u00baC a 5\u00baC.<\/li>\n<\/ul>\n<p>Z \u017cywieniowego punktu widzenia dorsz jest pokarmem bogatym w bia\u0142ko o wysokiej warto\u015bci biologicznej i strawno\u015bci, o niskiej zawarto\u015bci t\u0142uszczu i kalorii.<\/p>\n<p>Zawarto\u015b\u0107 wody wynosi oko\u0142o 80% (w \u015bwie\u017cym dorszu).<\/p>\n<p>Dorsz ten jest dobrym \u017ar\u00f3d\u0142em witamin (g\u0142\u00f3wnie z grupy B) i soli mineralnych niezb\u0119dnych dla organizmu.<\/p>\n<p>\u015awie\u017cy lub odsolony dorsz mo\u017ce by\u0107 spo\u017cywany przez osoby z wysokim ci\u015bnieniem krwi, poniewa\u017c ma nisk\u0105 zawarto\u015b\u0107 sodu i jest bogaty w potas.<\/p>\n<p>&#8222;Dorsz&#8221; to potoczna nazwa kilku gatunk\u00f3w ryb z rodzaju Gadus, chocia\u017c niekt\u00f3re z tego samego rodzaju mog\u0105 mie\u0107 inne nazwy.<\/p>\n<p>Najpopularniejszym gatunkiem jest dorsz atlantycki (Gadus morhua lub dorsz pospolity).<\/p>\n<p>Je\u015bli chcieliby Pa\u0144stwo kupi\u0107 dorsza w kawa\u0142kach 5 kg lub inny rodzaj <a href=\"https:\/\/latiendadesami.com\/categoria-producto\/frio\/\" rel=\"noopener noreferrer nofollow\" target=\"_blank\">zimnego<\/a> produktu, prosimy zapozna\u0107 si\u0119 z naszym katalogiem online, aby zobaczy\u0107 szerok\u0105 gam\u0119 oferowanych przez nas ryb dorszowatych.<\/p>\n<p>Prosz\u0119 napisa\u0107 do nas, aby uzyska\u0107 wi\u0119cej informacji.<\/p>\n","protected":false},"excerpt":{"rendered":"<p>La Barajilla Dorsz 5 kg opiera si\u0119 na otwartym kawa\u0142ku solonego dorsza, wybieraj\u0105c najbardziej soczyst\u0105 cz\u0119\u015b\u0107 i unikaj\u0105c o\u015bci. GATUNKI: Dorsz ( Gadus Morhua ) STREFA PO\u0141OW\u00d3W: P\u00f3\u0142nocno-zachodni Atlantyk ( FAO 27 ) PRZECHOWYWANIE: mi\u0119dzy 0\u00baC a 5\u00baC. Z \u017cywieniowego punktu widzenia dorsz jest pokarmem bogatym w bia\u0142ko o wysokiej warto\u015bci biologicznej i strawno\u015bci, o [&hellip;]<\/p>\n","protected":false},"featured_media":11074,"template":"","meta":{"_et_pb_use_builder":"","_et_pb_old_content":"","_et_gb_content_width":""},"product_brand":[1290],"product_cat":[3558,1836],"product_tag":[],"class_list":{"0":"post-30788","1":"product","2":"type-product","3":"status-publish","4":"has-post-thumbnail","6":"product_brand-la-barajilla","7":"product_cat-dorsz","8":"product_cat-zimno","9":"product_shipping_class-wysylka-na-zimno","11":"first","12":"outofstock","13":"taxable","14":"shipping-taxable","15":"purchasable","16":"product-type-simple"},"_links":{"self":[{"href":"https:\/\/myspainfood.com\/pl\/wp-json\/wp\/v2\/product\/30788","targetHints":{"allow":["GET"]}}],"collection":[{"href":"https:\/\/myspainfood.com\/pl\/wp-json\/wp\/v2\/product"}],"about":[{"href":"https:\/\/myspainfood.com\/pl\/wp-json\/wp\/v2\/types\/product"}],"wp:featuredmedia":[{"embeddable":true,"href":"https:\/\/myspainfood.com\/pl\/wp-json\/wp\/v2\/media\/11074"}],"wp:attachment":[{"href":"https:\/\/myspainfood.com\/pl\/wp-json\/wp\/v2\/media?parent=30788"}],"wp:term":[{"taxonomy":"product_brand","embeddable":true,"href":"https:\/\/myspainfood.com\/pl\/wp-json\/wp\/v2\/product_brand?post=30788"},{"taxonomy":"product_cat","embeddable":true,"href":"https:\/\/myspainfood.com\/pl\/wp-json\/wp\/v2\/product_cat?post=30788"},{"taxonomy":"product_tag","embeddable":true,"href":"https:\/\/myspainfood.com\/pl\/wp-json\/wp\/v2\/product_tag?post=30788"}],"curies":[{"name":"wp","href":"https:\/\/api.w.org\/{rel}","templated":true}]}}