{"id":31038,"date":"2025-04-10T12:08:39","date_gmt":"2025-04-10T10:08:39","guid":{"rendered":"https:\/\/myspainfood.com\/producto\/kokotxas-iceland-extra-500gr\/"},"modified":"2025-07-28T10:36:49","modified_gmt":"2025-07-28T08:36:49","slug":"kokotxas-iceland-extra-500gr","status":"publish","type":"product","link":"https:\/\/myspainfood.com\/pl\/producto\/kokotxas-iceland-extra-500gr\/","title":{"rendered":"Kokotxas Iceland Extra 500gr"},"content":{"rendered":"<p>Kokotxas Islandia Extra 500gr firmy <a href=\"https:\/\/labarajilla.es\/bacalao\/\" target=\"_blank\" rel=\"noopener noreferrer nofollow\">La Barajilla<\/a> s\u0105 bardzo cenione za swoj\u0105 tekstur\u0119.<\/p>\n<p>Te kokotksy maj\u0105 dobr\u0105 mas\u0119 mi\u0119\u015bniow\u0105 zlokalizowan\u0105 mi\u0119dzy dwiema dolnymi szcz\u0119kami ryby.<\/p>\n<ul>\n<li><strong>GATUNKI<\/strong>: Dorsz ( Gadus Morhua )<u><\/u><u><\/u><\/li>\n<li><strong>STREFA PO\u0141OW\u00d3W<\/strong>: P\u00f3\u0142nocno-zachodni Atlantyk ( FAO 27 )<u><\/u><u><\/u><\/li>\n<li><strong>PRZECHOWYWANIE<\/strong>: mi\u0119dzy 0\u00baC a 5\u00baC.<\/li>\n<\/ul>\n<p>Z \u017cywieniowego punktu widzenia dorsz jest pokarmem bogatym w bia\u0142ko o wysokiej warto\u015bci biologicznej i strawno\u015bci, o niskiej zawarto\u015bci t\u0142uszczu i kalorii.<\/p>\n<p>Zawarto\u015b\u0107 wody wynosi oko\u0142o 80% (w \u015bwie\u017cym dorszu).<\/p>\n<p>Dorsz ten jest dobrym \u017ar\u00f3d\u0142em witamin (g\u0142\u00f3wnie z grupy B) i soli mineralnych niezb\u0119dnych dla organizmu.<\/p>\n<p>\u015awie\u017cy lub odsolony dorsz mo\u017ce by\u0107 spo\u017cywany przez osoby z wysokim ci\u015bnieniem krwi, poniewa\u017c ma nisk\u0105 zawarto\u015b\u0107 sodu i jest bogaty w potas.<\/p>\n<p>&#8222;Dorsz&#8221; to potoczna nazwa kilku gatunk\u00f3w ryb z rodzaju Gadus, chocia\u017c niekt\u00f3re z tego samego rodzaju mog\u0105 mie\u0107 inne nazwy.<\/p>\n<p>Najpopularniejszym gatunkiem jest dorsz atlantycki (Gadus morhua lub dorsz pospolity).<\/p>\n<p>Je\u015bli chc\u0105 Pa\u0144stwo kupi\u0107 Kokotxas Islandia Extra 500gr lub jakikolwiek inny produkt <a href=\"https:\/\/latiendadesami.com\/categoria-producto\/frio\/\" rel=\"noopener noreferrer nofollow\" target=\"_blank\">na zimno<\/a>, prosz\u0119 nie waha\u0107 si\u0119 i zajrze\u0107 do naszego katalogu online, aby zapozna\u0107 si\u0119 z szerok\u0105 gam\u0105 dorszy, kt\u00f3re posiadamy.<\/p>\n<p>Prosz\u0119 napisa\u0107 do nas, aby uzyska\u0107 wi\u0119cej informacji.<\/p>\n","protected":false},"excerpt":{"rendered":"<p>Kokotxas Islandia Extra 500gr firmy La Barajilla s\u0105 bardzo cenione za swoj\u0105 tekstur\u0119. Te kokotksy maj\u0105 dobr\u0105 mas\u0119 mi\u0119\u015bniow\u0105 zlokalizowan\u0105 mi\u0119dzy dwiema dolnymi szcz\u0119kami ryby. GATUNKI: Dorsz ( Gadus Morhua ) STREFA PO\u0141OW\u00d3W: P\u00f3\u0142nocno-zachodni Atlantyk ( FAO 27 ) PRZECHOWYWANIE: mi\u0119dzy 0\u00baC a 5\u00baC. Z \u017cywieniowego punktu widzenia dorsz jest pokarmem bogatym w bia\u0142ko o [&hellip;]<\/p>\n","protected":false},"featured_media":11164,"template":"","meta":{"_et_pb_use_builder":"","_et_pb_old_content":"","_et_gb_content_width":""},"product_brand":[1290],"product_cat":[3558,1836],"product_tag":[],"class_list":{"0":"post-31038","1":"product","2":"type-product","3":"status-publish","4":"has-post-thumbnail","6":"product_brand-la-barajilla","7":"product_cat-dorsz","8":"product_cat-zimno","9":"product_shipping_class-wysylka-na-zimno","11":"first","12":"outofstock","13":"taxable","14":"shipping-taxable","15":"purchasable","16":"product-type-simple"},"_links":{"self":[{"href":"https:\/\/myspainfood.com\/pl\/wp-json\/wp\/v2\/product\/31038","targetHints":{"allow":["GET"]}}],"collection":[{"href":"https:\/\/myspainfood.com\/pl\/wp-json\/wp\/v2\/product"}],"about":[{"href":"https:\/\/myspainfood.com\/pl\/wp-json\/wp\/v2\/types\/product"}],"wp:featuredmedia":[{"embeddable":true,"href":"https:\/\/myspainfood.com\/pl\/wp-json\/wp\/v2\/media\/11164"}],"wp:attachment":[{"href":"https:\/\/myspainfood.com\/pl\/wp-json\/wp\/v2\/media?parent=31038"}],"wp:term":[{"taxonomy":"product_brand","embeddable":true,"href":"https:\/\/myspainfood.com\/pl\/wp-json\/wp\/v2\/product_brand?post=31038"},{"taxonomy":"product_cat","embeddable":true,"href":"https:\/\/myspainfood.com\/pl\/wp-json\/wp\/v2\/product_cat?post=31038"},{"taxonomy":"product_tag","embeddable":true,"href":"https:\/\/myspainfood.com\/pl\/wp-json\/wp\/v2\/product_tag?post=31038"}],"curies":[{"name":"wp","href":"https:\/\/api.w.org\/{rel}","templated":true}]}}