{"id":31603,"date":"2025-04-10T12:09:08","date_gmt":"2025-04-10T10:09:08","guid":{"rendered":"https:\/\/myspainfood.com\/producto\/ser-owczy-z-rozmarynem-el-gran-cardenal\/"},"modified":"2025-07-28T13:02:05","modified_gmt":"2025-07-28T11:02:05","slug":"ser-owczy-z-rozmarynem-el-gran-cardenal","status":"publish","type":"product","link":"https:\/\/myspainfood.com\/pl\/producto\/ser-owczy-z-rozmarynem-el-gran-cardenal\/","title":{"rendered":"Ser owczy z rozmarynem El Gran Cardenal"},"content":{"rendered":"<div class=\"et_pb_blurb_container\">\n<div class=\"et_pb_blurb_container\">\n<h4 class=\"et_pb_module_header\">Owca z rozmarynem<\/h4>\n<div class=\"et_pb_blurb_description\">Rozmaryn to aromatyczna ro\u015blina typowa dla regionu \u015br\u00f3dziemnomorskiego. Jego aromat impregnuje nasz ser Castellano de Oveja, nadaj\u0105c mu bardzo zniuansowany zapach i smak, a tak\u017ce pomaga chroni\u0107 ser. <\/p>\n<p>W j\u0119zyku kwiat\u00f3w rozmaryn jest symbolem dobrej wiary i otwarto\u015bci.<\/p><\/div>\n<\/div>\n<\/div>\n","protected":false},"excerpt":{"rendered":"<p>Owca z rozmarynem Rozmaryn to aromatyczna ro\u015blina typowa dla regionu \u015br\u00f3dziemnomorskiego. Jego aromat impregnuje nasz ser Castellano de Oveja, nadaj\u0105c mu bardzo zniuansowany zapach i smak, a tak\u017ce pomaga chroni\u0107 ser. W j\u0119zyku kwiat\u00f3w rozmaryn jest symbolem dobrej wiary i otwarto\u015bci.<\/p>\n","protected":false},"featured_media":11686,"template":"","meta":{"_et_pb_use_builder":"","_et_pb_old_content":"","_et_gb_content_width":""},"product_brand":[1319],"product_cat":[2245,2722,1836],"product_tag":[],"class_list":{"0":"post-31603","1":"product","2":"type-product","3":"status-publish","4":"has-post-thumbnail","6":"product_brand-el-gran-cardenal","7":"product_cat-ser-i-kielbasa","8":"product_cat-utwardzanie","9":"product_cat-zimno","10":"product_shipping_class-wysylka-na-zimno","12":"first","13":"outofstock","14":"taxable","15":"shipping-taxable","16":"purchasable","17":"product-type-variable"},"_links":{"self":[{"href":"https:\/\/myspainfood.com\/pl\/wp-json\/wp\/v2\/product\/31603","targetHints":{"allow":["GET"]}}],"collection":[{"href":"https:\/\/myspainfood.com\/pl\/wp-json\/wp\/v2\/product"}],"about":[{"href":"https:\/\/myspainfood.com\/pl\/wp-json\/wp\/v2\/types\/product"}],"wp:featuredmedia":[{"embeddable":true,"href":"https:\/\/myspainfood.com\/pl\/wp-json\/wp\/v2\/media\/11686"}],"wp:attachment":[{"href":"https:\/\/myspainfood.com\/pl\/wp-json\/wp\/v2\/media?parent=31603"}],"wp:term":[{"taxonomy":"product_brand","embeddable":true,"href":"https:\/\/myspainfood.com\/pl\/wp-json\/wp\/v2\/product_brand?post=31603"},{"taxonomy":"product_cat","embeddable":true,"href":"https:\/\/myspainfood.com\/pl\/wp-json\/wp\/v2\/product_cat?post=31603"},{"taxonomy":"product_tag","embeddable":true,"href":"https:\/\/myspainfood.com\/pl\/wp-json\/wp\/v2\/product_tag?post=31603"}],"curies":[{"name":"wp","href":"https:\/\/api.w.org\/{rel}","templated":true}]}}