{"id":31712,"date":"2025-04-10T12:09:09","date_gmt":"2025-04-10T10:09:09","guid":{"rendered":"https:\/\/myspainfood.com\/producto\/el-gran-cardenal-ser-kozi-i-krowi-z-papryka\/"},"modified":"2025-06-24T14:15:03","modified_gmt":"2025-06-24T12:15:03","slug":"el-gran-cardenal-ser-kozi-i-krowi-z-papryka","status":"publish","type":"product","link":"https:\/\/myspainfood.com\/pl\/producto\/el-gran-cardenal-ser-kozi-i-krowi-z-papryka\/","title":{"rendered":"El Gran Cardenal Ser kozi i krowi z papryk\u0105"},"content":{"rendered":"<div class=\"et_pb_blurb_container\">\n<div class=\"et_pb_blurb_container\">\n<h4 class=\"et_pb_module_header\">Koza z papryk\u0105<\/h4>\n<div class=\"et_pb_blurb_description\">Pokryty na zewn\u0105trz naturaln\u0105 papryk\u0105 (otrzymywan\u0105 z suszenia i mielenia czerwonej papryki), nadaje serowi atrakcyjny czerwonawy kolor, a tak\u017ce bardzo szczeg\u00f3lny aromat i smak.<\/p>\n<p>Po\u0142\u0105czenie kremowo\u015bci koziego mleka i smaku naturalnej papryki jest jednym z najlepszych mo\u017cliwych po\u0142\u0105cze\u0144 w serach.<\/p><\/div>\n<\/div>\n<\/div>\n","protected":false},"excerpt":{"rendered":"<p>Koza z papryk\u0105 Pokryty na zewn\u0105trz naturaln\u0105 papryk\u0105 (otrzymywan\u0105 z suszenia i mielenia czerwonej papryki), nadaje serowi atrakcyjny czerwonawy kolor, a tak\u017ce bardzo szczeg\u00f3lny aromat i smak. Po\u0142\u0105czenie kremowo\u015bci koziego mleka i smaku naturalnej papryki jest jednym z najlepszych mo\u017cliwych po\u0142\u0105cze\u0144 w serach.<\/p>\n","protected":false},"featured_media":11713,"template":"","meta":{"_et_pb_use_builder":"","_et_pb_old_content":"","_et_gb_content_width":""},"product_brand":[1319],"product_cat":[2245,2722,1836],"product_tag":[],"class_list":{"0":"post-31712","1":"product","2":"type-product","3":"status-publish","4":"has-post-thumbnail","6":"product_brand-el-gran-cardenal","7":"product_cat-ser-i-kielbasa","8":"product_cat-utwardzanie","9":"product_cat-zimno","10":"product_shipping_class-wysylka-na-zimno","12":"first","13":"outofstock","14":"taxable","15":"shipping-taxable","16":"product-type-variable"},"_links":{"self":[{"href":"https:\/\/myspainfood.com\/pl\/wp-json\/wp\/v2\/product\/31712","targetHints":{"allow":["GET"]}}],"collection":[{"href":"https:\/\/myspainfood.com\/pl\/wp-json\/wp\/v2\/product"}],"about":[{"href":"https:\/\/myspainfood.com\/pl\/wp-json\/wp\/v2\/types\/product"}],"wp:featuredmedia":[{"embeddable":true,"href":"https:\/\/myspainfood.com\/pl\/wp-json\/wp\/v2\/media\/11713"}],"wp:attachment":[{"href":"https:\/\/myspainfood.com\/pl\/wp-json\/wp\/v2\/media?parent=31712"}],"wp:term":[{"taxonomy":"product_brand","embeddable":true,"href":"https:\/\/myspainfood.com\/pl\/wp-json\/wp\/v2\/product_brand?post=31712"},{"taxonomy":"product_cat","embeddable":true,"href":"https:\/\/myspainfood.com\/pl\/wp-json\/wp\/v2\/product_cat?post=31712"},{"taxonomy":"product_tag","embeddable":true,"href":"https:\/\/myspainfood.com\/pl\/wp-json\/wp\/v2\/product_tag?post=31712"}],"curies":[{"name":"wp","href":"https:\/\/api.w.org\/{rel}","templated":true}]}}