{"id":31738,"date":"2025-04-10T12:09:10","date_gmt":"2025-04-10T10:09:10","guid":{"rendered":"https:\/\/myspainfood.com\/producto\/ser-kozi-i-krowi-z-czarnym-czosnkiem-el-gran-cardenal\/"},"modified":"2025-06-24T16:11:10","modified_gmt":"2025-06-24T14:11:10","slug":"ser-kozi-i-krowi-z-czarnym-czosnkiem-el-gran-cardenal","status":"publish","type":"product","link":"https:\/\/myspainfood.com\/pl\/producto\/ser-kozi-i-krowi-z-czarnym-czosnkiem-el-gran-cardenal\/","title":{"rendered":"Ser kozi i krowi z czarnym czosnkiem El Gran Cardenal"},"content":{"rendered":"<div class=\"et_pb_blurb_container\">\n<div class=\"et_pb_blurb_container\">\n<div class=\"et_pb_blurb_container\">\n<h4 class=\"et_pb_module_header\">Koza z czarnym czosnkiem<\/h4>\n<div class=\"et_pb_blurb_description\">Kremowy ser z mleka koziego i krowiego z porcj\u0105 czarnego czosnku w \u015brodku. Nadaje mu to lekko s\u0142odki smak i w\u0142a\u015bciwo\u015bci przeciwutleniaj\u0105ce. <\/p>\n<p>Przypisuje si\u0119 mu r\u00f3wnie\u017c inne w\u0142a\u015bciwo\u015bci, takie jak zmniejszanie ryzyka zachorowania na raka i przed\u0142u\u017canie \u017cycia. To, czego jeste\u015bmy pewni, to fakt, \u017ce rezultat smaku koziego mleka w po\u0142\u0105czeniu z czarnym czosnkiem b\u0119dzie mi\u0142ym zaskoczeniem. <\/p><\/div>\n<\/div>\n<\/div>\n<\/div>\n","protected":false},"excerpt":{"rendered":"<p>Koza z czarnym czosnkiem Kremowy ser z mleka koziego i krowiego z porcj\u0105 czarnego czosnku w \u015brodku. Nadaje mu to lekko s\u0142odki smak i w\u0142a\u015bciwo\u015bci przeciwutleniaj\u0105ce. Przypisuje si\u0119 mu r\u00f3wnie\u017c inne w\u0142a\u015bciwo\u015bci, takie jak zmniejszanie ryzyka zachorowania na raka i przed\u0142u\u017canie \u017cycia. To, czego jeste\u015bmy pewni, to fakt, \u017ce rezultat smaku koziego mleka w po\u0142\u0105czeniu [&hellip;]<\/p>\n","protected":false},"featured_media":11749,"template":"","meta":{"_et_pb_use_builder":"","_et_pb_old_content":"","_et_gb_content_width":""},"product_brand":[1319],"product_cat":[2245,2722,1836],"product_tag":[],"class_list":{"0":"post-31738","1":"product","2":"type-product","3":"status-publish","4":"has-post-thumbnail","6":"product_brand-el-gran-cardenal","7":"product_cat-ser-i-kielbasa","8":"product_cat-utwardzanie","9":"product_cat-zimno","10":"product_shipping_class-wysylka-na-zimno","12":"first","13":"outofstock","14":"taxable","15":"shipping-taxable","16":"purchasable","17":"product-type-variable"},"_links":{"self":[{"href":"https:\/\/myspainfood.com\/pl\/wp-json\/wp\/v2\/product\/31738","targetHints":{"allow":["GET"]}}],"collection":[{"href":"https:\/\/myspainfood.com\/pl\/wp-json\/wp\/v2\/product"}],"about":[{"href":"https:\/\/myspainfood.com\/pl\/wp-json\/wp\/v2\/types\/product"}],"wp:featuredmedia":[{"embeddable":true,"href":"https:\/\/myspainfood.com\/pl\/wp-json\/wp\/v2\/media\/11749"}],"wp:attachment":[{"href":"https:\/\/myspainfood.com\/pl\/wp-json\/wp\/v2\/media?parent=31738"}],"wp:term":[{"taxonomy":"product_brand","embeddable":true,"href":"https:\/\/myspainfood.com\/pl\/wp-json\/wp\/v2\/product_brand?post=31738"},{"taxonomy":"product_cat","embeddable":true,"href":"https:\/\/myspainfood.com\/pl\/wp-json\/wp\/v2\/product_cat?post=31738"},{"taxonomy":"product_tag","embeddable":true,"href":"https:\/\/myspainfood.com\/pl\/wp-json\/wp\/v2\/product_tag?post=31738"}],"curies":[{"name":"wp","href":"https:\/\/api.w.org\/{rel}","templated":true}]}}