{"id":32278,"date":"2025-04-10T12:09:28","date_gmt":"2025-04-10T10:09:28","guid":{"rendered":"https:\/\/myspainfood.com\/producto\/peklowany-ser-iberyjski-el-gran-cardenal\/"},"modified":"2025-07-28T13:02:34","modified_gmt":"2025-07-28T11:02:34","slug":"peklowany-ser-iberyjski-el-gran-cardenal","status":"publish","type":"product","link":"https:\/\/myspainfood.com\/pl\/producto\/peklowany-ser-iberyjski-el-gran-cardenal\/","title":{"rendered":"Peklowany ser iberyjski El Gran Cardenal"},"content":{"rendered":"<div class=\"et_pb_blurb_container\">\n<div class=\"et_pb_blurb_container\">\n<div class=\"et_pb_column et_pb_column_4_4 et_pb_column_1 et_pb_css_mix_blend_mode_passthrough et-last-child\">\n<div class=\"et_pb_module et_pb_text et_pb_text_1 et_pb_text_align_justified et_pb_bg_layout_light\">\n<div class=\"et_pb_text_inner\">Wytwarzane wed\u0142ug rodzinnej receptury z wy\u015bmienit\u0105 mieszank\u0105 naszych mlek, dzi\u0119ki czemu osi\u0105gaj\u0105 du\u017c\u0105 intensywno\u015b\u0107 i trwa\u0142o\u015b\u0107 w ustach. Sery o r\u00f3\u017cnych okresach dojrzewania w naszej suszarni drewna, cz\u0119\u015bciowo dojrzewaj\u0105ce (od 2 do 4 miesi\u0119cy dojrzewania) i dojrzewaj\u0105ce (od 4 do 6 miesi\u0119cy dojrzewania). <\/div>\n<\/div>\n<\/div>\n<\/div>\n<\/div>\n","protected":false},"excerpt":{"rendered":"<p>Wytwarzane wed\u0142ug rodzinnej receptury z wy\u015bmienit\u0105 mieszank\u0105 naszych mlek, dzi\u0119ki czemu osi\u0105gaj\u0105 du\u017c\u0105 intensywno\u015b\u0107 i trwa\u0142o\u015b\u0107 w ustach. Sery o r\u00f3\u017cnych okresach dojrzewania w naszej suszarni drewna, cz\u0119\u015bciowo dojrzewaj\u0105ce (od 2 do 4 miesi\u0119cy dojrzewania) i dojrzewaj\u0105ce (od 4 do 6 miesi\u0119cy dojrzewania).<\/p>\n","protected":false},"featured_media":12046,"template":"","meta":{"_et_pb_use_builder":"","_et_pb_old_content":"","_et_gb_content_width":""},"product_brand":[1319],"product_cat":[2245,2722,1836],"product_tag":[],"class_list":{"0":"post-32278","1":"product","2":"type-product","3":"status-publish","4":"has-post-thumbnail","6":"product_brand-el-gran-cardenal","7":"product_cat-ser-i-kielbasa","8":"product_cat-utwardzanie","9":"product_cat-zimno","10":"product_shipping_class-wysylka-na-zimno","12":"first","13":"outofstock","14":"taxable","15":"shipping-taxable","16":"product-type-variable"},"_links":{"self":[{"href":"https:\/\/myspainfood.com\/pl\/wp-json\/wp\/v2\/product\/32278","targetHints":{"allow":["GET"]}}],"collection":[{"href":"https:\/\/myspainfood.com\/pl\/wp-json\/wp\/v2\/product"}],"about":[{"href":"https:\/\/myspainfood.com\/pl\/wp-json\/wp\/v2\/types\/product"}],"wp:featuredmedia":[{"embeddable":true,"href":"https:\/\/myspainfood.com\/pl\/wp-json\/wp\/v2\/media\/12046"}],"wp:attachment":[{"href":"https:\/\/myspainfood.com\/pl\/wp-json\/wp\/v2\/media?parent=32278"}],"wp:term":[{"taxonomy":"product_brand","embeddable":true,"href":"https:\/\/myspainfood.com\/pl\/wp-json\/wp\/v2\/product_brand?post=32278"},{"taxonomy":"product_cat","embeddable":true,"href":"https:\/\/myspainfood.com\/pl\/wp-json\/wp\/v2\/product_cat?post=32278"},{"taxonomy":"product_tag","embeddable":true,"href":"https:\/\/myspainfood.com\/pl\/wp-json\/wp\/v2\/product_tag?post=32278"}],"curies":[{"name":"wp","href":"https:\/\/api.w.org\/{rel}","templated":true}]}}