{"id":32605,"date":"2025-04-10T12:09:05","date_gmt":"2025-04-10T10:09:05","guid":{"rendered":"https:\/\/myspainfood.com\/producto\/oliwa-z-oliwek-z-pierwszego-tloczenia-valdezarza-5-litrow-2\/"},"modified":"2026-01-29T12:11:00","modified_gmt":"2026-01-29T11:11:00","slug":"oliwa-z-oliwek-z-pierwszego-tloczenia-valdezarza-5-litrow-2","status":"publish","type":"product","link":"https:\/\/myspainfood.com\/pl\/producto\/oliwa-z-oliwek-z-pierwszego-tloczenia-valdezarza-5-litrow-2\/","title":{"rendered":"Oliwa z oliwek z pierwszego t\u0142oczenia VALDEZARZA 5 litr\u00f3w"},"content":{"rendered":"<p>Valdezarza Extra Virgin Olive Oil 5l to oliwa z oliwek Extra Virgin najwy\u017cszej kategorii, uzyskiwana bezpo\u015brednio z oliwek i wy\u0142\u0105cznie za pomoc\u0105 procedur mechanicznych.<\/p>\n<p>Valdezarza znajduje si\u0119 w samym sercu Montes de Toledo (Hiszpania) i posiada zintegrowany ekosystem gaj\u00f3w oliwnych i przyrody.<\/p>\n<p>Najlepszy sok z oliwek jest wytwarzany z oliwek: <a href=\"https:\/\/aceitesvaldezarza.com\/quienes-somos\/\" target=\"_blank\" rel=\"noopener noreferrer nofollow\">VALDEZARZA<\/a> Extra Virgin Olive Oil.<\/p>\n<p>Posiad\u0142o\u015b\u0107 Valdezarza znajduje si\u0119 w gminie San Mart\u00edn de Montalb\u00e1n, geograficznie zintegrowanej z Montes de Toledo.<\/p>\n<p>Z powierzchni\u0105 700 hektar\u00f3w, wi\u0119kszo\u015b\u0107 tego terenu jest uwa\u017cana za chroniony las \u015br\u00f3dziemnomorski i kontrolowany ekosystem.<\/p>\n<p>Miejsce to jest cz\u0119\u015bci\u0105 projektu reintrodukcji rysia iberyjskiego i mog\u0105 Pa\u0144stwo podziwia\u0107 spektakularne zdj\u0119cia kilku rysi odpoczywaj\u0105cych pod drzewami oliwnymi.<\/p>\n<p>Ich fabryka opakowa\u0144 daje im wi\u0119ksz\u0105 kontrol\u0119 nad ca\u0142ym procesem od drzewa oliwnego do opakowania.<\/p>\n<p>Ponadto firma ta prowadzi rzeczywiste projekty badawcze, rozwojowe i wdro\u017ceniowe, takie jak projekt Messor.<\/p>\n<p>Je\u015bli chc\u0105 Pa\u0144stwo kupi\u0107 <a href=\"https:\/\/latiendadesami.com\/categoria-producto\/aceite\/\" rel=\"noopener noreferrer nofollow\" target=\"_blank\">oliw\u0119<\/a>, zapraszamy do zapoznania si\u0119 z naszym katalogiem online, aby zobaczy\u0107 szerok\u0105 gam\u0119 produkt\u00f3w, takich jak Valdezarza Extra Virgin Olive Oil 5l.<\/p>\n<p>Prosz\u0119 napisa\u0107 do nas, aby uzyska\u0107 wi\u0119cej informacji na temat naszych produkt\u00f3w spo\u017cywczych.<\/p>\n","protected":false},"excerpt":{"rendered":"<p>Valdezarza Extra Virgin Olive Oil 5l to oliwa z oliwek Extra Virgin najwy\u017cszej kategorii, uzyskiwana bezpo\u015brednio z oliwek i wy\u0142\u0105cznie za pomoc\u0105 procedur mechanicznych. Valdezarza znajduje si\u0119 w samym sercu Montes de Toledo (Hiszpania) i posiada zintegrowany ekosystem gaj\u00f3w oliwnych i przyrody. Najlepszy sok z oliwek jest wytwarzany z oliwek: VALDEZARZA Extra Virgin Olive Oil. [&hellip;]<\/p>\n","protected":false},"featured_media":11623,"template":"","meta":{"_et_pb_use_builder":"","_et_pb_old_content":"","_et_gb_content_width":""},"product_brand":[1221],"product_cat":[2206,2207],"product_tag":[2208],"class_list":{"0":"post-32605","1":"product","2":"type-product","3":"status-publish","4":"has-post-thumbnail","6":"product_brand-valdezarza","7":"product_cat-olej","8":"product_cat-oliwa-z-oliwek-extra-virgin","9":"product_tag-olej","11":"first","12":"outofstock","13":"featured","14":"taxable","15":"shipping-taxable","16":"purchasable","17":"product-type-simple"},"_links":{"self":[{"href":"https:\/\/myspainfood.com\/pl\/wp-json\/wp\/v2\/product\/32605","targetHints":{"allow":["GET"]}}],"collection":[{"href":"https:\/\/myspainfood.com\/pl\/wp-json\/wp\/v2\/product"}],"about":[{"href":"https:\/\/myspainfood.com\/pl\/wp-json\/wp\/v2\/types\/product"}],"wp:featuredmedia":[{"embeddable":true,"href":"https:\/\/myspainfood.com\/pl\/wp-json\/wp\/v2\/media\/11623"}],"wp:attachment":[{"href":"https:\/\/myspainfood.com\/pl\/wp-json\/wp\/v2\/media?parent=32605"}],"wp:term":[{"taxonomy":"product_brand","embeddable":true,"href":"https:\/\/myspainfood.com\/pl\/wp-json\/wp\/v2\/product_brand?post=32605"},{"taxonomy":"product_cat","embeddable":true,"href":"https:\/\/myspainfood.com\/pl\/wp-json\/wp\/v2\/product_cat?post=32605"},{"taxonomy":"product_tag","embeddable":true,"href":"https:\/\/myspainfood.com\/pl\/wp-json\/wp\/v2\/product_tag?post=32605"}],"curies":[{"name":"wp","href":"https:\/\/api.w.org\/{rel}","templated":true}]}}