{"id":32732,"date":"2025-04-10T12:09:07","date_gmt":"2025-04-10T10:09:07","guid":{"rendered":"https:\/\/myspainfood.com\/producto\/ser-owczy-el-gran-cardenal-z-oliwa-z-oliwek\/"},"modified":"2025-07-28T10:42:11","modified_gmt":"2025-07-28T08:42:11","slug":"ser-owczy-el-gran-cardenal-z-oliwa-z-oliwek","status":"publish","type":"product","link":"https:\/\/myspainfood.com\/pl\/producto\/ser-owczy-el-gran-cardenal-z-oliwa-z-oliwek\/","title":{"rendered":"Ser owczy El Gran Cardenal z oliw\u0105 z oliwek"},"content":{"rendered":"<div class=\"et_pb_blurb_container\">\n<div class=\"et_pb_blurb_container\">\n<h4 class=\"et_pb_module_header\">Owca z olejem<\/h4>\n<div class=\"et_pb_blurb_description\">Nasz kastylijski ser owczy, zdobywca 4 mi\u0119dzynarodowych z\u0142otych medali, w po\u0142\u0105czeniu z jednym ze skarb\u00f3w diety \u015br\u00f3dziemnomorskiej, oliw\u0105 z oliwek.<\/p>\n<p>Do tego u\u017cywamy naszej w\u0142asnej oliwy ze stuletnich drzew oliwnych uprawianych na ziemiach, kt\u00f3re San Isidro uprawia\u0142 ze swoj\u0105 \u017con\u0105&#8230;.<\/p><\/div>\n<\/div>\n<\/div>\n","protected":false},"excerpt":{"rendered":"<p>Owca z olejem Nasz kastylijski ser owczy, zdobywca 4 mi\u0119dzynarodowych z\u0142otych medali, w po\u0142\u0105czeniu z jednym ze skarb\u00f3w diety \u015br\u00f3dziemnomorskiej, oliw\u0105 z oliwek. Do tego u\u017cywamy naszej w\u0142asnej oliwy ze stuletnich drzew oliwnych uprawianych na ziemiach, kt\u00f3re San Isidro uprawia\u0142 ze swoj\u0105 \u017con\u0105&#8230;.<\/p>\n","protected":false},"featured_media":11677,"template":"","meta":{"_et_pb_use_builder":"","_et_pb_old_content":"","_et_gb_content_width":""},"product_brand":[1319],"product_cat":[2245,2722,1836],"product_tag":[],"class_list":{"0":"post-32732","1":"product","2":"type-product","3":"status-publish","4":"has-post-thumbnail","6":"product_brand-el-gran-cardenal","7":"product_cat-ser-i-kielbasa","8":"product_cat-utwardzanie","9":"product_cat-zimno","10":"product_shipping_class-wysylka-na-zimno","12":"first","13":"outofstock","14":"taxable","15":"shipping-taxable","16":"purchasable","17":"product-type-variable"},"_links":{"self":[{"href":"https:\/\/myspainfood.com\/pl\/wp-json\/wp\/v2\/product\/32732","targetHints":{"allow":["GET"]}}],"collection":[{"href":"https:\/\/myspainfood.com\/pl\/wp-json\/wp\/v2\/product"}],"about":[{"href":"https:\/\/myspainfood.com\/pl\/wp-json\/wp\/v2\/types\/product"}],"wp:featuredmedia":[{"embeddable":true,"href":"https:\/\/myspainfood.com\/pl\/wp-json\/wp\/v2\/media\/11677"}],"wp:attachment":[{"href":"https:\/\/myspainfood.com\/pl\/wp-json\/wp\/v2\/media?parent=32732"}],"wp:term":[{"taxonomy":"product_brand","embeddable":true,"href":"https:\/\/myspainfood.com\/pl\/wp-json\/wp\/v2\/product_brand?post=32732"},{"taxonomy":"product_cat","embeddable":true,"href":"https:\/\/myspainfood.com\/pl\/wp-json\/wp\/v2\/product_cat?post=32732"},{"taxonomy":"product_tag","embeddable":true,"href":"https:\/\/myspainfood.com\/pl\/wp-json\/wp\/v2\/product_tag?post=32732"}],"curies":[{"name":"wp","href":"https:\/\/api.w.org\/{rel}","templated":true}]}}