{"id":32882,"date":"2025-04-10T12:09:07","date_gmt":"2025-04-10T10:09:07","guid":{"rendered":"https:\/\/myspainfood.com\/producto\/el-gran-cardenal-truflowany-ser-owczy\/"},"modified":"2025-07-28T10:38:19","modified_gmt":"2025-07-28T08:38:19","slug":"el-gran-cardenal-truflowany-ser-owczy","status":"publish","type":"product","link":"https:\/\/myspainfood.com\/pl\/producto\/el-gran-cardenal-truflowany-ser-owczy\/","title":{"rendered":"El Gran Cardenal Truflowany ser owczy"},"content":{"rendered":"<div class=\"et_pb_blurb_container\">\n<h4 class=\"et_pb_module_header\">Truflowana Owca<\/h4>\n<div class=\"et_pb_blurb_description\">\n<p>Najbardziej ekskluzywny z naszych ser\u00f3w. Zdobywca Super Z\u0142otego Medalu w mi\u0119dzynarodowym konkursie World Cheese Awards 2016-17. <\/p>\n<p>Tylko z mleka owczego z najlepszych stad, dodajemy trufle od pocz\u0105tku produkcji, dzi\u0119ki czemu wsp\u00f3\u0142istniej\u0105 razem przez ca\u0142y okres dojrzewania, zapewniaj\u0105c niepowtarzalny aromat i smak, z poszanowaniem istoty kastylijskiego sera z mleka owczego.<\/p>\n<\/div>\n<\/div>\n","protected":false},"excerpt":{"rendered":"<p>Truflowana Owca Najbardziej ekskluzywny z naszych ser\u00f3w. Zdobywca Super Z\u0142otego Medalu w mi\u0119dzynarodowym konkursie World Cheese Awards 2016-17. Tylko z mleka owczego z najlepszych stad, dodajemy trufle od pocz\u0105tku produkcji, dzi\u0119ki czemu wsp\u00f3\u0142istniej\u0105 razem przez ca\u0142y okres dojrzewania, zapewniaj\u0105c niepowtarzalny aromat i smak, z poszanowaniem istoty kastylijskiego sera z mleka owczego.<\/p>\n","protected":false},"featured_media":11668,"template":"","meta":{"_et_pb_use_builder":"","_et_pb_old_content":"","_et_gb_content_width":""},"product_brand":[1319],"product_cat":[2245,2722,1836],"product_tag":[],"class_list":{"0":"post-32882","1":"product","2":"type-product","3":"status-publish","4":"has-post-thumbnail","6":"product_brand-el-gran-cardenal","7":"product_cat-ser-i-kielbasa","8":"product_cat-utwardzanie","9":"product_cat-zimno","10":"product_shipping_class-wysylka-na-zimno","12":"first","13":"outofstock","14":"taxable","15":"shipping-taxable","16":"purchasable","17":"product-type-variable"},"_links":{"self":[{"href":"https:\/\/myspainfood.com\/pl\/wp-json\/wp\/v2\/product\/32882","targetHints":{"allow":["GET"]}}],"collection":[{"href":"https:\/\/myspainfood.com\/pl\/wp-json\/wp\/v2\/product"}],"about":[{"href":"https:\/\/myspainfood.com\/pl\/wp-json\/wp\/v2\/types\/product"}],"wp:featuredmedia":[{"embeddable":true,"href":"https:\/\/myspainfood.com\/pl\/wp-json\/wp\/v2\/media\/11668"}],"wp:attachment":[{"href":"https:\/\/myspainfood.com\/pl\/wp-json\/wp\/v2\/media?parent=32882"}],"wp:term":[{"taxonomy":"product_brand","embeddable":true,"href":"https:\/\/myspainfood.com\/pl\/wp-json\/wp\/v2\/product_brand?post=32882"},{"taxonomy":"product_cat","embeddable":true,"href":"https:\/\/myspainfood.com\/pl\/wp-json\/wp\/v2\/product_cat?post=32882"},{"taxonomy":"product_tag","embeddable":true,"href":"https:\/\/myspainfood.com\/pl\/wp-json\/wp\/v2\/product_tag?post=32882"}],"curies":[{"name":"wp","href":"https:\/\/api.w.org\/{rel}","templated":true}]}}