{"id":33425,"date":"2025-04-10T12:08:59","date_gmt":"2025-04-10T10:08:59","guid":{"rendered":"https:\/\/myspainfood.com\/producto\/m-jesus-de-la-hoz-monsalve-2024-verdejo\/"},"modified":"2025-04-10T12:08:59","modified_gmt":"2025-04-10T10:08:59","slug":"m-jesus-de-la-hoz-monsalve-2024-verdejo","status":"publish","type":"product","link":"https:\/\/myspainfood.com\/pl\/producto\/m-jesus-de-la-hoz-monsalve-2024-verdejo\/","title":{"rendered":"M Jesus de La Hoz Monsalve 2024 Verdejo"},"content":{"rendered":"<div class=\"cs-blog-content\">\n<p>Wino to zosta\u0142o nazwane na cze\u015b\u0107 rodzinnej tradycji zwi\u0105zanej z produkcj\u0105 wina. Sprz\u0119t do produkcji wina jest wyposa\u017cony w najnowsz\u0105 technologi\u0119, aby zapewni\u0107, \u017ce moszcz nie straci nic ze swojego charakteru odmianowego. Fermentacja w zbiornikach ze stali nierdzewnej zapewnia absolutn\u0105 kontrol\u0119 temperatury, z poszanowaniem rygorystycznych kontroli jako\u015bci ka\u017cdego procesu. <\/p>\n<p><strong>Kolor:<\/strong> jasny s\u0142omkowy.<\/p>\n<p><strong>Aromat:<\/strong> wyrazisty, odmianowy, \u015bwie\u017cych owoc\u00f3w.<\/p>\n<p><strong>Smak:<\/strong> smaczny, owocowy, \u015bwie\u017cy, mi\u0119sisty.<\/p>\n<\/div>\n<h1><span class=\"vintage\"> <\/span><\/h1>\n","protected":false},"excerpt":{"rendered":"<p>Wino to zosta\u0142o nazwane na cze\u015b\u0107 rodzinnej tradycji zwi\u0105zanej z produkcj\u0105 wina. Sprz\u0119t do produkcji wina jest wyposa\u017cony w najnowsz\u0105 technologi\u0119, aby zapewni\u0107, \u017ce moszcz nie straci nic ze swojego charakteru odmianowego. Fermentacja w zbiornikach ze stali nierdzewnej zapewnia absolutn\u0105 kontrol\u0119 temperatury, z poszanowaniem rygorystycznych kontroli jako\u015bci ka\u017cdego procesu. Kolor: jasny s\u0142omkowy. Aromat: wyrazisty, odmianowy, [&hellip;]<\/p>\n","protected":false},"featured_media":11776,"template":"","meta":{"_et_pb_use_builder":"","_et_pb_old_content":"","_et_gb_content_width":""},"product_brand":[1140],"product_cat":[4877,5254],"product_tag":[7248,7249],"class_list":{"0":"post-33425","1":"product","2":"type-product","3":"status-publish","4":"has-post-thumbnail","6":"product_brand-ladera-de-los-obispos","7":"product_cat-napoje-pl","8":"product_cat-wino-pl","9":"product_tag-gotyk","10":"product_tag-kolo-pl","12":"first","13":"instock","14":"featured","15":"taxable","16":"shipping-taxable","17":"purchasable","18":"product-type-variable"},"_links":{"self":[{"href":"https:\/\/myspainfood.com\/pl\/wp-json\/wp\/v2\/product\/33425","targetHints":{"allow":["GET"]}}],"collection":[{"href":"https:\/\/myspainfood.com\/pl\/wp-json\/wp\/v2\/product"}],"about":[{"href":"https:\/\/myspainfood.com\/pl\/wp-json\/wp\/v2\/types\/product"}],"wp:featuredmedia":[{"embeddable":true,"href":"https:\/\/myspainfood.com\/pl\/wp-json\/wp\/v2\/media\/11776"}],"wp:attachment":[{"href":"https:\/\/myspainfood.com\/pl\/wp-json\/wp\/v2\/media?parent=33425"}],"wp:term":[{"taxonomy":"product_brand","embeddable":true,"href":"https:\/\/myspainfood.com\/pl\/wp-json\/wp\/v2\/product_brand?post=33425"},{"taxonomy":"product_cat","embeddable":true,"href":"https:\/\/myspainfood.com\/pl\/wp-json\/wp\/v2\/product_cat?post=33425"},{"taxonomy":"product_tag","embeddable":true,"href":"https:\/\/myspainfood.com\/pl\/wp-json\/wp\/v2\/product_tag?post=33425"}],"curies":[{"name":"wp","href":"https:\/\/api.w.org\/{rel}","templated":true}]}}