{"id":33462,"date":"2025-04-10T12:10:14","date_gmt":"2025-04-10T10:10:14","guid":{"rendered":"https:\/\/myspainfood.com\/producto\/chrabaszcze-naturalne-45-65-areoso\/"},"modified":"2025-04-10T12:10:14","modified_gmt":"2025-04-10T10:10:14","slug":"chrabaszcze-naturalne-45-65-areoso","status":"publish","type":"product","link":"https:\/\/myspainfood.com\/pl\/producto\/chrabaszcze-naturalne-45-65-areoso\/","title":{"rendered":"Chrab\u0105szcze naturalne 45\/65 Areoso"},"content":{"rendered":"<p>Produkt: Kurki 45\/65 sztuk.<\/p>\n<p>Sk\u0142adniki: Chrab\u0105szcze, woda i s\u00f3l<\/p>\n<p>PROCES PRZYGOTOWANIA: Ma\u0142\u017ce s\u0105 przygotowywane w podobny spos\u00f3b jak ma\u0142\u017ce, chocia\u017c nie s\u0105 tak delikatnym produktem jak ma\u0142\u017ce. Proces jest nast\u0119puj\u0105cy: s\u0105 one gotowane w wodzie, z zachowaniem odpowiednich w\u0142a\u015bciwo\u015bci higieniczno-sanitarnych. Ca\u0142y proces \u0142uskania i sortowania jest zautomatyzowany. Nast\u0119pnie s\u0105 one ponownie myte w gor\u0105cej wodzie, sk\u0105d s\u0105 pakowane. Nast\u0119pnie dodawany jest p\u0142yn pokrywaj\u0105cy, kt\u00f3rym w tym przypadku jest naturalna woda. Ca\u0142o\u015b\u0107 jest zamykana i sterylizowana z zachowaniem charakterystycznych i odpowiednich dla tego produktu parametr\u00f3w. Nast\u0119pnie jest gotowy do przechowywania i sprzeda\u017cy.      <\/p>\n","protected":false},"excerpt":{"rendered":"<p>Produkt: Kurki 45\/65 sztuk. Sk\u0142adniki: Chrab\u0105szcze, woda i s\u00f3l PROCES PRZYGOTOWANIA: Ma\u0142\u017ce s\u0105 przygotowywane w podobny spos\u00f3b jak ma\u0142\u017ce, chocia\u017c nie s\u0105 tak delikatnym produktem jak ma\u0142\u017ce. Proces jest nast\u0119puj\u0105cy: s\u0105 one gotowane w wodzie, z zachowaniem odpowiednich w\u0142a\u015bciwo\u015bci higieniczno-sanitarnych. Ca\u0142y proces \u0142uskania i sortowania jest zautomatyzowany. Nast\u0119pnie s\u0105 one ponownie myte w gor\u0105cej wodzie, [&hellip;]<\/p>\n","protected":false},"featured_media":12577,"template":"","meta":{"_et_pb_use_builder":"","_et_pb_old_content":"","_et_gb_content_width":""},"product_brand":[1358,1075],"product_cat":[5661,1969],"product_tag":[],"class_list":{"0":"post-33462","1":"product","2":"type-product","3":"status-publish","4":"has-post-thumbnail","6":"product_brand-areoso","7":"product_brand-oti","8":"product_cat-chrabaszcze","9":"product_cat-konserwy","11":"first","12":"outofstock","13":"sale","14":"taxable","15":"shipping-taxable","16":"purchasable","17":"product-type-simple"},"_links":{"self":[{"href":"https:\/\/myspainfood.com\/pl\/wp-json\/wp\/v2\/product\/33462","targetHints":{"allow":["GET"]}}],"collection":[{"href":"https:\/\/myspainfood.com\/pl\/wp-json\/wp\/v2\/product"}],"about":[{"href":"https:\/\/myspainfood.com\/pl\/wp-json\/wp\/v2\/types\/product"}],"wp:featuredmedia":[{"embeddable":true,"href":"https:\/\/myspainfood.com\/pl\/wp-json\/wp\/v2\/media\/12577"}],"wp:attachment":[{"href":"https:\/\/myspainfood.com\/pl\/wp-json\/wp\/v2\/media?parent=33462"}],"wp:term":[{"taxonomy":"product_brand","embeddable":true,"href":"https:\/\/myspainfood.com\/pl\/wp-json\/wp\/v2\/product_brand?post=33462"},{"taxonomy":"product_cat","embeddable":true,"href":"https:\/\/myspainfood.com\/pl\/wp-json\/wp\/v2\/product_cat?post=33462"},{"taxonomy":"product_tag","embeddable":true,"href":"https:\/\/myspainfood.com\/pl\/wp-json\/wp\/v2\/product_tag?post=33462"}],"curies":[{"name":"wp","href":"https:\/\/api.w.org\/{rel}","templated":true}]}}