{"id":33921,"date":"2025-04-10T12:10:21","date_gmt":"2025-04-10T10:10:21","guid":{"rendered":"https:\/\/myspainfood.com\/producto\/malze-brzytwy-w-oliwie-z-oliwek-areoso-115-g\/"},"modified":"2025-04-10T12:10:21","modified_gmt":"2025-04-10T10:10:21","slug":"malze-brzytwy-w-oliwie-z-oliwek-areoso-115-g","status":"publish","type":"product","link":"https:\/\/myspainfood.com\/pl\/producto\/malze-brzytwy-w-oliwie-z-oliwek-areoso-115-g\/","title":{"rendered":"Ma\u0142\u017ce brzytwy w oliwie z oliwek Areoso 115 g"},"content":{"rendered":"<p>Produkt: Ma\u0142\u017ce brzytwy w oliwie z oliwek<\/p>\n<p>Specyfikacja: Ma\u0142\u017ce brzytwy (Ensis arcuatus) z galicyjskiego Rias, jednorodnej wielko\u015bci w oliwie z oliwek. Oczyszczone i wyselekcjonowane r\u0119cznie w ka\u017cdej puszce. <\/p>\n<p>Sk\u0142adniki: Ma\u0142\u017ce brzytwy 56,5%, oliwa z oliwek 43,5% i s\u00f3l.<\/p>\n<p>Proces produkcji: Ma\u0142\u017ce brzytwy zebrane w galicyjskim Rias, podobnie jak pozosta\u0142e mi\u0119czaki, przechodz\u0105 proces oczyszczania, gdy tylko trafi\u0105 do fabryki. Nast\u0119pnie s\u0105 gotowane w wodzie o odpowiednich w\u0142a\u015bciwo\u015bciach higienicznych i sanitarnych; mi\u0119czaki s\u0105 otwierane, a nast\u0119pnie r\u0119cznie oskubywane, uwa\u017caj\u0105c, aby ich nie z\u0142ama\u0107. Nast\u0119pnie s\u0105 one ponownie myte w ciep\u0142ej, s\u0142onej wodzie i pakowane. Nast\u0119pnie dodawana jest pow\u0142oka z oliwy z oliwek, aby uzyska\u0107 g\u0142adk\u0105 konsystencj\u0119 i intensywny smak. Pojemniki s\u0105 zamykane i sterylizowane z zachowaniem charakterystycznych i odpowiednich parametr\u00f3w dla tego produktu, tworz\u0105c w ten spos\u00f3b idealn\u0105 atmosfer\u0119 do przechowywania przez wiele lat bez \u017cadnych konserwant\u00f3w ani sztucznych dodatk\u00f3w. Nast\u0119pnie produkt jest gotowy do przechowywania i sprzeda\u017cy.     <\/p>\n","protected":false},"excerpt":{"rendered":"<p>Produkt: Ma\u0142\u017ce brzytwy w oliwie z oliwek Specyfikacja: Ma\u0142\u017ce brzytwy (Ensis arcuatus) z galicyjskiego Rias, jednorodnej wielko\u015bci w oliwie z oliwek. Oczyszczone i wyselekcjonowane r\u0119cznie w ka\u017cdej puszce. Sk\u0142adniki: Ma\u0142\u017ce brzytwy 56,5%, oliwa z oliwek 43,5% i s\u00f3l. Proces produkcji: Ma\u0142\u017ce brzytwy zebrane w galicyjskim Rias, podobnie jak pozosta\u0142e mi\u0119czaki, przechodz\u0105 proces oczyszczania, gdy tylko [&hellip;]<\/p>\n","protected":false},"featured_media":12901,"template":"","meta":{"_et_pb_use_builder":"","_et_pb_old_content":"","_et_gb_content_width":""},"product_brand":[1358],"product_cat":[7595,1969],"product_tag":[],"class_list":{"0":"post-33921","1":"product","2":"type-product","3":"status-publish","4":"has-post-thumbnail","6":"product_brand-areoso","7":"product_cat-brzytwy","8":"product_cat-konserwy","10":"first","11":"outofstock","12":"taxable","13":"shipping-taxable","14":"product-type-variable"},"_links":{"self":[{"href":"https:\/\/myspainfood.com\/pl\/wp-json\/wp\/v2\/product\/33921","targetHints":{"allow":["GET"]}}],"collection":[{"href":"https:\/\/myspainfood.com\/pl\/wp-json\/wp\/v2\/product"}],"about":[{"href":"https:\/\/myspainfood.com\/pl\/wp-json\/wp\/v2\/types\/product"}],"wp:featuredmedia":[{"embeddable":true,"href":"https:\/\/myspainfood.com\/pl\/wp-json\/wp\/v2\/media\/12901"}],"wp:attachment":[{"href":"https:\/\/myspainfood.com\/pl\/wp-json\/wp\/v2\/media?parent=33921"}],"wp:term":[{"taxonomy":"product_brand","embeddable":true,"href":"https:\/\/myspainfood.com\/pl\/wp-json\/wp\/v2\/product_brand?post=33921"},{"taxonomy":"product_cat","embeddable":true,"href":"https:\/\/myspainfood.com\/pl\/wp-json\/wp\/v2\/product_cat?post=33921"},{"taxonomy":"product_tag","embeddable":true,"href":"https:\/\/myspainfood.com\/pl\/wp-json\/wp\/v2\/product_tag?post=33921"}],"curies":[{"name":"wp","href":"https:\/\/api.w.org\/{rel}","templated":true}]}}