{"id":34188,"date":"2025-04-10T12:09:58","date_gmt":"2025-04-10T10:09:58","guid":{"rendered":"https:\/\/myspainfood.com\/producto\/chicon-extra-olives-gherkins-900-gramow-opakowanie-6-sztuk\/"},"modified":"2025-04-10T12:09:58","modified_gmt":"2025-04-10T10:09:58","slug":"chicon-extra-olives-gherkins-900-gramow-opakowanie-6-sztuk","status":"publish","type":"product","link":"https:\/\/myspainfood.com\/pl\/producto\/chicon-extra-olives-gherkins-900-gramow-opakowanie-6-sztuk\/","title":{"rendered":"Chic\u00f3n Extra Olives Gherkins 900 gram\u00f3w opakowanie 6 sztuk"},"content":{"rendered":"<p>Korniszony <a href=\"https:\/\/aceitunaschiconlebron.com\/\" target=\"_blank\" rel=\"noopener noreferrer nofollow\">Chic\u00f3n<\/a> Extra s\u0105 produkowane w Antequera w Maladze.<\/p>\n<p>S\u0105 one wytwarzane wed\u0142ug tradycyjnej receptury i w tradycyjny spos\u00f3b.<\/p>\n<p>S\u0105 to bardzo ma\u0142e, delikatne korniszony z lekk\u0105 i apetyczn\u0105 nut\u0105 octu.<\/p>\n<p>Mieszanka smak\u00f3w dostarczanych przez sk\u0142adniki wraz z odrobin\u0105 octu nadaje mu wyj\u0105tkowy smak, kt\u00f3ry jest bardzo przyjemny dla podniebienia.<\/p>\n<p>Pikle s\u0105 przek\u0105sk\u0105, kt\u00f3ra wzmacnia uk\u0142ad odporno\u015bciowy, co oznacza, \u017ce wspieraj\u0105 one obron\u0119 organizmu i og\u00f3lny stan zdrowia.<\/p>\n<h3><strong>Korzy\u015bci z dodatkowych korniszon\u00f3w<\/strong><\/h3>\n<p>Czy znaj\u0105 Pa\u0144stwo og\u00f3lne zalety pikli? Oto lista najwa\u017cniejszych z nich: <\/p>\n<ul>\n<li>Bogaty w probiotyki.<\/li>\n<li>Wspomagaj\u0105 trawienie.<\/li>\n<li>Wzmacniaj\u0105 uk\u0142ad odporno\u015bciowy.<\/li>\n<li>Zmniejszaj\u0105 apetyt na cukier.<\/li>\n<li>Korzystny dla p\u0119cherzyka \u017c\u00f3\u0142ciowego.<\/li>\n<\/ul>\n<p>Je\u015bli chcesz kupi\u0107 oliwki lub inny rodzaj <a href=\"https:\/\/latiendadesami.com\/categoria-producto\/encurtidos\/\" rel=\"noopener noreferrer nofollow\" target=\"_blank\">marynowanej<\/a> \u017cywno\u015bci, nie wahaj si\u0119 zajrze\u0107 do naszego katalogu online, aby zobaczy\u0107 szerok\u0105 gam\u0119 <a href=\"https:\/\/latiendadesami.com\/categoria-producto\/encurtidos\/pepinillos\/\" target=\"_blank\" rel=\"noopener noreferrer nofollow\">oliwek<\/a>, kt\u00f3re mamy.<\/p>\n","protected":false},"excerpt":{"rendered":"<p>Korniszony Chic\u00f3n Extra s\u0105 produkowane w Antequera w Maladze. S\u0105 one wytwarzane wed\u0142ug tradycyjnej receptury i w tradycyjny spos\u00f3b. S\u0105 to bardzo ma\u0142e, delikatne korniszony z lekk\u0105 i apetyczn\u0105 nut\u0105 octu. Mieszanka smak\u00f3w dostarczanych przez sk\u0142adniki wraz z odrobin\u0105 octu nadaje mu wyj\u0105tkowy smak, kt\u00f3ry jest bardzo przyjemny dla podniebienia. Pikle s\u0105 przek\u0105sk\u0105, kt\u00f3ra wzmacnia [&hellip;]<\/p>\n","protected":false},"featured_media":7069,"template":"","meta":{"_et_pb_use_builder":"","_et_pb_old_content":"","_et_gb_content_width":""},"product_brand":[1036],"product_cat":[3110,2921],"product_tag":[4106],"class_list":{"0":"post-34188","1":"product","2":"type-product","3":"status-publish","4":"has-post-thumbnail","6":"product_brand-chicon","7":"product_cat-pikle-pl","8":"product_cat-sprzedaz-hurtowa","9":"product_tag-dodatkowy","11":"first","12":"outofstock","13":"taxable","14":"shipping-taxable","15":"purchasable","16":"product-type-variable"},"_links":{"self":[{"href":"https:\/\/myspainfood.com\/pl\/wp-json\/wp\/v2\/product\/34188","targetHints":{"allow":["GET"]}}],"collection":[{"href":"https:\/\/myspainfood.com\/pl\/wp-json\/wp\/v2\/product"}],"about":[{"href":"https:\/\/myspainfood.com\/pl\/wp-json\/wp\/v2\/types\/product"}],"wp:featuredmedia":[{"embeddable":true,"href":"https:\/\/myspainfood.com\/pl\/wp-json\/wp\/v2\/media\/7069"}],"wp:attachment":[{"href":"https:\/\/myspainfood.com\/pl\/wp-json\/wp\/v2\/media?parent=34188"}],"wp:term":[{"taxonomy":"product_brand","embeddable":true,"href":"https:\/\/myspainfood.com\/pl\/wp-json\/wp\/v2\/product_brand?post=34188"},{"taxonomy":"product_cat","embeddable":true,"href":"https:\/\/myspainfood.com\/pl\/wp-json\/wp\/v2\/product_cat?post=34188"},{"taxonomy":"product_tag","embeddable":true,"href":"https:\/\/myspainfood.com\/pl\/wp-json\/wp\/v2\/product_tag?post=34188"}],"curies":[{"name":"wp","href":"https:\/\/api.w.org\/{rel}","templated":true}]}}