{"id":34264,"date":"2025-04-10T12:10:12","date_gmt":"2025-04-10T10:10:12","guid":{"rendered":"https:\/\/myspainfood.com\/producto\/norweski-losos-wedzony-port-faroe-600-g\/"},"modified":"2025-06-24T13:41:07","modified_gmt":"2025-06-24T11:41:07","slug":"norweski-losos-wedzony-port-faroe-600-g","status":"publish","type":"product","link":"https:\/\/myspainfood.com\/pl\/producto\/norweski-losos-wedzony-port-faroe-600-g\/","title":{"rendered":"Norweski \u0142oso\u015b w\u0119dzony Port Faroe 600 g"},"content":{"rendered":"<p>W\u0119dzenie jest technik\u0105 stosowan\u0105 do konserwowania \u017cywno\u015bci.<\/p>\n<p> Polega na poddawaniu \u017cywno\u015bci dzia\u0142aniu dymu pochodz\u0105cego z ognisk wykonanych z drewna o niskim poziomie \u017cywicy.<\/p>\n<p> Proces ten, opr\u00f3cz konserwacji, nadaje jej specyficzny dymny smak.<\/p>\n<p> W\u0119dzony \u0142oso\u015b to \u017cywno\u015b\u0107 uzyskana poprzez poddanie \u0142ososia opisanemu powy\u017cej dymowi, co zapewnia mu d\u0142u\u017cszy czas przechowywania oraz inny i charakterystyczny smak.<\/p>\n<p>&nbsp;<\/p>\n","protected":false},"excerpt":{"rendered":"<p>W\u0119dzenie jest technik\u0105 stosowan\u0105 do konserwowania \u017cywno\u015bci. Polega na poddawaniu \u017cywno\u015bci dzia\u0142aniu dymu pochodz\u0105cego z ognisk wykonanych z drewna o niskim poziomie \u017cywicy. Proces ten, opr\u00f3cz konserwacji, nadaje jej specyficzny dymny smak. W\u0119dzony \u0142oso\u015b to \u017cywno\u015b\u0107 uzyskana poprzez poddanie \u0142ososia opisanemu powy\u017cej dymowi, co zapewnia mu d\u0142u\u017cszy czas przechowywania oraz inny i charakterystyczny smak. &nbsp;<\/p>\n","protected":false},"featured_media":12604,"template":"","meta":{"_et_pb_use_builder":"","_et_pb_old_content":"","_et_gb_content_width":""},"product_brand":[1361],"product_cat":[7723,7722,1836],"product_tag":[],"class_list":{"0":"post-34264","1":"product","2":"type-product","3":"status-publish","4":"has-post-thumbnail","6":"product_brand-ahumados-fernandez-molina","7":"product_cat-losos-pl","8":"product_cat-swiateczny-program-specjalny","9":"product_cat-zimno","10":"product_shipping_class-wysylka-na-zimno","12":"first","13":"instock","14":"sale","15":"taxable","16":"shipping-taxable","17":"purchasable","18":"product-type-variable"},"_links":{"self":[{"href":"https:\/\/myspainfood.com\/pl\/wp-json\/wp\/v2\/product\/34264","targetHints":{"allow":["GET"]}}],"collection":[{"href":"https:\/\/myspainfood.com\/pl\/wp-json\/wp\/v2\/product"}],"about":[{"href":"https:\/\/myspainfood.com\/pl\/wp-json\/wp\/v2\/types\/product"}],"wp:featuredmedia":[{"embeddable":true,"href":"https:\/\/myspainfood.com\/pl\/wp-json\/wp\/v2\/media\/12604"}],"wp:attachment":[{"href":"https:\/\/myspainfood.com\/pl\/wp-json\/wp\/v2\/media?parent=34264"}],"wp:term":[{"taxonomy":"product_brand","embeddable":true,"href":"https:\/\/myspainfood.com\/pl\/wp-json\/wp\/v2\/product_brand?post=34264"},{"taxonomy":"product_cat","embeddable":true,"href":"https:\/\/myspainfood.com\/pl\/wp-json\/wp\/v2\/product_cat?post=34264"},{"taxonomy":"product_tag","embeddable":true,"href":"https:\/\/myspainfood.com\/pl\/wp-json\/wp\/v2\/product_tag?post=34264"}],"curies":[{"name":"wp","href":"https:\/\/api.w.org\/{rel}","templated":true}]}}