{"id":34696,"date":"2025-04-10T12:10:13","date_gmt":"2025-04-10T10:10:13","guid":{"rendered":"https:\/\/myspainfood.com\/producto\/ser-flor-de-esgueva-viejo-32-kg\/"},"modified":"2025-08-24T16:06:13","modified_gmt":"2025-08-24T14:06:13","slug":"ser-flor-de-esgueva-viejo-32-kg","status":"publish","type":"product","link":"https:\/\/myspainfood.com\/pl\/producto\/ser-flor-de-esgueva-viejo-32-kg\/","title":{"rendered":"Ser Flor de Esgueva Viejo 3,2 kg"},"content":{"rendered":"<div class=\"et_pb_blurb_container\">\n<div class=\"et_pb_blurb_container\">\n<h1 class=\"vc_custom_heading\">Kwiat Esgueva Viejo<\/h1>\n<p class=\"vc_custom_heading us_custom_c587e30b\">Wytwarzany wy\u0142\u0105cznie z surowego mleka owczego i dojrzewaj\u0105cy w naturalnej sk\u00f3rce przez co najmniej 7 miesi\u0119cy.<\/p>\n<div class=\"wpb_text_column us_custom_afe9a513\">\n<div class=\"wpb_wrapper\">\n<p>To doskona\u0142o\u015b\u0107 pod wzgl\u0119dem intensywno\u015bci i tekstury. Jest to bardzo odpowiedni ser dla mi\u0142o\u015bnik\u00f3w sera, kt\u00f3rzy lubi\u0105 elastyczn\u0105 i niemal topi\u0105c\u0105 si\u0119 konsystencj\u0119, ale bez utraty czystego owczego smaku i intensywno\u015bci w ustach. Ma d\u0142ugi i trwa\u0142y posmak, kt\u00f3ry pozostawia przyjemne uczucie przez kilka minut.  <\/p>\n<\/div>\n<\/div>\n<\/div>\n<\/div>\n","protected":false},"excerpt":{"rendered":"<p>Kwiat Esgueva Viejo Wytwarzany wy\u0142\u0105cznie z surowego mleka owczego i dojrzewaj\u0105cy w naturalnej sk\u00f3rce przez co najmniej 7 miesi\u0119cy. To doskona\u0142o\u015b\u0107 pod wzgl\u0119dem intensywno\u015bci i tekstury. Jest to bardzo odpowiedni ser dla mi\u0142o\u015bnik\u00f3w sera, kt\u00f3rzy lubi\u0105 elastyczn\u0105 i niemal topi\u0105c\u0105 si\u0119 konsystencj\u0119, ale bez utraty czystego owczego smaku i intensywno\u015bci w ustach. Ma d\u0142ugi i [&hellip;]<\/p>\n","protected":false},"featured_media":12658,"template":"","meta":{"_et_pb_use_builder":"","_et_pb_old_content":"","_et_gb_content_width":""},"product_brand":[1367],"product_cat":[2245,2722,1836],"product_tag":[],"class_list":{"0":"post-34696","1":"product","2":"type-product","3":"status-publish","4":"has-post-thumbnail","6":"product_brand-flor-de-esgueva","7":"product_cat-ser-i-kielbasa","8":"product_cat-utwardzanie","9":"product_cat-zimno","10":"product_shipping_class-wysylka-na-zimno","12":"first","13":"outofstock","14":"taxable","15":"shipping-taxable","16":"purchasable","17":"product-type-variable"},"_links":{"self":[{"href":"https:\/\/myspainfood.com\/pl\/wp-json\/wp\/v2\/product\/34696","targetHints":{"allow":["GET"]}}],"collection":[{"href":"https:\/\/myspainfood.com\/pl\/wp-json\/wp\/v2\/product"}],"about":[{"href":"https:\/\/myspainfood.com\/pl\/wp-json\/wp\/v2\/types\/product"}],"wp:featuredmedia":[{"embeddable":true,"href":"https:\/\/myspainfood.com\/pl\/wp-json\/wp\/v2\/media\/12658"}],"wp:attachment":[{"href":"https:\/\/myspainfood.com\/pl\/wp-json\/wp\/v2\/media?parent=34696"}],"wp:term":[{"taxonomy":"product_brand","embeddable":true,"href":"https:\/\/myspainfood.com\/pl\/wp-json\/wp\/v2\/product_brand?post=34696"},{"taxonomy":"product_cat","embeddable":true,"href":"https:\/\/myspainfood.com\/pl\/wp-json\/wp\/v2\/product_cat?post=34696"},{"taxonomy":"product_tag","embeddable":true,"href":"https:\/\/myspainfood.com\/pl\/wp-json\/wp\/v2\/product_tag?post=34696"}],"curies":[{"name":"wp","href":"https:\/\/api.w.org\/{rel}","templated":true}]}}