{"id":34807,"date":"2025-04-10T12:09:51","date_gmt":"2025-04-10T10:09:51","guid":{"rendered":"https:\/\/myspainfood.com\/producto\/wino-cucamonas-verdejo-de-rueda-2022-bodegas-gotica-120-butelek\/"},"modified":"2025-04-10T12:09:51","modified_gmt":"2025-04-10T10:09:51","slug":"wino-cucamonas-verdejo-de-rueda-2022-bodegas-gotica-120-butelek","status":"publish","type":"product","link":"https:\/\/myspainfood.com\/pl\/producto\/wino-cucamonas-verdejo-de-rueda-2022-bodegas-gotica-120-butelek\/","title":{"rendered":"Wino Cucamonas verdejo de Rueda 2022 bodegas G\u00f3tica 120 butelek"},"content":{"rendered":"<p><strong>Verdejo - <em>100% Verdejo<\/em><\/strong><\/p>\n<p>W 100% z winogron Verdejo, g\u0142\u00f3wnej odmiany DO. Rueda. Produkuje wysokiej jako\u015bci wina, \u015bwie\u017ce, bardzo owocowe, o zielonkawo-\u017c\u00f3\u0142tym kolorze, z cytrusowymi aromatami, pe\u0142ne i bardzo glicerynowe.  <\/p>\n<p>&nbsp;<\/p>\n","protected":false},"excerpt":{"rendered":"<p>Cucamonas Verdejo Rueda 2022<\/p>\n","protected":false},"featured_media":8617,"template":"","meta":{"_et_pb_use_builder":"","_et_pb_old_content":"","_et_gb_content_width":""},"product_brand":[1140],"product_cat":[4877,2921,4879],"product_tag":[7248,7249],"class_list":{"0":"post-34807","1":"product","2":"type-product","3":"status-publish","4":"has-post-thumbnail","6":"product_brand-ladera-de-los-obispos","7":"product_cat-napoje-pl","8":"product_cat-sprzedaz-hurtowa","9":"product_cat-wino","10":"product_tag-gotyk","11":"product_tag-kolo-pl","13":"first","14":"outofstock","15":"featured","16":"taxable","17":"shipping-taxable","18":"purchasable","19":"product-type-simple"},"_links":{"self":[{"href":"https:\/\/myspainfood.com\/pl\/wp-json\/wp\/v2\/product\/34807","targetHints":{"allow":["GET"]}}],"collection":[{"href":"https:\/\/myspainfood.com\/pl\/wp-json\/wp\/v2\/product"}],"about":[{"href":"https:\/\/myspainfood.com\/pl\/wp-json\/wp\/v2\/types\/product"}],"wp:featuredmedia":[{"embeddable":true,"href":"https:\/\/myspainfood.com\/pl\/wp-json\/wp\/v2\/media\/8617"}],"wp:attachment":[{"href":"https:\/\/myspainfood.com\/pl\/wp-json\/wp\/v2\/media?parent=34807"}],"wp:term":[{"taxonomy":"product_brand","embeddable":true,"href":"https:\/\/myspainfood.com\/pl\/wp-json\/wp\/v2\/product_brand?post=34807"},{"taxonomy":"product_cat","embeddable":true,"href":"https:\/\/myspainfood.com\/pl\/wp-json\/wp\/v2\/product_cat?post=34807"},{"taxonomy":"product_tag","embeddable":true,"href":"https:\/\/myspainfood.com\/pl\/wp-json\/wp\/v2\/product_tag?post=34807"}],"curies":[{"name":"wp","href":"https:\/\/api.w.org\/{rel}","templated":true}]}}