{"id":37207,"date":"2025-04-10T12:11:40","date_gmt":"2025-04-10T10:11:40","guid":{"rendered":"https:\/\/myspainfood.com\/producto\/andaluzyjskie-gazpacho-z-oliwa-z-oliwek-z-pierwszego-tloczenia-arteoliva-1-litr\/"},"modified":"2026-01-29T12:25:57","modified_gmt":"2026-01-29T11:25:57","slug":"andaluzyjskie-gazpacho-z-oliwa-z-oliwek-z-pierwszego-tloczenia-arteoliva-1-litr","status":"publish","type":"product","link":"https:\/\/myspainfood.com\/pl\/producto\/andaluzyjskie-gazpacho-z-oliwa-z-oliwek-z-pierwszego-tloczenia-arteoliva-1-litr\/","title":{"rendered":"Andaluzyjskie Gazpacho z oliw\u0105 z oliwek z pierwszego t\u0142oczenia ARTEOLIVA 1 litr"},"content":{"rendered":"<p>Jest to produkt, kt\u00f3ry wiernie pod\u0105\u017ca za tradycyjn\u0105 receptur\u0105 prawdziwego andaluzyjskiego gazpacho. W jego sk\u0142ad wchodz\u0105 najwy\u017cszej jako\u015bci \u015bwie\u017ce warzywa, takie jak pomidor, og\u00f3rek, papryka, czosnek, oliwa z oliwek z pierwszego t\u0142oczenia i chleb, ocet sherry, woda i s\u00f3l morska. W przeciwie\u0144stwie do innych produkt\u00f3w dost\u0119pnych na rynku, gazpacho &#8222;ArteOliva&#8221; zawiera wi\u0119cej oliwy z oliwek z pierwszego t\u0142oczenia i chleba, kt\u00f3ry jest uwa\u017cany za niezb\u0119dny sk\u0142adnik tradycyjnej receptury.  <\/p>\n","protected":false},"excerpt":{"rendered":"<p>Jest to produkt, kt\u00f3ry wiernie pod\u0105\u017ca za tradycyjn\u0105 receptur\u0105 prawdziwego andaluzyjskiego gazpacho. W jego sk\u0142ad wchodz\u0105 najwy\u017cszej jako\u015bci \u015bwie\u017ce warzywa, takie jak pomidor, og\u00f3rek, papryka, czosnek, oliwa z oliwek z pierwszego t\u0142oczenia i chleb, ocet sherry, woda i s\u00f3l morska. W przeciwie\u0144stwie do innych produkt\u00f3w dost\u0119pnych na rynku, gazpacho &#8222;ArteOliva&#8221; zawiera wi\u0119cej oliwy z oliwek [&hellip;]<\/p>\n","protected":false},"featured_media":14089,"template":"","meta":{"_et_pb_use_builder":"","_et_pb_old_content":"","_et_gb_content_width":""},"product_brand":[1457],"product_cat":[1969,4877,2207],"product_tag":[],"class_list":{"0":"post-37207","1":"product","2":"type-product","3":"status-publish","4":"has-post-thumbnail","6":"product_brand-arteoliva","7":"product_cat-konserwy","8":"product_cat-napoje-pl","9":"product_cat-oliwa-z-oliwek-extra-virgin","11":"first","12":"outofstock","13":"taxable","14":"shipping-taxable","15":"product-type-variable"},"_links":{"self":[{"href":"https:\/\/myspainfood.com\/pl\/wp-json\/wp\/v2\/product\/37207","targetHints":{"allow":["GET"]}}],"collection":[{"href":"https:\/\/myspainfood.com\/pl\/wp-json\/wp\/v2\/product"}],"about":[{"href":"https:\/\/myspainfood.com\/pl\/wp-json\/wp\/v2\/types\/product"}],"wp:featuredmedia":[{"embeddable":true,"href":"https:\/\/myspainfood.com\/pl\/wp-json\/wp\/v2\/media\/14089"}],"wp:attachment":[{"href":"https:\/\/myspainfood.com\/pl\/wp-json\/wp\/v2\/media?parent=37207"}],"wp:term":[{"taxonomy":"product_brand","embeddable":true,"href":"https:\/\/myspainfood.com\/pl\/wp-json\/wp\/v2\/product_brand?post=37207"},{"taxonomy":"product_cat","embeddable":true,"href":"https:\/\/myspainfood.com\/pl\/wp-json\/wp\/v2\/product_cat?post=37207"},{"taxonomy":"product_tag","embeddable":true,"href":"https:\/\/myspainfood.com\/pl\/wp-json\/wp\/v2\/product_tag?post=37207"}],"curies":[{"name":"wp","href":"https:\/\/api.w.org\/{rel}","templated":true}]}}