{"id":37372,"date":"2025-04-10T12:05:45","date_gmt":"2025-04-10T10:05:45","guid":{"rendered":"https:\/\/myspainfood.com\/producto\/jajecznica-45-kg\/"},"modified":"2025-04-10T12:05:45","modified_gmt":"2025-04-10T10:05:45","slug":"jajecznica-45-kg","status":"publish","type":"product","link":"https:\/\/myspainfood.com\/pl\/producto\/jajecznica-45-kg\/","title":{"rendered":"Jajecznica 4,5 kg"},"content":{"rendered":"<p>Ten 4,5-kilogramowy zestaw marynat w wodzie, soli i occie zawiera oliwki, cebul\u0119 i korniszony.<\/p>\n<p>To <a href=\"https:\/\/www.google.com\/search?q=revuelto+aceitunas+s%C3%A1ngar&amp;sxsrf=APq-WBt1wkTZta0IAEDoueZPBxEuaY8Dtw:1644308614563&amp;source=lnms&amp;tbm=isch&amp;sa=X&amp;ved=2ahUKEwjouvz21u_1AhVV_rsIHacjBd0Q_AUoAXoECAEQAw&amp;biw=1577&amp;bih=780&amp;dpr=1\" target=\"_blank\" rel=\"noopener noreferrer nofollow\">po\u0142\u0105czenie<\/a> oliwek i pikli pozwala cieszy\u0107 si\u0119 niezr\u00f3wnanym smakiem Pa\u0144stwa tapas lub przystawek.<\/p>\n<p>Jest to bardzo zdrowe uzupe\u0142nienie naszej tradycyjnej, po\u017cywnej diety \u015br\u00f3dziemnomorskiej.<\/p>\n<p>W Hiszpanii znajdziemy oliwki, korniszony, bak\u0142a\u017cany almagro, marchew, cebul\u0119, bardzo tradycyjne kapary, czosnek, a nawet ich mieszank\u0119.<\/p>\n<p>Cz\u0119sto podaje si\u0119 je jako tapas do piwa (nie do wina ze wzgl\u0119du na zawarto\u015b\u0107 octu).<\/p>\n<p>Pikle sta\u0142y si\u0119 jedn\u0105 z najbardziej popularnych przek\u0105sek w hiszpa\u0144skiej gastronomii, a nie tylko odwieczn\u0105 technik\u0105 konserwowania \u017cywno\u015bci na ca\u0142ym \u015bwiecie.<\/p>\n<h3><strong>Zalety jajecznicy 4,5 kg<\/strong><\/h3>\n<p>Czy wiedz\u0105 Pa\u0144stwo, jakie s\u0105 zalety jajecznicy 4,5 kg i og\u00f3rk\u00f3w kiszonych w og\u00f3le? Oto lista najwa\u017cniejszych z nich: <\/p>\n<ul>\n<li>Bogaty w probiotyki.<\/li>\n<li>Wspomagaj\u0105 trawienie.<\/li>\n<li>Wzmacniaj\u0105 uk\u0142ad odporno\u015bciowy.<\/li>\n<li>Zmniejszaj\u0105 apetyt na cukier.<\/li>\n<li>Korzystny dla p\u0119cherzyka \u017c\u00f3\u0142ciowego.<\/li>\n<\/ul>\n<p>&nbsp;<\/p>\n<p>Je\u015bli chc\u0105 Pa\u0144stwo kupi\u0107 oliwki lub inny rodzaj <a href=\"https:\/\/latiendadesami.com\/categoria-producto\/encurtidos\/\" rel=\"noopener noreferrer nofollow\" target=\"_blank\">marynaty<\/a>, zapraszamy do zapoznania si\u0119 z naszym katalogiem online, aby zobaczy\u0107 szerok\u0105 gam\u0119 <a href=\"https:\/\/latiendadesami.com\/categoria-producto\/encurtidos\/aceitunas\/\" target=\"_blank\" rel=\"noopener noreferrer nofollow\">oliwek<\/a> lub Revuelto 4,5 kg, kt\u00f3re posiadamy.<\/p>\n<p>Prosz\u0119 napisa\u0107 do nas, aby uzyska\u0107 wi\u0119cej informacji.<\/p>\n","protected":false},"excerpt":{"rendered":"<p>Ten 4,5-kilogramowy zestaw marynat w wodzie, soli i occie zawiera oliwki, cebul\u0119 i korniszony. To po\u0142\u0105czenie oliwek i pikli pozwala cieszy\u0107 si\u0119 niezr\u00f3wnanym smakiem Pa\u0144stwa tapas lub przystawek. Jest to bardzo zdrowe uzupe\u0142nienie naszej tradycyjnej, po\u017cywnej diety \u015br\u00f3dziemnomorskiej. W Hiszpanii znajdziemy oliwki, korniszony, bak\u0142a\u017cany almagro, marchew, cebul\u0119, bardzo tradycyjne kapary, czosnek, a nawet ich mieszank\u0119. [&hellip;]<\/p>\n","protected":false},"featured_media":7762,"template":"","meta":{"_et_pb_use_builder":"","_et_pb_old_content":"","_et_gb_content_width":""},"product_brand":[1069],"product_cat":[2003,1567,1566],"product_tag":[8113],"class_list":{"0":"post-37372","1":"product","2":"type-product","3":"status-publish","4":"has-post-thumbnail","6":"product_brand-sangar","7":"product_cat-korniszony","8":"product_cat-oliwki","9":"product_cat-pikle","10":"product_tag-jajecznica","12":"first","13":"outofstock","14":"taxable","15":"shipping-taxable","16":"purchasable","17":"product-type-simple"},"_links":{"self":[{"href":"https:\/\/myspainfood.com\/pl\/wp-json\/wp\/v2\/product\/37372","targetHints":{"allow":["GET"]}}],"collection":[{"href":"https:\/\/myspainfood.com\/pl\/wp-json\/wp\/v2\/product"}],"about":[{"href":"https:\/\/myspainfood.com\/pl\/wp-json\/wp\/v2\/types\/product"}],"wp:featuredmedia":[{"embeddable":true,"href":"https:\/\/myspainfood.com\/pl\/wp-json\/wp\/v2\/media\/7762"}],"wp:attachment":[{"href":"https:\/\/myspainfood.com\/pl\/wp-json\/wp\/v2\/media?parent=37372"}],"wp:term":[{"taxonomy":"product_brand","embeddable":true,"href":"https:\/\/myspainfood.com\/pl\/wp-json\/wp\/v2\/product_brand?post=37372"},{"taxonomy":"product_cat","embeddable":true,"href":"https:\/\/myspainfood.com\/pl\/wp-json\/wp\/v2\/product_cat?post=37372"},{"taxonomy":"product_tag","embeddable":true,"href":"https:\/\/myspainfood.com\/pl\/wp-json\/wp\/v2\/product_tag?post=37372"}],"curies":[{"name":"wp","href":"https:\/\/api.w.org\/{rel}","templated":true}]}}