{"id":37424,"date":"2025-04-10T12:08:44","date_gmt":"2025-04-10T10:08:44","guid":{"rendered":"https:\/\/myspainfood.com\/producto\/osmiornica-lniana-60-sztuk\/"},"modified":"2025-07-28T10:35:22","modified_gmt":"2025-07-28T08:35:22","slug":"osmiornica-lniana-60-sztuk","status":"publish","type":"product","link":"https:\/\/myspainfood.com\/pl\/producto\/osmiornica-lniana-60-sztuk\/","title":{"rendered":"O\u015bmiornica lniana 60 sztuk"},"content":{"rendered":"<p>Oliwa (85% s\u0142onecznikowa, 15% oliwkowa), o\u015bmiornica, oliwki nadziewane anchois, czerwona papryka, og\u00f3rek i cebula.<\/p>\n","protected":false},"excerpt":{"rendered":"<p>Oliwa (85% s\u0142onecznikowa, 15% oliwkowa), o\u015bmiornica, oliwki nadziewane anchois, czerwona papryka, og\u00f3rek i cebula.<\/p>\n","protected":false},"featured_media":11290,"template":"","meta":{"_et_pb_use_builder":"","_et_pb_old_content":"","_et_gb_content_width":""},"product_brand":[],"product_cat":[2003,1567,8122,1566,1840,1838,1836],"product_tag":[],"class_list":{"0":"post-37424","1":"product","2":"type-product","3":"status-publish","4":"has-post-thumbnail","6":"product_cat-korniszony","7":"product_cat-oliwki","8":"product_cat-osmiornica","9":"product_cat-pikle","10":"product_cat-pintxos-pl","11":"product_cat-sardele-pl","12":"product_cat-zimno","13":"product_shipping_class-wysylka-na-zimno","15":"first","16":"instock","17":"taxable","18":"shipping-taxable","19":"purchasable","20":"product-type-simple"},"_links":{"self":[{"href":"https:\/\/myspainfood.com\/pl\/wp-json\/wp\/v2\/product\/37424","targetHints":{"allow":["GET"]}}],"collection":[{"href":"https:\/\/myspainfood.com\/pl\/wp-json\/wp\/v2\/product"}],"about":[{"href":"https:\/\/myspainfood.com\/pl\/wp-json\/wp\/v2\/types\/product"}],"wp:featuredmedia":[{"embeddable":true,"href":"https:\/\/myspainfood.com\/pl\/wp-json\/wp\/v2\/media\/11290"}],"wp:attachment":[{"href":"https:\/\/myspainfood.com\/pl\/wp-json\/wp\/v2\/media?parent=37424"}],"wp:term":[{"taxonomy":"product_brand","embeddable":true,"href":"https:\/\/myspainfood.com\/pl\/wp-json\/wp\/v2\/product_brand?post=37424"},{"taxonomy":"product_cat","embeddable":true,"href":"https:\/\/myspainfood.com\/pl\/wp-json\/wp\/v2\/product_cat?post=37424"},{"taxonomy":"product_tag","embeddable":true,"href":"https:\/\/myspainfood.com\/pl\/wp-json\/wp\/v2\/product_tag?post=37424"}],"curies":[{"name":"wp","href":"https:\/\/api.w.org\/{rel}","templated":true}]}}