{"id":37672,"date":"2025-04-10T12:10:09","date_gmt":"2025-04-10T10:10:09","guid":{"rendered":"https:\/\/myspainfood.com\/producto\/asortyment-tradycyjnych-pasztetow-cazorla-dla-smakoszy\/"},"modified":"2025-04-10T12:10:09","modified_gmt":"2025-04-10T10:10:09","slug":"asortyment-tradycyjnych-pasztetow-cazorla-dla-smakoszy","status":"publish","type":"product","link":"https:\/\/myspainfood.com\/pl\/producto\/asortyment-tradycyjnych-pasztetow-cazorla-dla-smakoszy\/","title":{"rendered":"Asortyment tradycyjnych pasztet\u00f3w Cazorla dla smakoszy"},"content":{"rendered":"<p>Pude\u0142ko zawiera 6 naszych pasztet\u00f3w z tradycyjnej linii Gourmet Cazorla.<\/p>\n<p> Idealny prezent dla Pa\u0144stwa bliskich&#8230;.<\/p>\n","protected":false},"excerpt":{"rendered":"<p>Pude\u0142ko zawiera 6 naszych pasztet\u00f3w z tradycyjnej linii Gourmet Cazorla. Idealny prezent dla Pa\u0144stwa bliskich&#8230;.<\/p>\n","protected":false},"featured_media":12451,"template":"","meta":{"_et_pb_use_builder":"","_et_pb_old_content":"","_et_gb_content_width":""},"product_brand":[],"product_cat":[1969,8171],"product_tag":[],"class_list":{"0":"post-37672","1":"product","2":"type-product","3":"status-publish","4":"has-post-thumbnail","6":"product_cat-konserwy","7":"product_cat-pasztet","9":"first","10":"instock","11":"taxable","12":"shipping-taxable","13":"purchasable","14":"product-type-simple"},"_links":{"self":[{"href":"https:\/\/myspainfood.com\/pl\/wp-json\/wp\/v2\/product\/37672","targetHints":{"allow":["GET"]}}],"collection":[{"href":"https:\/\/myspainfood.com\/pl\/wp-json\/wp\/v2\/product"}],"about":[{"href":"https:\/\/myspainfood.com\/pl\/wp-json\/wp\/v2\/types\/product"}],"wp:featuredmedia":[{"embeddable":true,"href":"https:\/\/myspainfood.com\/pl\/wp-json\/wp\/v2\/media\/12451"}],"wp:attachment":[{"href":"https:\/\/myspainfood.com\/pl\/wp-json\/wp\/v2\/media?parent=37672"}],"wp:term":[{"taxonomy":"product_brand","embeddable":true,"href":"https:\/\/myspainfood.com\/pl\/wp-json\/wp\/v2\/product_brand?post=37672"},{"taxonomy":"product_cat","embeddable":true,"href":"https:\/\/myspainfood.com\/pl\/wp-json\/wp\/v2\/product_cat?post=37672"},{"taxonomy":"product_tag","embeddable":true,"href":"https:\/\/myspainfood.com\/pl\/wp-json\/wp\/v2\/product_tag?post=37672"}],"curies":[{"name":"wp","href":"https:\/\/api.w.org\/{rel}","templated":true}]}}