{"id":37841,"date":"2025-04-10T12:10:07","date_gmt":"2025-04-10T10:10:07","guid":{"rendered":"https:\/\/myspainfood.com\/producto\/rozne-pasztety-iberyjskie-gourmet-cazorla\/"},"modified":"2025-04-10T12:10:07","modified_gmt":"2025-04-10T10:10:07","slug":"rozne-pasztety-iberyjskie-gourmet-cazorla","status":"publish","type":"product","link":"https:\/\/myspainfood.com\/pl\/producto\/rozne-pasztety-iberyjskie-gourmet-cazorla\/","title":{"rendered":"R\u00f3\u017cne pasztety iberyjskie Gourmet Cazorla"},"content":{"rendered":"<p>Pude\u0142ko zawiera 6 naszych tradycyjnych pasztet\u00f3w Gourmet Cazorla.<\/p>\n<p> Idealny prezent dla Pa\u0144stwa bliskich&#8230; na urodziny, na Bo\u017ce Narodzenie, aby podzi\u0119kowa\u0107 im za wysi\u0142ek lub po prostu dlatego, \u017ce, a tak\u017ce dla Pa\u0144stwa, poniewa\u017c na to zas\u0142uguj\u0105.<\/p>\n","protected":false},"excerpt":{"rendered":"<p>Pude\u0142ko zawiera 6 naszych tradycyjnych pasztet\u00f3w Gourmet Cazorla. Idealny prezent dla Pa\u0144stwa bliskich&#8230; na urodziny, na Bo\u017ce Narodzenie, aby podzi\u0119kowa\u0107 im za wysi\u0142ek lub po prostu dlatego, \u017ce, a tak\u017ce dla Pa\u0144stwa, poniewa\u017c na to zas\u0142uguj\u0105.<\/p>\n","protected":false},"featured_media":12388,"template":"","meta":{"_et_pb_use_builder":"","_et_pb_old_content":"","_et_gb_content_width":""},"product_brand":[],"product_cat":[1969,8171],"product_tag":[],"class_list":{"0":"post-37841","1":"product","2":"type-product","3":"status-publish","4":"has-post-thumbnail","6":"product_cat-konserwy","7":"product_cat-pasztet","9":"first","10":"instock","11":"taxable","12":"shipping-taxable","13":"purchasable","14":"product-type-simple"},"_links":{"self":[{"href":"https:\/\/myspainfood.com\/pl\/wp-json\/wp\/v2\/product\/37841","targetHints":{"allow":["GET"]}}],"collection":[{"href":"https:\/\/myspainfood.com\/pl\/wp-json\/wp\/v2\/product"}],"about":[{"href":"https:\/\/myspainfood.com\/pl\/wp-json\/wp\/v2\/types\/product"}],"wp:featuredmedia":[{"embeddable":true,"href":"https:\/\/myspainfood.com\/pl\/wp-json\/wp\/v2\/media\/12388"}],"wp:attachment":[{"href":"https:\/\/myspainfood.com\/pl\/wp-json\/wp\/v2\/media?parent=37841"}],"wp:term":[{"taxonomy":"product_brand","embeddable":true,"href":"https:\/\/myspainfood.com\/pl\/wp-json\/wp\/v2\/product_brand?post=37841"},{"taxonomy":"product_cat","embeddable":true,"href":"https:\/\/myspainfood.com\/pl\/wp-json\/wp\/v2\/product_cat?post=37841"},{"taxonomy":"product_tag","embeddable":true,"href":"https:\/\/myspainfood.com\/pl\/wp-json\/wp\/v2\/product_tag?post=37841"}],"curies":[{"name":"wp","href":"https:\/\/api.w.org\/{rel}","templated":true}]}}