{"id":38111,"date":"2025-04-10T12:14:40","date_gmt":"2025-04-10T10:14:40","guid":{"rendered":"https:\/\/myspainfood.com\/producto\/malze-chile-escabeche-10-15-sztuk-marevento\/"},"modified":"2026-01-30T14:30:25","modified_gmt":"2026-01-30T13:30:25","slug":"malze-chile-escabeche-10-15-sztuk-marevento","status":"publish","type":"product","link":"https:\/\/myspainfood.com\/pl\/producto\/malze-chile-escabeche-10-15-sztuk-marevento\/","title":{"rendered":"Ma\u0142\u017ce Chile escabeche 10-15 sztuk Marevento"},"content":{"rendered":"<p>Gotowane i sma\u017cone na oleju s\u0142onecznikowym. Bisiory s\u0105 usuwane r\u0119cznie i pakowane jeden po drugim. Towarzyszy im wyj\u0105tkowa marynata wykonana z ca\u0142kowicie naturalnych sk\u0142adnik\u00f3w. Sk\u0142adniki: Ma\u0142\u017ce chilijskie, escabeche (olej s\u0142onecznikowy, ocet z czerwonego wina, woda, naturalne aromaty, przyprawy i s\u00f3l).<\/p>\n","protected":false},"excerpt":{"rendered":"<p>Gotowane i sma\u017cone na oleju s\u0142onecznikowym. Bisiory s\u0105 usuwane r\u0119cznie i pakowane jeden po drugim. Towarzyszy im wyj\u0105tkowa marynata wykonana z ca\u0142kowicie naturalnych sk\u0142adnik\u00f3w. Sk\u0142adniki: Ma\u0142\u017ce chilijskie, escabeche (olej s\u0142onecznikowy, ocet z czerwonego wina, woda, naturalne aromaty, przyprawy i s\u00f3l).<\/p>\n","protected":false},"featured_media":14998,"template":"","meta":{"_et_pb_use_builder":"","_et_pb_old_content":"","_et_gb_content_width":""},"product_brand":[1428],"product_cat":[1969,4063],"product_tag":[],"class_list":{"0":"post-38111","1":"product","2":"type-product","3":"status-publish","4":"has-post-thumbnail","6":"product_brand-portonovo","7":"product_cat-konserwy","8":"product_cat-malze-pl-2","10":"first","11":"instock","12":"taxable","13":"shipping-taxable","14":"purchasable","15":"product-type-variable"},"_links":{"self":[{"href":"https:\/\/myspainfood.com\/pl\/wp-json\/wp\/v2\/product\/38111","targetHints":{"allow":["GET"]}}],"collection":[{"href":"https:\/\/myspainfood.com\/pl\/wp-json\/wp\/v2\/product"}],"about":[{"href":"https:\/\/myspainfood.com\/pl\/wp-json\/wp\/v2\/types\/product"}],"wp:featuredmedia":[{"embeddable":true,"href":"https:\/\/myspainfood.com\/pl\/wp-json\/wp\/v2\/media\/14998"}],"wp:attachment":[{"href":"https:\/\/myspainfood.com\/pl\/wp-json\/wp\/v2\/media?parent=38111"}],"wp:term":[{"taxonomy":"product_brand","embeddable":true,"href":"https:\/\/myspainfood.com\/pl\/wp-json\/wp\/v2\/product_brand?post=38111"},{"taxonomy":"product_cat","embeddable":true,"href":"https:\/\/myspainfood.com\/pl\/wp-json\/wp\/v2\/product_cat?post=38111"},{"taxonomy":"product_tag","embeddable":true,"href":"https:\/\/myspainfood.com\/pl\/wp-json\/wp\/v2\/product_tag?post=38111"}],"curies":[{"name":"wp","href":"https:\/\/api.w.org\/{rel}","templated":true}]}}