{"id":38183,"date":"2025-04-10T12:14:40","date_gmt":"2025-04-10T10:14:40","guid":{"rendered":"https:\/\/myspainfood.com\/producto\/malze-nowozelandzkie-w-sosie-marynowanym-4-6-sztuk-giant-portonovo-115-gr\/"},"modified":"2026-01-30T14:31:48","modified_gmt":"2026-01-30T13:31:48","slug":"malze-nowozelandzkie-w-sosie-marynowanym-4-6-sztuk-giant-portonovo-115-gr","status":"publish","type":"product","link":"https:\/\/myspainfood.com\/pl\/producto\/malze-nowozelandzkie-w-sosie-marynowanym-4-6-sztuk-giant-portonovo-115-gr\/","title":{"rendered":"Ma\u0142\u017ce nowozelandzkie w sosie marynowanym 4-6 sztuk Giant Portonovo - 115 Gr"},"content":{"rendered":"<p>Prosz\u0119 odkry\u0107 intensywno\u015b\u0107 smaku i jako\u015b\u0107 <strong>omu\u0142k\u00f3w nowozelandzkich<\/strong> <strong>Gigante Portonovo<\/strong> <strong>w sosie marynowanym<\/strong>. Ten produkt premium zawiera od 4 do 6 wyselekcjonowanych kawa\u0142k\u00f3w du\u017cych ma\u0142\u017cy, w opakowaniu o wadze 115 gram\u00f3w, idealnych do tapas, sa\u0142atek lub jako przystawka dla smakoszy. <\/p>\n<p>Ma\u0142\u017ce te, hodowane w krystalicznie czystych wodach Nowej Zelandii, wyr\u00f3\u017cniaj\u0105 si\u0119 mi\u0119sist\u0105 konsystencj\u0105 i niezr\u00f3wnanym smakiem, wzmocnionym delikatn\u0105 marynat\u0105, kt\u00f3ra podkre\u015bla ich \u015bwie\u017co\u015b\u0107 i jako\u015b\u0107. S\u0105 r\u00f3wnie\u017c bogate w bia\u0142ko, kwasy omega-3 i niezb\u0119dne minera\u0142y, dzi\u0119ki czemu s\u0105 zdrowym i pysznym wyborem dla ka\u017cdej diety. <\/p>\n<p>Aby uzyska\u0107 wi\u0119cej opcji owoc\u00f3w morza, odwied\u017a nasz\u0105 <a href=\"https:\/\/latiendadesami.com\/categoria-producto\/conservas\/\" target=\"_new\" rel=\"noopener noreferrer nofollow\" target=\"_blank\">sekcj\u0119 konserw<\/a> i odkryj zalety <strong>marynowanych ma\u0142\u017cy nowozelandzkich<\/strong> w zbilansowanej diecie. Prosz\u0119 skosztowa\u0107 jako\u015bci i autentyczno\u015bci, kt\u00f3r\u0105 mo\u017ce zaoferowa\u0107 tylko Portonovo!<\/p>\n","protected":false},"excerpt":{"rendered":"<p>Prosz\u0119 odkry\u0107 intensywno\u015b\u0107 smaku i jako\u015b\u0107 omu\u0142k\u00f3w nowozelandzkich Gigante Portonovo w sosie marynowanym. Ten produkt premium zawiera od 4 do 6 wyselekcjonowanych kawa\u0142k\u00f3w du\u017cych ma\u0142\u017cy, w opakowaniu o wadze 115 gram\u00f3w, idealnych do tapas, sa\u0142atek lub jako przystawka dla smakoszy. Ma\u0142\u017ce te, hodowane w krystalicznie czystych wodach Nowej Zelandii, wyr\u00f3\u017cniaj\u0105 si\u0119 mi\u0119sist\u0105 konsystencj\u0105 i niezr\u00f3wnanym [&hellip;]<\/p>\n","protected":false},"featured_media":14908,"template":"","meta":{"_et_pb_use_builder":"","_et_pb_old_content":"","_et_gb_content_width":""},"product_brand":[1428],"product_cat":[1969,4063],"product_tag":[],"class_list":{"0":"post-38183","1":"product","2":"type-product","3":"status-publish","4":"has-post-thumbnail","6":"product_brand-portonovo","7":"product_cat-konserwy","8":"product_cat-malze-pl-2","10":"first","11":"outofstock","12":"taxable","13":"shipping-taxable","14":"product-type-variable"},"_links":{"self":[{"href":"https:\/\/myspainfood.com\/pl\/wp-json\/wp\/v2\/product\/38183","targetHints":{"allow":["GET"]}}],"collection":[{"href":"https:\/\/myspainfood.com\/pl\/wp-json\/wp\/v2\/product"}],"about":[{"href":"https:\/\/myspainfood.com\/pl\/wp-json\/wp\/v2\/types\/product"}],"wp:featuredmedia":[{"embeddable":true,"href":"https:\/\/myspainfood.com\/pl\/wp-json\/wp\/v2\/media\/14908"}],"wp:attachment":[{"href":"https:\/\/myspainfood.com\/pl\/wp-json\/wp\/v2\/media?parent=38183"}],"wp:term":[{"taxonomy":"product_brand","embeddable":true,"href":"https:\/\/myspainfood.com\/pl\/wp-json\/wp\/v2\/product_brand?post=38183"},{"taxonomy":"product_cat","embeddable":true,"href":"https:\/\/myspainfood.com\/pl\/wp-json\/wp\/v2\/product_cat?post=38183"},{"taxonomy":"product_tag","embeddable":true,"href":"https:\/\/myspainfood.com\/pl\/wp-json\/wp\/v2\/product_tag?post=38183"}],"curies":[{"name":"wp","href":"https:\/\/api.w.org\/{rel}","templated":true}]}}