{"id":38564,"date":"2025-04-10T12:08:54","date_gmt":"2025-04-10T10:08:54","guid":{"rendered":"https:\/\/myspainfood.com\/producto\/oliwka-sanmer-black-pearl-140-160-cala-5kg\/"},"modified":"2025-04-10T12:08:54","modified_gmt":"2025-04-10T10:08:54","slug":"oliwka-sanmer-black-pearl-140-160-cala-5kg","status":"publish","type":"product","link":"https:\/\/myspainfood.com\/pl\/producto\/oliwka-sanmer-black-pearl-140-160-cala-5kg\/","title":{"rendered":"Oliwka Sanmer Black Pearl 140\/160 ca\u0142a 5kg"},"content":{"rendered":"<p>Intensywny czarny kolor z silnym po\u0142yskiem, soczysty mi\u0105\u017csz i przyjemna konsystencja. Doskona\u0142y dodatek do \u015bwie\u017cych sa\u0142atek i pizzy, pyszny z ka\u017cdym \u0142agodnym daniem. <\/p>\n","protected":false},"excerpt":{"rendered":"<p>Intensywny czarny kolor z silnym po\u0142yskiem, soczysty mi\u0105\u017csz i przyjemna konsystencja. Doskona\u0142y dodatek do \u015bwie\u017cych sa\u0142atek i pizzy, pyszny z ka\u017cdym \u0142agodnym daniem.<\/p>\n","protected":false},"featured_media":11497,"template":"","meta":{"_et_pb_use_builder":"","_et_pb_old_content":"","_et_gb_content_width":""},"product_brand":[1069,1303],"product_cat":[1567,1566],"product_tag":[8210,2052],"class_list":{"0":"post-38564","1":"product","2":"type-product","3":"status-publish","4":"has-post-thumbnail","6":"product_brand-sangar","7":"product_brand-sanmer","8":"product_cat-oliwki","9":"product_cat-pikle","10":"product_tag-czarny","11":"product_tag-rumianek","13":"first","14":"outofstock","15":"taxable","16":"shipping-taxable","17":"purchasable","18":"product-type-simple"},"_links":{"self":[{"href":"https:\/\/myspainfood.com\/pl\/wp-json\/wp\/v2\/product\/38564","targetHints":{"allow":["GET"]}}],"collection":[{"href":"https:\/\/myspainfood.com\/pl\/wp-json\/wp\/v2\/product"}],"about":[{"href":"https:\/\/myspainfood.com\/pl\/wp-json\/wp\/v2\/types\/product"}],"wp:featuredmedia":[{"embeddable":true,"href":"https:\/\/myspainfood.com\/pl\/wp-json\/wp\/v2\/media\/11497"}],"wp:attachment":[{"href":"https:\/\/myspainfood.com\/pl\/wp-json\/wp\/v2\/media?parent=38564"}],"wp:term":[{"taxonomy":"product_brand","embeddable":true,"href":"https:\/\/myspainfood.com\/pl\/wp-json\/wp\/v2\/product_brand?post=38564"},{"taxonomy":"product_cat","embeddable":true,"href":"https:\/\/myspainfood.com\/pl\/wp-json\/wp\/v2\/product_cat?post=38564"},{"taxonomy":"product_tag","embeddable":true,"href":"https:\/\/myspainfood.com\/pl\/wp-json\/wp\/v2\/product_tag?post=38564"}],"curies":[{"name":"wp","href":"https:\/\/api.w.org\/{rel}","templated":true}]}}