{"id":38635,"date":"2025-04-10T12:09:10","date_gmt":"2025-04-10T10:09:10","guid":{"rendered":"https:\/\/myspainfood.com\/producto\/ser-kozi-i-krowi-ribera-del-duero-wino-el-gran-cardenal\/"},"modified":"2025-06-24T16:14:39","modified_gmt":"2025-06-24T14:14:39","slug":"ser-kozi-i-krowi-ribera-del-duero-wino-el-gran-cardenal","status":"publish","type":"product","link":"https:\/\/myspainfood.com\/pl\/producto\/ser-kozi-i-krowi-ribera-del-duero-wino-el-gran-cardenal\/","title":{"rendered":"Ser kozi i krowi Ribera del Duero Wino El Gran Cardenal"},"content":{"rendered":"<div class=\"et_pb_blurb_container\">\n<div class=\"et_pb_blurb_container\">\n<h4 class=\"et_pb_module_header\">Koza z winem Ribera de Duero<\/h4>\n<div class=\"et_pb_blurb_description\">Kremowy ser z mleka koziego i krowiego w towarzystwie jednego z doskona\u0142ych win produkowanych w Hiszpanii, wina Ribera del Duero (apelacja obejmuj\u0105ca winnice po\u0142o\u017cone w Kastylii i Le\u00f3n).<\/p>\n<p>Kolor wina mo\u017cna zobaczy\u0107 wewn\u0105trz sera, poniewa\u017c jest ono dodawane w czasie produkcji.<\/p><\/div>\n<\/div>\n<\/div>\n","protected":false},"excerpt":{"rendered":"<p>Koza z winem Ribera de Duero Kremowy ser z mleka koziego i krowiego w towarzystwie jednego z doskona\u0142ych win produkowanych w Hiszpanii, wina Ribera del Duero (apelacja obejmuj\u0105ca winnice po\u0142o\u017cone w Kastylii i Le\u00f3n). Kolor wina mo\u017cna zobaczy\u0107 wewn\u0105trz sera, poniewa\u017c jest ono dodawane w czasie produkcji.<\/p>\n","protected":false},"featured_media":11740,"template":"","meta":{"_et_pb_use_builder":"","_et_pb_old_content":"","_et_gb_content_width":""},"product_brand":[1319],"product_cat":[2245,2722,1836],"product_tag":[],"class_list":{"0":"post-38635","1":"product","2":"type-product","3":"status-publish","4":"has-post-thumbnail","6":"product_brand-el-gran-cardenal","7":"product_cat-ser-i-kielbasa","8":"product_cat-utwardzanie","9":"product_cat-zimno","10":"product_shipping_class-wysylka-na-zimno","12":"first","13":"instock","14":"taxable","15":"shipping-taxable","16":"purchasable","17":"product-type-variable"},"_links":{"self":[{"href":"https:\/\/myspainfood.com\/pl\/wp-json\/wp\/v2\/product\/38635","targetHints":{"allow":["GET"]}}],"collection":[{"href":"https:\/\/myspainfood.com\/pl\/wp-json\/wp\/v2\/product"}],"about":[{"href":"https:\/\/myspainfood.com\/pl\/wp-json\/wp\/v2\/types\/product"}],"wp:featuredmedia":[{"embeddable":true,"href":"https:\/\/myspainfood.com\/pl\/wp-json\/wp\/v2\/media\/11740"}],"wp:attachment":[{"href":"https:\/\/myspainfood.com\/pl\/wp-json\/wp\/v2\/media?parent=38635"}],"wp:term":[{"taxonomy":"product_brand","embeddable":true,"href":"https:\/\/myspainfood.com\/pl\/wp-json\/wp\/v2\/product_brand?post=38635"},{"taxonomy":"product_cat","embeddable":true,"href":"https:\/\/myspainfood.com\/pl\/wp-json\/wp\/v2\/product_cat?post=38635"},{"taxonomy":"product_tag","embeddable":true,"href":"https:\/\/myspainfood.com\/pl\/wp-json\/wp\/v2\/product_tag?post=38635"}],"curies":[{"name":"wp","href":"https:\/\/api.w.org\/{rel}","templated":true}]}}