{"id":38680,"date":"2025-04-10T12:09:16","date_gmt":"2025-04-10T10:09:16","guid":{"rendered":"https:\/\/myspainfood.com\/producto\/sardela-z-morza-kantabryjskiego-z-serii-platynowej-w-oliwie-z-oliwek\/"},"modified":"2025-06-24T13:39:27","modified_gmt":"2025-06-24T11:39:27","slug":"sardela-z-morza-kantabryjskiego-z-serii-platynowej-w-oliwie-z-oliwek","status":"publish","type":"product","link":"https:\/\/myspainfood.com\/pl\/producto\/sardela-z-morza-kantabryjskiego-z-serii-platynowej-w-oliwie-z-oliwek\/","title":{"rendered":"Sardela z Morza Kantabryjskiego z serii platynowej w oliwie z oliwek"},"content":{"rendered":"<p><a href=\"https:\/\/conservasarlequin.com\/serie-oro\/\" target=\"_blank\" rel=\"noopener noreferrer nofollow\">Arlequin<\/a> Platinum Series Anchovy w oliwie z oliwek to rzemie\u015blniczy produkt w puszkach.<\/p>\n<p><strong>E. A. N.:<\/strong> 8421993910985<\/p>\n<p><strong>Kod:<\/strong> 10010044<\/p>\n<p><strong>Waga netto: <\/strong>110g \/ 70g<\/p>\n<p><strong>Liczba filet\u00f3w\/liczba sztuk:<\/strong> 12<\/p>\n<p>Misj\u0105 Conservas <a href=\"https:\/\/latiendadesami.com\/marca\/arlequin\/\" target=\"_blank\" rel=\"noopener noreferrer nofollow\">Arlequ\u00edn<\/a> jest oferowanie doskona\u0142ego produktu, najlepszej obs\u0142ugi i szerokiej gamy konserw rybnych w najlepszej cenie.<\/p>\n<p>Specjalizuj\u0105 si\u0119 r\u00f3wnie\u017c w Anchovies, Anchoa Arlequin Serie Oro 00, Serie Platinum w oliwie z oliwek, Anchovies, Bonito, Yellowfin Tuna, Mussels, Mackerel i Sardines.<\/p>\n<p>Na przyk\u0142ad Comidista w gazecie El Pa\u00eds powiedzia\u0142 o ventresca: &#8222;Jest tak delikatny, prawie kremowy, \u017ce sprawia, \u017ce chcesz go po\u015blubi\u0107 i \u017cy\u0107 szcz\u0119\u015bliwie, dop\u00f3ki Pan ci\u0119 nie zabierze&#8221;.<\/p>\n<h4>G\u0142\u00f3wne zalety \u017cywno\u015bci w puszkach<\/h4>\n<ol>\n<li>Zachowuj\u0105 one wszystkie w\u0142a\u015bciwo\u015bci od\u017cywcze samej \u017cywno\u015bci. \u017bywno\u015b\u0107 zachowuje swoj\u0105 \u015bwie\u017co\u015b\u0107. <\/li>\n<li>Stosowana \u017cywno\u015b\u0107 jest zdrowa i dlatego nadaje si\u0119 do optymalnej diety ze wzgl\u0119du na wysok\u0105 zawarto\u015b\u0107 witamin i bia\u0142ka.<\/li>\n<li>Produkty te maj\u0105 d\u0142u\u017csz\u0105 \u017cywotno\u015b\u0107 (typowo 2-5 lat).<\/li>\n<li>Przetwory s\u0105 bardzo \u0142atwe w przechowywaniu, poniewa\u017c ich opakowanie jest \u0142atwe do na\u0142o\u017cenia.<\/li>\n<\/ol>\n<p>Je\u015bli chc\u0105 Pa\u0144stwo kupi\u0107 tu\u0144czyka lub jakikolwiek inny rodzaj <a href=\"https:\/\/latiendadesami.com\/categoria-producto\/conservas\/\" rel=\"noopener noreferrer nofollow\" target=\"_blank\">\u017cywno\u015bci w puszkach<\/a>, prosz\u0119 nie waha\u0107 si\u0119 i zajrze\u0107 do naszego katalogu online, aby zapozna\u0107 si\u0119 z szerok\u0105 gam\u0105 oferowanych przez nas <a href=\"https:\/\/latiendadesami.com\/categoria-producto\/conservas\/atun-y-bonito\/\" target=\"_blank\" rel=\"noopener noreferrer nofollow\">tu\u0144czyk\u00f3w<\/a>.<\/p>\n<p>Prosz\u0119 napisa\u0107 do nas, aby uzyska\u0107 wi\u0119cej informacji.<\/p>\n","protected":false},"excerpt":{"rendered":"<p>Arlequin Platinum Series Anchovy w oliwie z oliwek to rzemie\u015blniczy produkt w puszkach. E. A. N.: 8421993910985 Kod: 10010044 Waga netto: 110g \/ 70g Liczba filet\u00f3w\/liczba sztuk: 12 Misj\u0105 Conservas Arlequ\u00edn jest oferowanie doskona\u0142ego produktu, najlepszej obs\u0142ugi i szerokiej gamy konserw rybnych w najlepszej cenie. Specjalizuj\u0105 si\u0119 r\u00f3wnie\u017c w Anchovies, Anchoa Arlequin Serie Oro 00, [&hellip;]<\/p>\n","protected":false},"featured_media":11839,"template":"","meta":{"_et_pb_use_builder":"","_et_pb_old_content":"","_et_gb_content_width":""},"product_brand":[1162],"product_cat":[5179,1836],"product_tag":[8214],"class_list":{"0":"post-38680","1":"product","2":"type-product","3":"status-publish","4":"has-post-thumbnail","6":"product_brand-arlequin","7":"product_cat-sardele-pl-4","8":"product_cat-zimno","9":"product_tag-seria-platinum-pl","10":"product_shipping_class-wysylka-na-zimno","12":"first","13":"outofstock","14":"sale","15":"taxable","16":"shipping-taxable","17":"purchasable","18":"product-type-simple"},"_links":{"self":[{"href":"https:\/\/myspainfood.com\/pl\/wp-json\/wp\/v2\/product\/38680","targetHints":{"allow":["GET"]}}],"collection":[{"href":"https:\/\/myspainfood.com\/pl\/wp-json\/wp\/v2\/product"}],"about":[{"href":"https:\/\/myspainfood.com\/pl\/wp-json\/wp\/v2\/types\/product"}],"wp:featuredmedia":[{"embeddable":true,"href":"https:\/\/myspainfood.com\/pl\/wp-json\/wp\/v2\/media\/11839"}],"wp:attachment":[{"href":"https:\/\/myspainfood.com\/pl\/wp-json\/wp\/v2\/media?parent=38680"}],"wp:term":[{"taxonomy":"product_brand","embeddable":true,"href":"https:\/\/myspainfood.com\/pl\/wp-json\/wp\/v2\/product_brand?post=38680"},{"taxonomy":"product_cat","embeddable":true,"href":"https:\/\/myspainfood.com\/pl\/wp-json\/wp\/v2\/product_cat?post=38680"},{"taxonomy":"product_tag","embeddable":true,"href":"https:\/\/myspainfood.com\/pl\/wp-json\/wp\/v2\/product_tag?post=38680"}],"curies":[{"name":"wp","href":"https:\/\/api.w.org\/{rel}","templated":true}]}}