{"id":39004,"date":"2025-04-10T12:09:43","date_gmt":"2025-04-10T10:09:43","guid":{"rendered":"https:\/\/myspainfood.com\/producto\/el-gran-cardenal-ser-poltwardy-san-isidro\/"},"modified":"2025-07-28T13:04:54","modified_gmt":"2025-07-28T11:04:54","slug":"el-gran-cardenal-ser-poltwardy-san-isidro","status":"publish","type":"product","link":"https:\/\/myspainfood.com\/pl\/producto\/el-gran-cardenal-ser-poltwardy-san-isidro\/","title":{"rendered":"El Gran Cardenal Ser p\u00f3\u0142twardy San Isidro"},"content":{"rendered":"<p>Naj\u0142agodniejszy z ser\u00f3w, ze wzgl\u0119du na wy\u017csz\u0105 zawarto\u015b\u0107 mleka krowiego i minimum 10% mleka owczego.<\/p>\n<p>Wyst\u0119puje w dw\u00f3ch rodzajach w zale\u017cno\u015bci od sposobu dojrzewania, p\u00f3\u0142surowy (od 2 do 4 miesi\u0119cy dojrzewania) i dojrzewaj\u0105cy (od 4 do 6 miesi\u0119cy dojrzewania).<\/p>\n","protected":false},"excerpt":{"rendered":"<p>Naj\u0142agodniejszy z ser\u00f3w, ze wzgl\u0119du na wy\u017csz\u0105 zawarto\u015b\u0107 mleka krowiego i minimum 10% mleka owczego. Wyst\u0119puje w dw\u00f3ch rodzajach w zale\u017cno\u015bci od sposobu dojrzewania, p\u00f3\u0142surowy (od 2 do 4 miesi\u0119cy dojrzewania) i dojrzewaj\u0105cy (od 4 do 6 miesi\u0119cy dojrzewania).<\/p>\n","protected":false},"featured_media":12091,"template":"","meta":{"_et_pb_use_builder":"","_et_pb_old_content":"","_et_gb_content_width":""},"product_brand":[1319],"product_cat":[2245,2722,1836],"product_tag":[],"class_list":{"0":"post-39004","1":"product","2":"type-product","3":"status-publish","4":"has-post-thumbnail","6":"product_brand-el-gran-cardenal","7":"product_cat-ser-i-kielbasa","8":"product_cat-utwardzanie","9":"product_cat-zimno","10":"product_shipping_class-wysylka-na-zimno","12":"first","13":"outofstock","14":"taxable","15":"shipping-taxable","16":"product-type-variable"},"_links":{"self":[{"href":"https:\/\/myspainfood.com\/pl\/wp-json\/wp\/v2\/product\/39004","targetHints":{"allow":["GET"]}}],"collection":[{"href":"https:\/\/myspainfood.com\/pl\/wp-json\/wp\/v2\/product"}],"about":[{"href":"https:\/\/myspainfood.com\/pl\/wp-json\/wp\/v2\/types\/product"}],"wp:featuredmedia":[{"embeddable":true,"href":"https:\/\/myspainfood.com\/pl\/wp-json\/wp\/v2\/media\/12091"}],"wp:attachment":[{"href":"https:\/\/myspainfood.com\/pl\/wp-json\/wp\/v2\/media?parent=39004"}],"wp:term":[{"taxonomy":"product_brand","embeddable":true,"href":"https:\/\/myspainfood.com\/pl\/wp-json\/wp\/v2\/product_brand?post=39004"},{"taxonomy":"product_cat","embeddable":true,"href":"https:\/\/myspainfood.com\/pl\/wp-json\/wp\/v2\/product_cat?post=39004"},{"taxonomy":"product_tag","embeddable":true,"href":"https:\/\/myspainfood.com\/pl\/wp-json\/wp\/v2\/product_tag?post=39004"}],"curies":[{"name":"wp","href":"https:\/\/api.w.org\/{rel}","templated":true}]}}