{"id":39176,"date":"2025-04-10T12:09:23","date_gmt":"2025-04-10T10:09:23","guid":{"rendered":"https:\/\/myspainfood.com\/producto\/mini-gwiazdki-serowe-130-sztuk\/"},"modified":"2025-06-24T13:42:15","modified_gmt":"2025-06-24T11:42:15","slug":"mini-gwiazdki-serowe-130-sztuk","status":"publish","type":"product","link":"https:\/\/myspainfood.com\/pl\/producto\/mini-gwiazdki-serowe-130-sztuk\/","title":{"rendered":"Mini gwiazdki serowe 130 sztuk"},"content":{"rendered":"<p>Oliwa (85% s\u0142onecznikowa, 15% oliwkowa), oliwki nadziewane anchois, filet z anchois, ser p\u00f3\u0142t\u0142usty i czerwona papryka.<\/p>\n","protected":false},"excerpt":{"rendered":"<p>Oliwa (85% s\u0142onecznikowa, 15% oliwkowa), oliwki nadziewane anchois, filet z anchois, ser p\u00f3\u0142t\u0142usty i czerwona papryka.<\/p>\n","protected":false},"featured_media":11947,"template":"","meta":{"_et_pb_use_builder":"","_et_pb_old_content":"","_et_gb_content_width":""},"product_brand":[1277],"product_cat":[1567,1566,1840,1838,2245,1836],"product_tag":[],"class_list":{"0":"post-39176","1":"product","2":"type-product","3":"status-publish","4":"has-post-thumbnail","6":"product_brand-bokeo","7":"product_cat-oliwki","8":"product_cat-pikle","9":"product_cat-pintxos-pl","10":"product_cat-sardele-pl","11":"product_cat-ser-i-kielbasa","12":"product_cat-zimno","13":"product_shipping_class-wysylka-na-zimno","15":"first","16":"outofstock","17":"taxable","18":"shipping-taxable","19":"purchasable","20":"product-type-simple"},"_links":{"self":[{"href":"https:\/\/myspainfood.com\/pl\/wp-json\/wp\/v2\/product\/39176","targetHints":{"allow":["GET"]}}],"collection":[{"href":"https:\/\/myspainfood.com\/pl\/wp-json\/wp\/v2\/product"}],"about":[{"href":"https:\/\/myspainfood.com\/pl\/wp-json\/wp\/v2\/types\/product"}],"wp:featuredmedia":[{"embeddable":true,"href":"https:\/\/myspainfood.com\/pl\/wp-json\/wp\/v2\/media\/11947"}],"wp:attachment":[{"href":"https:\/\/myspainfood.com\/pl\/wp-json\/wp\/v2\/media?parent=39176"}],"wp:term":[{"taxonomy":"product_brand","embeddable":true,"href":"https:\/\/myspainfood.com\/pl\/wp-json\/wp\/v2\/product_brand?post=39176"},{"taxonomy":"product_cat","embeddable":true,"href":"https:\/\/myspainfood.com\/pl\/wp-json\/wp\/v2\/product_cat?post=39176"},{"taxonomy":"product_tag","embeddable":true,"href":"https:\/\/myspainfood.com\/pl\/wp-json\/wp\/v2\/product_tag?post=39176"}],"curies":[{"name":"wp","href":"https:\/\/api.w.org\/{rel}","templated":true}]}}