{"id":39185,"date":"2025-04-10T12:09:21","date_gmt":"2025-04-10T10:09:21","guid":{"rendered":"https:\/\/myspainfood.com\/producto\/240-szt-oti-marynowane-malze-7-10-sztuk\/"},"modified":"2025-04-10T12:09:21","modified_gmt":"2025-04-10T10:09:21","slug":"240-szt-oti-marynowane-malze-7-10-sztuk","status":"publish","type":"product","link":"https:\/\/myspainfood.com\/pl\/producto\/240-szt-oti-marynowane-malze-7-10-sztuk\/","title":{"rendered":"240 szt. Oti marynowane ma\u0142\u017ce 7\/10 sztuk"},"content":{"rendered":"<p>10 pude\u0142ek po 24 sztuki - 240 sztuk po 5,98 euro za sztuk\u0119<\/p>\n<p>Oti Mussels 7\/10 sztuk to naturalny produkt opracowany w <a href=\"http:\/\/www.conservasoti.es\/paginas\/historia.html\" target=\"_blank\" rel=\"noopener noreferrer nofollow\">tradycyjny<\/a> spos\u00f3b.<\/p>\n<p>Conservas Oti to firma z rodzinn\u0105 tradycj\u0105, kt\u00f3rej dobra praca jest przekazywana z pokolenia na pokolenie.<\/p>\n<p>Ci\u0119\u017cka praca i wysi\u0142ek rodziny w du\u017cej mierze umo\u017cliwi\u0142y <span class=\"negrita\">Conservas Oti<\/span> rozw\u00f3j i ekspansj\u0119.<\/p>\n<p>G\u0142\u00f3wne obszary dzia\u0142alno\u015bci to From the Sea, From the Land i From the Farm.<\/p>\n<p>Z morza: Ma\u0142\u017ce, Ventresca, Sardinillas, Melva&#8230; Oti Mussel 7\/10 sztuk <\/p>\n<p>Lokalne produkty obejmuj\u0105: ciecierzyc\u0119 mleczn\u0105, bia\u0142\u0105 fasol\u0119 Kidney, fasol\u0119 Pinto, soczewic\u0119 Pardina&#8230;<\/p>\n<p>Z gospodarstwa: Czysty ser owczy, Szynka Ib\u00e9rico z \u017co\u0142\u0119dzi, Salchich\u00f3n Ib\u00e9rico z \u017co\u0142\u0119dzi, Chorizo Ib\u00e9rico z \u017co\u0142\u0119dzi,&#8230;<\/p>\n<h4>G\u0142\u00f3wne zalety \u017cywno\u015bci w puszkach<\/h4>\n<ol>\n<li>Zachowuj\u0105 one wszystkie w\u0142a\u015bciwo\u015bci od\u017cywcze samej \u017cywno\u015bci. \u017bywno\u015b\u0107 zachowuje swoj\u0105 \u015bwie\u017co\u015b\u0107. <\/li>\n<li>Stosowana \u017cywno\u015b\u0107 jest zdrowa i dlatego nadaje si\u0119 do optymalnej diety ze wzgl\u0119du na wysok\u0105 zawarto\u015b\u0107 witamin i bia\u0142ka.<\/li>\n<li>Produkty te maj\u0105 d\u0142u\u017csz\u0105 \u017cywotno\u015b\u0107 (typowo 2-5 lat).<\/li>\n<li>Przetwory s\u0105 bardzo \u0142atwe w przechowywaniu, poniewa\u017c ich opakowanie jest \u0142atwe do na\u0142o\u017cenia.<\/li>\n<\/ol>\n<p>Je\u015bli chc\u0105 Pa\u0144stwo kupi\u0107 tu\u0144czyka lub jakikolwiek inny rodzaj <a href=\"https:\/\/latiendadesami.com\/categoria-producto\/conservas\/\" rel=\"noopener noreferrer nofollow\" target=\"_blank\">\u017cywno\u015bci w puszkach<\/a>, prosz\u0119 nie waha\u0107 si\u0119 i zajrze\u0107 do naszego katalogu online, aby zapozna\u0107 si\u0119 z szerok\u0105 gam\u0105 oferowanych przez nas <a href=\"https:\/\/latiendadesami.com\/categoria-producto\/conservas\/atun-y-bonito\/\" target=\"_blank\" rel=\"noopener noreferrer nofollow\">tu\u0144czyk\u00f3w<\/a>.<\/p>\n<p>Prosz\u0119 napisa\u0107 do nas, aby uzyska\u0107 wi\u0119cej informacji.<\/p>\n","protected":false},"excerpt":{"rendered":"<p>10 pude\u0142ek po 24 sztuki - 240 sztuk po 5,98 euro za sztuk\u0119 Oti Mussels 7\/10 sztuk to naturalny produkt opracowany w tradycyjny spos\u00f3b. Conservas Oti to firma z rodzinn\u0105 tradycj\u0105, kt\u00f3rej dobra praca jest przekazywana z pokolenia na pokolenie. Ci\u0119\u017cka praca i wysi\u0142ek rodziny w du\u017cej mierze umo\u017cliwi\u0142y Conservas Oti rozw\u00f3j i ekspansj\u0119. G\u0142\u00f3wne [&hellip;]<\/p>\n","protected":false},"featured_media":7942,"template":"","meta":{"_et_pb_use_builder":"","_et_pb_old_content":"","_et_gb_content_width":""},"product_brand":[1075],"product_cat":[1969,4063,2921],"product_tag":[],"class_list":{"0":"post-39185","1":"product","2":"type-product","3":"status-publish","4":"has-post-thumbnail","6":"product_brand-oti","7":"product_cat-konserwy","8":"product_cat-malze-pl-2","9":"product_cat-sprzedaz-hurtowa","11":"first","12":"outofstock","13":"taxable","14":"shipping-taxable","15":"purchasable","16":"product-type-simple"},"_links":{"self":[{"href":"https:\/\/myspainfood.com\/pl\/wp-json\/wp\/v2\/product\/39185","targetHints":{"allow":["GET"]}}],"collection":[{"href":"https:\/\/myspainfood.com\/pl\/wp-json\/wp\/v2\/product"}],"about":[{"href":"https:\/\/myspainfood.com\/pl\/wp-json\/wp\/v2\/types\/product"}],"wp:featuredmedia":[{"embeddable":true,"href":"https:\/\/myspainfood.com\/pl\/wp-json\/wp\/v2\/media\/7942"}],"wp:attachment":[{"href":"https:\/\/myspainfood.com\/pl\/wp-json\/wp\/v2\/media?parent=39185"}],"wp:term":[{"taxonomy":"product_brand","embeddable":true,"href":"https:\/\/myspainfood.com\/pl\/wp-json\/wp\/v2\/product_brand?post=39185"},{"taxonomy":"product_cat","embeddable":true,"href":"https:\/\/myspainfood.com\/pl\/wp-json\/wp\/v2\/product_cat?post=39185"},{"taxonomy":"product_tag","embeddable":true,"href":"https:\/\/myspainfood.com\/pl\/wp-json\/wp\/v2\/product_tag?post=39185"}],"curies":[{"name":"wp","href":"https:\/\/api.w.org\/{rel}","templated":true}]}}